{"id":775731,"date":"2025-09-13T18:00:50","date_gmt":"2025-09-13T15:00:50","guid":{"rendered":"https:\/\/roveyayinevi.com.tr\/index.php\/urun\/avcunuzdaki-kelebek-hayat-defteri\/"},"modified":"2026-04-16T02:43:59","modified_gmt":"2026-04-15T23:43:59","slug":"avcunuzdaki-kelebek-hayat-defteri","status":"publish","type":"product","link":"https:\/\/roveyayinevi.com.tr\/index.php\/urun\/avcunuzdaki-kelebek-hayat-defteri\/","title":{"rendered":"Avcunuzdaki Kelebek Hayat Defteri"},"content":{"rendered":"<p>Hayalleriniz, hedefleriniz, gelecek planlar\u0131n\u0131z neler? E\u011fer hen\u00fcz bir plan\u0131n\u0131z yoksa bu defter sizi gelece\u011finiz konusunda motive edecek ve harekete ge\u00e7irecek. Ahmet \u015eerif \u0130zg\u00f6ren\u2019in kitaplar\u0131ndan tad\u0131ml\u0131k c\u00fcmlelerin yer ald\u0131\u011f\u0131, Vizgo Akademiden mikro e\u011fitimlerin bulundu\u011fu Avcunuzdaki Kelebek Hayat Defteri raflardaki yerini ald\u0131. Yeni bir ba\u015flang\u0131\u00e7 yapmak isteyenler, defter aray\u0131\u015f\u0131nda olanlar, yazmay\u0131 ya da planlama yapmay\u0131 sevenler i\u00e7in\u2026  <\/p>\n","protected":false},"excerpt":{"rendered":"<p>Hayalleriniz, hedefleriniz, gelecek planlar\u0131n\u0131z neler? E\u011fer hen\u00fcz bir plan\u0131n\u0131z yoksa bu defter sizi gelece\u011finiz konusunda motive edecek ve harekete ge\u00e7irecek. Ahmet \u015eerif \u0130zg\u00f6ren\u2019in kitaplar\u0131ndan tad\u0131ml\u0131k c\u00fcmlelerin<span class=\"excerpt-hellip\"> [\u2026]<\/span><\/p>\n","protected":false},"featured_media":0,"template":"","meta":{"_monsterinsights_skip_tracking":false,"_monsterinsights_sitenote_active":false,"_monsterinsights_sitenote_note":"","_monsterinsights_sitenote_category":0},"product_brand":[],"product_cat":[28265,15563],"product_tag":[],"class_list":{"0":"post-775731","1":"product","2":"type-product","3":"status-publish","5":"product_cat-diger-hobi","6":"product_cat-hobi","7":"pa_cilt-ciltsiz","8":"pa_tur-kitap20","9":"pa_yayinevi-elma-yayinevi","10":"pa_yazar-ahmet-serif-izgoren","12":"first","13":"instock","14":"sale","15":"shipping-taxable","16":"purchasable","17":"product-type-simple"},"_links":{"self":[{"href":"https:\/\/roveyayinevi.com.tr\/index.php\/wp-json\/wp\/v2\/product\/775731","targetHints":{"allow":["GET"]}}],"collection":[{"href":"https:\/\/roveyayinevi.com.tr\/index.php\/wp-json\/wp\/v2\/product"}],"about":[{"href":"https:\/\/roveyayinevi.com.tr\/index.php\/wp-json\/wp\/v2\/types\/product"}],"wp:attachment":[{"href":"https:\/\/roveyayinevi.com.tr\/index.php\/wp-json\/wp\/v2\/media?parent=775731"}],"wp:term":[{"taxonomy":"product_brand","embeddable":true,"href":"https:\/\/roveyayinevi.com.tr\/index.php\/wp-json\/wp\/v2\/product_brand?post=775731"},{"taxonomy":"product_cat","embeddable":true,"href":"https:\/\/roveyayinevi.com.tr\/index.php\/wp-json\/wp\/v2\/product_cat?post=775731"},{"taxonomy":"product_tag","embeddable":true,"href":"https:\/\/roveyayinevi.com.tr\/index.php\/wp-json\/wp\/v2\/product_tag?post=775731"}],"curies":[{"name":"wp","href":"https:\/\/api.w.org\/{rel}","templated":true}]}}