{"id":775730,"date":"2025-09-13T17:43:27","date_gmt":"2025-09-13T14:43:27","guid":{"rendered":"https:\/\/roveyayinevi.com.tr\/index.php\/urun\/benim-evim-neresi\/"},"modified":"2026-04-16T02:40:49","modified_gmt":"2026-04-15T23:40:49","slug":"benim-evim-neresi","status":"publish","type":"product","link":"https:\/\/roveyayinevi.com.tr\/index.php\/urun\/benim-evim-neresi\/","title":{"rendered":"Benim Evim Neresi"},"content":{"rendered":"<p>\u201cEvinde yaln\u0131z b\u0131rak\u0131lm\u0131\u015f \u00e7ocuklar i\u00e7in bu d\u00fcnya ev de\u011fil. \u0130\u00e7ine do\u011fdu\u011fumuz her ev evimiz de\u011fil.\u201d Benim \u00e7ocuklu\u011fumdaki evim camdand\u0131. K\u0131rar k\u0131rar tekrar yap\u0131\u015ft\u0131r\u0131rd\u0131k. Ka\u00e7 kere d\u00f6k\u00fcld\u00fc \u00fcst\u00fcm\u00fcze o ev biliyor musun? Ka\u00e7 kere yaraland\u0131k odalar\u0131m\u0131za girmeye \u00e7al\u0131\u015f\u0131rken. Bu kadar \u00e7ok yara ald\u0131\u011f\u0131m\u0131z\u0131 belli etmedik el \u00e2leme tabii. Can\u0131m\u0131z kesildi ev i\u00e7inde kald\u0131. Kol k\u0131r\u0131ld\u0131 yen i\u00e7inde kald\u0131. Babam k\u0131r\u0131lan camlardan odama ayna yapt\u0131. Bakard\u0131m. Nerde k\u0131r\u0131l\u0131p nerde birle\u015fti\u011fimi izlerdim. Par\u00e7a par\u00e7ayd\u0131m. Y\u00fcz\u00fcm\u00fc tam g\u00f6remedi\u011fim i\u00e7in hep eksik hat\u0131rl\u0131yorum \u00e7ocuklu\u011fumu. Annem d\u00f6k\u00fclen par\u00e7alardan kendine kolye yapt\u0131. Batard\u0131. Elimi uzatmaya kalkt\u0131\u011f\u0131mda can\u0131m yanard\u0131. Onun yan\u0131na yakla\u015famad\u0131\u011f\u0131m i\u00e7in tam an\u0131msam\u0131yorum anne kokusunu. O par\u00e7alanm\u0131\u015f eve evim diyemedi\u011fim i\u00e7in bilemiyorum evimin neresi oldu\u011funu. Evimi bulam\u0131yorum. Kendimi bildim bileli aray\u0131p duruyorum. Hi\u00e7bir sorgulamamda cevaba ula\u015fam\u0131yorum. Sanki yersiz ve yurtsuzum. Hat\u0131rlad\u0131\u011f\u0131m ilk an\u0131lar\u0131mda bile aidiyetsizim. D\u00fcnyan\u0131n neresine gitsem adressizim. Hangi \u00e7at\u0131n\u0131n alt\u0131na s\u0131\u011f\u0131nsam yine evsizim. Koca d\u00fcnyada kendime bir s\u0131\u011f\u0131nak bulam\u0131yorum. Yerlere g\u00f6klere s\u0131\u011fam\u0131yorum. Benim evim neresi? <\/p>\n","protected":false},"excerpt":{"rendered":"<p>\u201cEvinde yaln\u0131z b\u0131rak\u0131lm\u0131\u015f \u00e7ocuklar i\u00e7in bu d\u00fcnya ev de\u011fil. \u0130\u00e7ine do\u011fdu\u011fumuz her ev evimiz de\u011fil.\u201d Benim \u00e7ocuklu\u011fumdaki evim camdand\u0131. K\u0131rar k\u0131rar tekrar yap\u0131\u015ft\u0131r\u0131rd\u0131k. Ka\u00e7 kere d\u00f6k\u00fcld\u00fc<span class=\"excerpt-hellip\"> [\u2026]<\/span><\/p>\n","protected":false},"featured_media":0,"template":"","meta":{"_monsterinsights_skip_tracking":false,"_monsterinsights_sitenote_active":false,"_monsterinsights_sitenote_note":"","_monsterinsights_sitenote_category":0},"product_brand":[],"product_cat":[12358,12357],"product_tag":[],"class_list":{"0":"post-775730","1":"product","2":"type-product","3":"status-publish","5":"product_cat-genel-psikoloji","6":"product_cat-psikoloji","7":"pa_cilt-ciltsiz","8":"pa_tur-kitap","9":"pa_yayinevi-destek-yayinlari","10":"pa_yazar-gokhan-cinar","12":"first","13":"instock","14":"sale","15":"shipping-taxable","16":"purchasable","17":"product-type-simple"},"_links":{"self":[{"href":"https:\/\/roveyayinevi.com.tr\/index.php\/wp-json\/wp\/v2\/product\/775730","targetHints":{"allow":["GET"]}}],"collection":[{"href":"https:\/\/roveyayinevi.com.tr\/index.php\/wp-json\/wp\/v2\/product"}],"about":[{"href":"https:\/\/roveyayinevi.com.tr\/index.php\/wp-json\/wp\/v2\/types\/product"}],"wp:attachment":[{"href":"https:\/\/roveyayinevi.com.tr\/index.php\/wp-json\/wp\/v2\/media?parent=775730"}],"wp:term":[{"taxonomy":"product_brand","embeddable":true,"href":"https:\/\/roveyayinevi.com.tr\/index.php\/wp-json\/wp\/v2\/product_brand?post=775730"},{"taxonomy":"product_cat","embeddable":true,"href":"https:\/\/roveyayinevi.com.tr\/index.php\/wp-json\/wp\/v2\/product_cat?post=775730"},{"taxonomy":"product_tag","embeddable":true,"href":"https:\/\/roveyayinevi.com.tr\/index.php\/wp-json\/wp\/v2\/product_tag?post=775730"}],"curies":[{"name":"wp","href":"https:\/\/api.w.org\/{rel}","templated":true}]}}