{"id":775729,"date":"2025-09-13T17:21:47","date_gmt":"2025-09-13T14:21:47","guid":{"rendered":"https:\/\/roveyayinevi.com.tr\/index.php\/urun\/rime-siirler\/"},"modified":"2026-04-16T02:37:32","modified_gmt":"2026-04-15T23:37:32","slug":"rime-siirler","status":"publish","type":"product","link":"https:\/\/roveyayinevi.com.tr\/index.php\/urun\/rime-siirler\/","title":{"rendered":"Rime \u015eiirler"},"content":{"rendered":"<p>Dante\u2019nin (1265 \u2013 1321) Yeni Hayat ve \u015e\u00f6len\u2019de yer alan \u015fiirler d\u0131\u015f\u0131nda \u0130talyanca yazm\u0131\u015f oldu\u011fu t\u00fcm \u015fiirleri i\u00e7eren Rime, Dante\u2019yi \u0130lahi Komedya\u2019daki ustal\u0131\u011fa ta\u015f\u0131yan s\u00fcreci g\u00f6stermesi bak\u0131m\u0131ndan oldu\u011fu kadar, kitaptaki t\u00fcm \u015fiirlerin \u201cA\u015fk\u201d\u0131 tart\u0131\u015fmaya-anlamaya-anlatmaya adanm\u0131\u015f olmas\u0131yla da Dante \u015fiirinde ayr\u0131cal\u0131kl\u0131 bir yere sahip. \u015eiirin temel i\u015flevini \u201czevk verme\u201d ve buna ba\u011fl\u0131 olarak \u015fairin temel g\u00f6revini \u201cg\u00fczel s\u00f6zel nesneler yaratma\u201d olarak anlayan bir \u015fairin bu u\u011furda vard\u0131\u011f\u0131 ustal\u0131\u011f\u0131 \u201cA\u015fk\u201d izle\u011finde \u0131srarl\u0131 bir yolculuk olarak \u00f6rnekleyen Rime; \u201cA\u015fk\u201d\u0131 tanr\u0131sal d\u00fczeyde ki\u015file\u015ftirmesiyle ayn\u0131 zamanda insan\u0131n ula\u015fabilece\u011fi \u201cg\u00fczellik\u201d ve \u201czevk\u201d doruklar\u0131n\u0131 da g\u00f6steriyor.<\/p>\n","protected":false},"excerpt":{"rendered":"<p>Dante\u2019nin (1265 \u2013 1321) Yeni Hayat ve \u015e\u00f6len\u2019de yer alan \u015fiirler d\u0131\u015f\u0131nda \u0130talyanca yazm\u0131\u015f oldu\u011fu t\u00fcm \u015fiirleri i\u00e7eren Rime, Dante\u2019yi \u0130lahi Komedya\u2019daki ustal\u0131\u011fa ta\u015f\u0131yan s\u00fcreci g\u00f6stermesi<span class=\"excerpt-hellip\"> [\u2026]<\/span><\/p>\n","protected":false},"featured_media":0,"template":"","meta":{"_monsterinsights_skip_tracking":false,"_monsterinsights_sitenote_active":false,"_monsterinsights_sitenote_note":"","_monsterinsights_sitenote_category":0},"product_brand":[],"product_cat":[12291,12509],"product_tag":[],"class_list":{"0":"post-775729","1":"product","2":"type-product","3":"status-publish","5":"product_cat-edebiyat","6":"product_cat-siir","7":"pa_cilt-ciltli","8":"pa_tur-kitap","9":"pa_yayinevi-yapi-kredi-yayinlari","10":"pa_yazar-dante-alighieri","12":"first","13":"instock","14":"sale","15":"shipping-taxable","16":"purchasable","17":"product-type-simple"},"_links":{"self":[{"href":"https:\/\/roveyayinevi.com.tr\/index.php\/wp-json\/wp\/v2\/product\/775729","targetHints":{"allow":["GET"]}}],"collection":[{"href":"https:\/\/roveyayinevi.com.tr\/index.php\/wp-json\/wp\/v2\/product"}],"about":[{"href":"https:\/\/roveyayinevi.com.tr\/index.php\/wp-json\/wp\/v2\/types\/product"}],"wp:attachment":[{"href":"https:\/\/roveyayinevi.com.tr\/index.php\/wp-json\/wp\/v2\/media?parent=775729"}],"wp:term":[{"taxonomy":"product_brand","embeddable":true,"href":"https:\/\/roveyayinevi.com.tr\/index.php\/wp-json\/wp\/v2\/product_brand?post=775729"},{"taxonomy":"product_cat","embeddable":true,"href":"https:\/\/roveyayinevi.com.tr\/index.php\/wp-json\/wp\/v2\/product_cat?post=775729"},{"taxonomy":"product_tag","embeddable":true,"href":"https:\/\/roveyayinevi.com.tr\/index.php\/wp-json\/wp\/v2\/product_tag?post=775729"}],"curies":[{"name":"wp","href":"https:\/\/api.w.org\/{rel}","templated":true}]}}