{"id":775728,"date":"2025-09-13T17:04:40","date_gmt":"2025-09-13T14:04:40","guid":{"rendered":"https:\/\/roveyayinevi.com.tr\/index.php\/urun\/sisler-diyari\/"},"modified":"2026-04-16T02:34:55","modified_gmt":"2026-04-15T23:34:55","slug":"sisler-diyari","status":"publish","type":"product","link":"https:\/\/roveyayinevi.com.tr\/index.php\/urun\/sisler-diyari\/","title":{"rendered":"Sisler Diyar\u0131"},"content":{"rendered":"<p>\u201cS\u0131n\u0131rlar bizim kendimiz i\u00e7in sa\u011flad\u0131\u011f\u0131m\u0131z de\u011ferlere g\u00f6re de\u011fi\u015fir. K\u00f6t\u00fcl\u00fck bazen kazan\u0131yor gibi g\u00f6r\u00fcnebilir. Fakat iyilik eninde sonunda galip gelecektir. Ben hayattan bunu \u00f6\u011frendim.\u201d D\u00fcnyaca \u00fcnl\u00fc dedektif Sherlock Holmes\u2019un yarat\u0131c\u0131s\u0131 \u0130sko\u00e7 yazar Arthur Conan Doyle\u2019un \u00e7ok bilinmeyen ba\u015far\u0131l\u0131 bilim kurgu serisinin kahraman\u0131 Profes\u00f6r Challenger; zek\u00e2s\u0131 ve huysuzlu\u011fuyla tan\u0131nan, bilim d\u00fcnyas\u0131n\u0131n \u00f6nde gelen isimlerindendir. Ayk\u0131r\u0131 tav\u0131rlar\u0131 ve d\u00fc\u015f\u00fcnceleriyle d\u00fcnyay\u0131 aya\u011fa kald\u0131ran ve sarsan maceralar\u0131na yak\u0131n gazeteci dostu Malone sayesinde tan\u0131kl\u0131k ederiz. Sisler Diyar\u0131, rasyonel bir bilim insan\u0131 olan Profes\u00f6r Challenger\u2019\u0131n do\u011fa\u00fcst\u00fc g\u00fc\u00e7lerle imtihan\u0131n\u0131, bilim kurgunun mistik atmosfere a\u00e7\u0131lan y\u00f6n\u00fcn\u00fc g\u00f6zler \u00f6n\u00fcne seriyor. Malone ve Challenger\u2019\u0131n k\u0131z\u0131 ruh \u00e7a\u011f\u0131rma seanslar\u0131 d\u00fczenleyen bir grubun pe\u015fine d\u00fc\u015ferken, asl\u0131nda herkes ge\u00e7mi\u015fiyle y\u00fczle\u015fece\u011finden habersizdir. <\/p>\n","protected":false},"excerpt":{"rendered":"<p>\u201cS\u0131n\u0131rlar bizim kendimiz i\u00e7in sa\u011flad\u0131\u011f\u0131m\u0131z de\u011ferlere g\u00f6re de\u011fi\u015fir. K\u00f6t\u00fcl\u00fck bazen kazan\u0131yor gibi g\u00f6r\u00fcnebilir. Fakat iyilik eninde sonunda galip gelecektir. Ben hayattan bunu \u00f6\u011frendim.\u201d D\u00fcnyaca \u00fcnl\u00fc dedektif<span class=\"excerpt-hellip\"> [\u2026]<\/span><\/p>\n","protected":false},"featured_media":0,"template":"","meta":{"_monsterinsights_skip_tracking":false,"_monsterinsights_sitenote_active":false,"_monsterinsights_sitenote_note":"","_monsterinsights_sitenote_category":0},"product_brand":[],"product_cat":[12540,12291],"product_tag":[],"class_list":{"0":"post-775728","1":"product","2":"type-product","3":"status-publish","5":"product_cat-bilim-kurgu","6":"product_cat-edebiyat","7":"pa_cilt-ciltsiz","8":"pa_tur-kitap","9":"pa_yayinevi-ren-kitap","10":"pa_yazar-arthur-conan-doyle","12":"first","13":"instock","14":"sale","15":"shipping-taxable","16":"purchasable","17":"product-type-simple"},"_links":{"self":[{"href":"https:\/\/roveyayinevi.com.tr\/index.php\/wp-json\/wp\/v2\/product\/775728","targetHints":{"allow":["GET"]}}],"collection":[{"href":"https:\/\/roveyayinevi.com.tr\/index.php\/wp-json\/wp\/v2\/product"}],"about":[{"href":"https:\/\/roveyayinevi.com.tr\/index.php\/wp-json\/wp\/v2\/types\/product"}],"wp:attachment":[{"href":"https:\/\/roveyayinevi.com.tr\/index.php\/wp-json\/wp\/v2\/media?parent=775728"}],"wp:term":[{"taxonomy":"product_brand","embeddable":true,"href":"https:\/\/roveyayinevi.com.tr\/index.php\/wp-json\/wp\/v2\/product_brand?post=775728"},{"taxonomy":"product_cat","embeddable":true,"href":"https:\/\/roveyayinevi.com.tr\/index.php\/wp-json\/wp\/v2\/product_cat?post=775728"},{"taxonomy":"product_tag","embeddable":true,"href":"https:\/\/roveyayinevi.com.tr\/index.php\/wp-json\/wp\/v2\/product_tag?post=775728"}],"curies":[{"name":"wp","href":"https:\/\/api.w.org\/{rel}","templated":true}]}}