{"id":775726,"date":"2025-09-13T16:56:56","date_gmt":"2025-09-13T13:56:56","guid":{"rendered":"https:\/\/roveyayinevi.com.tr\/index.php\/urun\/nartlar-asetin-halk-destani\/"},"modified":"2026-04-16T02:33:58","modified_gmt":"2026-04-15T23:33:58","slug":"nartlar-asetin-halk-destani","status":"publish","type":"product","link":"https:\/\/roveyayinevi.com.tr\/index.php\/urun\/nartlar-asetin-halk-destani\/","title":{"rendered":"Nartlar &#8211;  Asetin Halk Destan\u0131"},"content":{"rendered":"<p>Kuzey Kafkasya halklar\u0131n\u0131n ortak \u00fcr\u00fcn\u00fc olan nart destan\u0131yla ilgili geni\u015f bir bilgiyi okuyucular\u0131m\u0131z \u00f6ns\u00f6z b\u00f6l\u00fcm\u00fcnde bulacaklard\u0131r. Ancak Nart destan\u0131n\u0131n Asetin varyasyonu olan bu kitapta ge\u00e7en olaylar\u0131n, mitolojik geleneklerin daha iyi anla\u015f\u0131labilmesi bak\u0131m\u0131ndan Oset tarihine k\u0131saca de\u011finmekte yarar var. Kafkas s\u0131rada\u011flar\u0131n\u0131n orta k\u0131sm\u0131n\u0131n her iki taraf\u0131nda ya\u015famakta olan Osetler, di\u011fer Kafkas halklar\u0131ndan farkl\u0131 olarak, Hint-Avrupa dil k\u00f6kenli halklar\u0131n \u0130rani koluna mensupturlar. Etnok\u00fclt\u00fcrel ve genetik bak\u0131mdan kendilerini \u0130skit ve Alanlar\u0131&#8217;\u0131n soyu olarak kabul ederler&#8230;<\/p>\n","protected":false},"excerpt":{"rendered":"<p>Kuzey Kafkasya halklar\u0131n\u0131n ortak \u00fcr\u00fcn\u00fc olan nart destan\u0131yla ilgili geni\u015f bir bilgiyi okuyucular\u0131m\u0131z \u00f6ns\u00f6z b\u00f6l\u00fcm\u00fcnde bulacaklard\u0131r. Ancak Nart destan\u0131n\u0131n Asetin varyasyonu olan bu kitapta ge\u00e7en olaylar\u0131n,<span class=\"excerpt-hellip\"> [\u2026]<\/span><\/p>\n","protected":false},"featured_media":0,"template":"","meta":{"_monsterinsights_skip_tracking":false,"_monsterinsights_sitenote_active":false,"_monsterinsights_sitenote_note":"","_monsterinsights_sitenote_category":0},"product_brand":[],"product_cat":[12291,12711],"product_tag":[],"class_list":{"0":"post-775726","1":"product","2":"type-product","3":"status-publish","5":"product_cat-edebiyat","6":"product_cat-roman-oyku","7":"pa_cilt-ciltsiz","8":"pa_tur-kitap","9":"pa_yayinevi-yapi-kredi-yayinlari","10":"pa_yazar-yapi-kredi-kolektif","12":"first","13":"instock","14":"sale","15":"shipping-taxable","16":"purchasable","17":"product-type-simple"},"_links":{"self":[{"href":"https:\/\/roveyayinevi.com.tr\/index.php\/wp-json\/wp\/v2\/product\/775726","targetHints":{"allow":["GET"]}}],"collection":[{"href":"https:\/\/roveyayinevi.com.tr\/index.php\/wp-json\/wp\/v2\/product"}],"about":[{"href":"https:\/\/roveyayinevi.com.tr\/index.php\/wp-json\/wp\/v2\/types\/product"}],"wp:attachment":[{"href":"https:\/\/roveyayinevi.com.tr\/index.php\/wp-json\/wp\/v2\/media?parent=775726"}],"wp:term":[{"taxonomy":"product_brand","embeddable":true,"href":"https:\/\/roveyayinevi.com.tr\/index.php\/wp-json\/wp\/v2\/product_brand?post=775726"},{"taxonomy":"product_cat","embeddable":true,"href":"https:\/\/roveyayinevi.com.tr\/index.php\/wp-json\/wp\/v2\/product_cat?post=775726"},{"taxonomy":"product_tag","embeddable":true,"href":"https:\/\/roveyayinevi.com.tr\/index.php\/wp-json\/wp\/v2\/product_tag?post=775726"}],"curies":[{"name":"wp","href":"https:\/\/api.w.org\/{rel}","templated":true}]}}