{"id":775724,"date":"2025-09-13T16:49:17","date_gmt":"2025-09-13T13:49:17","guid":{"rendered":"https:\/\/roveyayinevi.com.tr\/index.php\/urun\/dunyanin-cevresinde-yolculuk\/"},"modified":"2026-04-16T02:32:47","modified_gmt":"2026-04-15T23:32:47","slug":"dunyanin-cevresinde-yolculuk","status":"publish","type":"product","link":"https:\/\/roveyayinevi.com.tr\/index.php\/urun\/dunyanin-cevresinde-yolculuk\/","title":{"rendered":"D\u00fcnyan\u0131n \u00c7evresinde Yolculuk"},"content":{"rendered":"<p>Yolculuk edebiyat\u0131n\u0131n ba\u015fyap\u0131tlar\u0131dan say\u0131lan Bougainville&#8217;in 1766-1769 y\u0131llar\u0131 aras\u0131nda ger\u00e7ekle\u015ftirdi\u011fi yolculu\u011funun anlat\u0131s\u0131 ayn\u0131 zamanda s\u00f6m\u00fcrgecili\u011fin tarihi olarak da okunuyor.D\u00fcnyan\u0131n \u00c7evresinde Yolculuk, Louis-Antoine de Bougainville (1729-1811), XVIII. y\u00fczy\u0131lda Bat\u0131 Avrupa&#8217;da yery\u00fcz\u00fc bilgisinin ve bilimlerin geli\u015fimine katk\u0131da bulunan, Ayd\u0131nlanma \u00c7a\u011f\u0131&#8217;n\u0131n \u00e7ok y\u00f6nl\u00fc \u2013denizci, k\u00e2\u015fif, bilgin, filozof, asker, diplomat- isimlerinden biridir.Bougainville&#8217;in 1766-1769 y\u0131llar\u0131 aras\u0131nda ger\u00e7ekle\u015ftirdi\u011fi yolculu\u011funun anlat\u0131s\u0131, D\u00fcnyan\u0131n \u00c7evresinde Yolculuk, tarihsel ve edebi niteliklerinin yan\u0131s\u0131ra, XVIII. y\u00fczy\u0131lda denizdeki protokol kurallar\u0131, s\u00f6m\u00fcrge y\u00f6netimleri ve s\u00f6m\u00fcrge tarihi hakk\u0131nda \u00f6nemli bilgiler vermesi nedeniyle, yolculuk edebiyat\u0131n\u0131n ba\u015fyap\u0131tlar\u0131 aras\u0131ndad\u0131r.<\/p>\n","protected":false},"excerpt":{"rendered":"<p>Yolculuk edebiyat\u0131n\u0131n ba\u015fyap\u0131tlar\u0131dan say\u0131lan Bougainville&#8217;in 1766-1769 y\u0131llar\u0131 aras\u0131nda ger\u00e7ekle\u015ftirdi\u011fi yolculu\u011funun anlat\u0131s\u0131 ayn\u0131 zamanda s\u00f6m\u00fcrgecili\u011fin tarihi olarak da okunuyor.D\u00fcnyan\u0131n \u00c7evresinde Yolculuk, Louis-Antoine de Bougainville (1729-1811), XVIII. y\u00fczy\u0131lda<span class=\"excerpt-hellip\"> [\u2026]<\/span><\/p>\n","protected":false},"featured_media":0,"template":"","meta":{"_monsterinsights_skip_tracking":false,"_monsterinsights_sitenote_active":false,"_monsterinsights_sitenote_note":"","_monsterinsights_sitenote_category":0},"product_brand":[],"product_cat":[12291,13376],"product_tag":[],"class_list":{"0":"post-775724","1":"product","2":"type-product","3":"status-publish","5":"product_cat-edebiyat","6":"product_cat-fransiz-edebiyati","7":"pa_cilt-ciltsiz","8":"pa_tur-kitap","9":"pa_yayinevi-yapi-kredi-yayinlari","10":"pa_yazar-louis-antoine-de-bougainville","12":"first","13":"instock","14":"sale","15":"shipping-taxable","16":"purchasable","17":"product-type-simple"},"_links":{"self":[{"href":"https:\/\/roveyayinevi.com.tr\/index.php\/wp-json\/wp\/v2\/product\/775724","targetHints":{"allow":["GET"]}}],"collection":[{"href":"https:\/\/roveyayinevi.com.tr\/index.php\/wp-json\/wp\/v2\/product"}],"about":[{"href":"https:\/\/roveyayinevi.com.tr\/index.php\/wp-json\/wp\/v2\/types\/product"}],"wp:attachment":[{"href":"https:\/\/roveyayinevi.com.tr\/index.php\/wp-json\/wp\/v2\/media?parent=775724"}],"wp:term":[{"taxonomy":"product_brand","embeddable":true,"href":"https:\/\/roveyayinevi.com.tr\/index.php\/wp-json\/wp\/v2\/product_brand?post=775724"},{"taxonomy":"product_cat","embeddable":true,"href":"https:\/\/roveyayinevi.com.tr\/index.php\/wp-json\/wp\/v2\/product_cat?post=775724"},{"taxonomy":"product_tag","embeddable":true,"href":"https:\/\/roveyayinevi.com.tr\/index.php\/wp-json\/wp\/v2\/product_tag?post=775724"}],"curies":[{"name":"wp","href":"https:\/\/api.w.org\/{rel}","templated":true}]}}