{"id":775723,"date":"2025-09-13T16:19:25","date_gmt":"2025-09-13T13:19:25","guid":{"rendered":"https:\/\/roveyayinevi.com.tr\/index.php\/urun\/donusumler-1-15\/"},"modified":"2026-04-16T02:28:38","modified_gmt":"2026-04-15T23:28:38","slug":"donusumler-1-15","status":"publish","type":"product","link":"https:\/\/roveyayinevi.com.tr\/index.php\/urun\/donusumler-1-15\/","title":{"rendered":"D\u00f6n\u00fc\u015f\u00fcmler 1- 15"},"content":{"rendered":"<p>Destan t\u00fcr\u00fcne \u00f6zg\u00fc bir vezin olan heksametron ile yaz\u0131lan ve on be\u015f kitaptan olu\u015fan D\u00f6n\u00fc\u015f\u00fcmler, Ovidius\u2019un olgunluk d\u00f6neminin meyvelerinden biridir. Mitolojiyle i\u00e7 i\u00e7e ge\u00e7erek anlat\u0131lan \u00f6yk\u00fclerden olu\u015fan eserde Homeros, Hesiodos, antik Yunan tragedya yazarlar\u0131, \u0130skenderiyeli ve Romal\u0131 \u015fairler ve daha pek \u00e7ok yazar kaynak olarak kullan\u0131lm\u0131\u015ft\u0131r. M\u00fckemmel bir ustal\u0131kla kaleme al\u0131nan bu \u00f6yk\u00fcler, sanki ate\u015f tanr\u0131s\u0131 Vulcanus\u2019un yapt\u0131\u011f\u0131 g\u00f6r\u00fcnmez zincirlerle, yer ve zaman ba\u011flam\u0131nda birbirlerine ba\u011flanarak kesintisiz bir anlat\u0131mla ak\u0131p giderler. Ovidius\u2019un dostlar\u0131nda bulunan kopyalar sayesinde g\u00fcn\u00fcm\u00fcze kadar ula\u015fan eserin daima bir ba\u015fyap\u0131t olarak kalaca\u011f\u0131 ku\u015fkusuzdur. <\/p>\n","protected":false},"excerpt":{"rendered":"<p>Destan t\u00fcr\u00fcne \u00f6zg\u00fc bir vezin olan heksametron ile yaz\u0131lan ve on be\u015f kitaptan olu\u015fan D\u00f6n\u00fc\u015f\u00fcmler, Ovidius\u2019un olgunluk d\u00f6neminin meyvelerinden biridir. Mitolojiyle i\u00e7 i\u00e7e ge\u00e7erek anlat\u0131lan \u00f6yk\u00fclerden<span class=\"excerpt-hellip\"> [\u2026]<\/span><\/p>\n","protected":false},"featured_media":0,"template":"","meta":{"_monsterinsights_skip_tracking":false,"_monsterinsights_sitenote_active":false,"_monsterinsights_sitenote_note":"","_monsterinsights_sitenote_category":0},"product_brand":[],"product_cat":[12291,13872],"product_tag":[],"class_list":{"0":"post-775723","1":"product","2":"type-product","3":"status-publish","5":"product_cat-edebiyat","6":"product_cat-klasikler","7":"pa_cilt-ciltsiz","8":"pa_tur-kitap","9":"pa_yayinevi-yapi-kredi-yayinlari","10":"pa_yazar-publius-ovidius-naso","12":"first","13":"instock","14":"sale","15":"shipping-taxable","16":"purchasable","17":"product-type-simple"},"_links":{"self":[{"href":"https:\/\/roveyayinevi.com.tr\/index.php\/wp-json\/wp\/v2\/product\/775723","targetHints":{"allow":["GET"]}}],"collection":[{"href":"https:\/\/roveyayinevi.com.tr\/index.php\/wp-json\/wp\/v2\/product"}],"about":[{"href":"https:\/\/roveyayinevi.com.tr\/index.php\/wp-json\/wp\/v2\/types\/product"}],"wp:attachment":[{"href":"https:\/\/roveyayinevi.com.tr\/index.php\/wp-json\/wp\/v2\/media?parent=775723"}],"wp:term":[{"taxonomy":"product_brand","embeddable":true,"href":"https:\/\/roveyayinevi.com.tr\/index.php\/wp-json\/wp\/v2\/product_brand?post=775723"},{"taxonomy":"product_cat","embeddable":true,"href":"https:\/\/roveyayinevi.com.tr\/index.php\/wp-json\/wp\/v2\/product_cat?post=775723"},{"taxonomy":"product_tag","embeddable":true,"href":"https:\/\/roveyayinevi.com.tr\/index.php\/wp-json\/wp\/v2\/product_tag?post=775723"}],"curies":[{"name":"wp","href":"https:\/\/api.w.org\/{rel}","templated":true}]}}