{"id":775721,"date":"2025-09-13T14:15:32","date_gmt":"2025-09-13T11:15:32","guid":{"rendered":"https:\/\/roveyayinevi.com.tr\/index.php\/urun\/cile-4-necip-fazil-butun-eserleri\/"},"modified":"2025-09-15T10:11:12","modified_gmt":"2025-09-15T07:11:12","slug":"cile-4-necip-fazil-butun-eserleri","status":"publish","type":"product","link":"https:\/\/roveyayinevi.com.tr\/index.php\/urun\/cile-4-necip-fazil-butun-eserleri\/","title":{"rendered":"\u00c7ile : 4 &#8211; Necip Faz\u0131l B\u00fct\u00fcn Eserleri"},"content":{"rendered":"<p>Necip Faz\u0131l K\u0131sak\u00fcrek, insan ruhunun mistik-trajik dehlizlerinde cesurca dola\u015fm\u0131\u015f, kendi Poetika s\u0131n\u0131 yazm\u0131\u015f bir \u015fair olarak modern T\u00fcrk \u015fiirinin, fikir ve dava adam\u0131 kimli\u011fiyle de T\u00fcrk d\u00fc\u015f\u00fcnce hayat\u0131n\u0131n ba\u015f akt\u00f6rlerindendir. <\/p>\n","protected":false},"excerpt":{"rendered":"<p>Necip Faz\u0131l K\u0131sak\u00fcrek, insan ruhunun mistik-trajik dehlizlerinde cesurca dola\u015fm\u0131\u015f, kendi Poetika s\u0131n\u0131 yazm\u0131\u015f bir \u015fair olarak modern T\u00fcrk \u015fiirinin, fikir ve dava adam\u0131 kimli\u011fiyle de T\u00fcrk<span class=\"excerpt-hellip\"> [\u2026]<\/span><\/p>\n","protected":false},"featured_media":0,"template":"","meta":{"_monsterinsights_skip_tracking":false,"_monsterinsights_sitenote_active":false,"_monsterinsights_sitenote_note":"","_monsterinsights_sitenote_category":0},"product_brand":[],"product_cat":[12291,12509],"product_tag":[],"class_list":{"0":"post-775721","1":"product","2":"type-product","3":"status-publish","5":"product_cat-edebiyat","6":"product_cat-siir","7":"pa_cilt-ciltsiz","8":"pa_tur-kitap","9":"pa_yayinevi-buyuk-dogu-yayinlari","10":"pa_yazar-necip-fazil-kisakurek","12":"first","13":"instock","14":"sale","15":"shipping-taxable","16":"purchasable","17":"product-type-simple"},"_links":{"self":[{"href":"https:\/\/roveyayinevi.com.tr\/index.php\/wp-json\/wp\/v2\/product\/775721","targetHints":{"allow":["GET"]}}],"collection":[{"href":"https:\/\/roveyayinevi.com.tr\/index.php\/wp-json\/wp\/v2\/product"}],"about":[{"href":"https:\/\/roveyayinevi.com.tr\/index.php\/wp-json\/wp\/v2\/types\/product"}],"wp:attachment":[{"href":"https:\/\/roveyayinevi.com.tr\/index.php\/wp-json\/wp\/v2\/media?parent=775721"}],"wp:term":[{"taxonomy":"product_brand","embeddable":true,"href":"https:\/\/roveyayinevi.com.tr\/index.php\/wp-json\/wp\/v2\/product_brand?post=775721"},{"taxonomy":"product_cat","embeddable":true,"href":"https:\/\/roveyayinevi.com.tr\/index.php\/wp-json\/wp\/v2\/product_cat?post=775721"},{"taxonomy":"product_tag","embeddable":true,"href":"https:\/\/roveyayinevi.com.tr\/index.php\/wp-json\/wp\/v2\/product_tag?post=775721"}],"curies":[{"name":"wp","href":"https:\/\/api.w.org\/{rel}","templated":true}]}}