{"id":775717,"date":"2025-09-12T18:51:46","date_gmt":"2025-09-12T15:51:46","guid":{"rendered":"https:\/\/roveyayinevi.com.tr\/index.php\/urun\/2026-ataturk-gemici-duvar-takvimi-imza\/"},"modified":"2025-09-29T07:27:03","modified_gmt":"2025-09-29T04:27:03","slug":"2026-ataturk-gemici-duvar-takvimi-imza","status":"publish","type":"product","link":"https:\/\/roveyayinevi.com.tr\/index.php\/urun\/2026-ataturk-gemici-duvar-takvimi-imza\/","title":{"rendered":"2026 Atat\u00fcrk Gemici Duvar Takvimi &#8211; \u0130mza"},"content":{"rendered":"<p>2026 Atat\u00fcrk Gemici Duvar Takvimi &#8211; \u0130mza3 Par\u00e7a Spiralli 2026 Atat\u00fcrk Gemici Duvar Takvimi\u2022 \u00dcr\u00fcn Ebad\u0131: 27,5&#215;65 cm\u2022 Blok Ebad\u0131: 27,5&#215;13,5 cm\u2022 \u00dcst Karton Ebad\u0131: 27,5&#215;20 cm\u2022 Yapraklar: 80 g 1. Hamur\u2022 Alt Karton: 350 g Bristol\u2022 G\u00f6stergeli<\/p>\n","protected":false},"excerpt":{"rendered":"<p>2026 Atat\u00fcrk Gemici Duvar Takvimi &#8211; \u0130mza3 Par\u00e7a Spiralli 2026 Atat\u00fcrk Gemici Duvar Takvimi\u2022 \u00dcr\u00fcn Ebad\u0131: 27,5&#215;65 cm\u2022 Blok Ebad\u0131: 27,5&#215;13,5 cm\u2022 \u00dcst Karton Ebad\u0131: 27,5&#215;20<span class=\"excerpt-hellip\"> [\u2026]<\/span><\/p>\n","protected":false},"featured_media":0,"template":"","meta":{"_monsterinsights_skip_tracking":false,"_monsterinsights_sitenote_active":false,"_monsterinsights_sitenote_note":"","_monsterinsights_sitenote_category":0},"product_brand":[],"product_cat":[28265,15563],"product_tag":[],"class_list":{"0":"post-775717","1":"product","2":"type-product","3":"status-publish","5":"product_cat-diger-hobi","6":"product_cat-hobi","7":"pa_cilt-ciltsiz","8":"pa_tur-kitap10","9":"pa_yayinevi-halk-kitabevi","10":"pa_yazar-kolektif","12":"first","13":"instock","14":"sale","15":"shipping-taxable","16":"purchasable","17":"product-type-simple"},"_links":{"self":[{"href":"https:\/\/roveyayinevi.com.tr\/index.php\/wp-json\/wp\/v2\/product\/775717","targetHints":{"allow":["GET"]}}],"collection":[{"href":"https:\/\/roveyayinevi.com.tr\/index.php\/wp-json\/wp\/v2\/product"}],"about":[{"href":"https:\/\/roveyayinevi.com.tr\/index.php\/wp-json\/wp\/v2\/types\/product"}],"wp:attachment":[{"href":"https:\/\/roveyayinevi.com.tr\/index.php\/wp-json\/wp\/v2\/media?parent=775717"}],"wp:term":[{"taxonomy":"product_brand","embeddable":true,"href":"https:\/\/roveyayinevi.com.tr\/index.php\/wp-json\/wp\/v2\/product_brand?post=775717"},{"taxonomy":"product_cat","embeddable":true,"href":"https:\/\/roveyayinevi.com.tr\/index.php\/wp-json\/wp\/v2\/product_cat?post=775717"},{"taxonomy":"product_tag","embeddable":true,"href":"https:\/\/roveyayinevi.com.tr\/index.php\/wp-json\/wp\/v2\/product_tag?post=775717"}],"curies":[{"name":"wp","href":"https:\/\/api.w.org\/{rel}","templated":true}]}}