{"id":775716,"date":"2025-09-12T18:51:45","date_gmt":"2025-09-12T15:51:45","guid":{"rendered":"https:\/\/roveyayinevi.com.tr\/index.php\/urun\/2026-ataturk-gemici-duvar-takvimi-gazi\/"},"modified":"2025-09-29T07:27:03","modified_gmt":"2025-09-29T04:27:03","slug":"2026-ataturk-gemici-duvar-takvimi-gazi","status":"publish","type":"product","link":"https:\/\/roveyayinevi.com.tr\/index.php\/urun\/2026-ataturk-gemici-duvar-takvimi-gazi\/","title":{"rendered":"2026 Atat\u00fcrk Gemici Duvar Takvimi &#8211; Gazi"},"content":{"rendered":"<p>2026 Atat\u00fcrk Gemici Duvar Takvimi &#8211; Gazi3 Par\u00e7a Spiralli 2026 Atat\u00fcrk Gemici Duvar Takvimi\u2022 \u00dcr\u00fcn Ebad\u0131: 27,5&#215;65 cm\u2022 Blok Ebad\u0131: 27,5&#215;13,5 cm\u2022 \u00dcst Karton Ebad\u0131: 27,5&#215;20 cm\u2022 Yapraklar: 80 g 1. Hamur\u2022 Alt Karton: 350 g Bristol\u2022 G\u00f6stergeli<\/p>\n","protected":false},"excerpt":{"rendered":"<p>2026 Atat\u00fcrk Gemici Duvar Takvimi &#8211; Gazi3 Par\u00e7a Spiralli 2026 Atat\u00fcrk Gemici Duvar Takvimi\u2022 \u00dcr\u00fcn Ebad\u0131: 27,5&#215;65 cm\u2022 Blok Ebad\u0131: 27,5&#215;13,5 cm\u2022 \u00dcst Karton Ebad\u0131: 27,5&#215;20<span class=\"excerpt-hellip\"> [\u2026]<\/span><\/p>\n","protected":false},"featured_media":0,"template":"","meta":{"_monsterinsights_skip_tracking":false,"_monsterinsights_sitenote_active":false,"_monsterinsights_sitenote_note":"","_monsterinsights_sitenote_category":0},"product_brand":[],"product_cat":[141304],"product_tag":[],"class_list":{"0":"post-775716","1":"product","2":"type-product","3":"status-publish","5":"product_cat-yeni-cikanlar","6":"pa_cilt-ciltsiz","7":"pa_tur-kitap10","8":"pa_yayinevi-halk-kitabevi","9":"pa_yazar-kolektif","11":"first","12":"instock","13":"sale","14":"shipping-taxable","15":"purchasable","16":"product-type-simple"},"_links":{"self":[{"href":"https:\/\/roveyayinevi.com.tr\/index.php\/wp-json\/wp\/v2\/product\/775716","targetHints":{"allow":["GET"]}}],"collection":[{"href":"https:\/\/roveyayinevi.com.tr\/index.php\/wp-json\/wp\/v2\/product"}],"about":[{"href":"https:\/\/roveyayinevi.com.tr\/index.php\/wp-json\/wp\/v2\/types\/product"}],"wp:attachment":[{"href":"https:\/\/roveyayinevi.com.tr\/index.php\/wp-json\/wp\/v2\/media?parent=775716"}],"wp:term":[{"taxonomy":"product_brand","embeddable":true,"href":"https:\/\/roveyayinevi.com.tr\/index.php\/wp-json\/wp\/v2\/product_brand?post=775716"},{"taxonomy":"product_cat","embeddable":true,"href":"https:\/\/roveyayinevi.com.tr\/index.php\/wp-json\/wp\/v2\/product_cat?post=775716"},{"taxonomy":"product_tag","embeddable":true,"href":"https:\/\/roveyayinevi.com.tr\/index.php\/wp-json\/wp\/v2\/product_tag?post=775716"}],"curies":[{"name":"wp","href":"https:\/\/api.w.org\/{rel}","templated":true}]}}