{"id":775715,"date":"2025-09-12T18:51:44","date_gmt":"2025-09-12T15:51:44","guid":{"rendered":"https:\/\/roveyayinevi.com.tr\/index.php\/urun\/2026-ataturk-gemici-duvar-takvimi-ayyildiz\/"},"modified":"2025-09-29T07:27:02","modified_gmt":"2025-09-29T04:27:02","slug":"2026-ataturk-gemici-duvar-takvimi-ayyildiz","status":"publish","type":"product","link":"https:\/\/roveyayinevi.com.tr\/index.php\/urun\/2026-ataturk-gemici-duvar-takvimi-ayyildiz\/","title":{"rendered":"2026 Atat\u00fcrk Gemici Duvar Takvimi &#8211; Ayy\u0131ld\u0131z"},"content":{"rendered":"<p>2026 Atat\u00fcrk Gemici Duvar Takvimi &#8211; Ayy\u0131ld\u0131z3 Par\u00e7a Spiralli 2026 Atat\u00fcrk Gemici Duvar Takvimi\u00dcr\u00fcn Ebad\u0131: 27,5&#215;65 cmBlok Ebad\u0131: 27,5&#215;13,5 cm\u00dcst Karton Ebad\u0131: 27,5&#215;20 cmYapraklar: 80 g 1. HamurAlt Karton: 350 g BristolG\u00f6stergeli<\/p>\n","protected":false},"excerpt":{"rendered":"<p>2026 Atat\u00fcrk Gemici Duvar Takvimi &#8211; Ayy\u0131ld\u0131z3 Par\u00e7a Spiralli 2026 Atat\u00fcrk Gemici Duvar Takvimi\u00dcr\u00fcn Ebad\u0131: 27,5&#215;65 cmBlok Ebad\u0131: 27,5&#215;13,5 cm\u00dcst Karton Ebad\u0131: 27,5&#215;20 cmYapraklar: 80 g<span class=\"excerpt-hellip\"> [\u2026]<\/span><\/p>\n","protected":false},"featured_media":0,"template":"","meta":{"_monsterinsights_skip_tracking":false,"_monsterinsights_sitenote_active":false,"_monsterinsights_sitenote_note":"","_monsterinsights_sitenote_category":0},"product_brand":[],"product_cat":[28265,15563],"product_tag":[],"class_list":{"0":"post-775715","1":"product","2":"type-product","3":"status-publish","5":"product_cat-diger-hobi","6":"product_cat-hobi","7":"pa_cilt-ciltsiz","8":"pa_tur-kitap10","9":"pa_yayinevi-halk-kitabevi","10":"pa_yazar-kolektif","12":"first","13":"instock","14":"sale","15":"shipping-taxable","16":"purchasable","17":"product-type-simple"},"_links":{"self":[{"href":"https:\/\/roveyayinevi.com.tr\/index.php\/wp-json\/wp\/v2\/product\/775715","targetHints":{"allow":["GET"]}}],"collection":[{"href":"https:\/\/roveyayinevi.com.tr\/index.php\/wp-json\/wp\/v2\/product"}],"about":[{"href":"https:\/\/roveyayinevi.com.tr\/index.php\/wp-json\/wp\/v2\/types\/product"}],"wp:attachment":[{"href":"https:\/\/roveyayinevi.com.tr\/index.php\/wp-json\/wp\/v2\/media?parent=775715"}],"wp:term":[{"taxonomy":"product_brand","embeddable":true,"href":"https:\/\/roveyayinevi.com.tr\/index.php\/wp-json\/wp\/v2\/product_brand?post=775715"},{"taxonomy":"product_cat","embeddable":true,"href":"https:\/\/roveyayinevi.com.tr\/index.php\/wp-json\/wp\/v2\/product_cat?post=775715"},{"taxonomy":"product_tag","embeddable":true,"href":"https:\/\/roveyayinevi.com.tr\/index.php\/wp-json\/wp\/v2\/product_tag?post=775715"}],"curies":[{"name":"wp","href":"https:\/\/api.w.org\/{rel}","templated":true}]}}