{"id":775712,"date":"2025-09-12T18:51:37","date_gmt":"2025-09-12T15:51:37","guid":{"rendered":"https:\/\/roveyayinevi.com.tr\/index.php\/urun\/santrale-baglanmak-icin-gokyuzunu-kuslayin\/"},"modified":"2026-04-15T03:42:34","modified_gmt":"2026-04-15T00:42:34","slug":"santrale-baglanmak-icin-gokyuzunu-kuslayin","status":"publish","type":"product","link":"https:\/\/roveyayinevi.com.tr\/index.php\/urun\/santrale-baglanmak-icin-gokyuzunu-kuslayin\/","title":{"rendered":"Santrale Ba\u011flanmak \u0130\u00e7in G\u00f6ky\u00fcz\u00fcn\u00fc Ku\u015flay\u0131n"},"content":{"rendered":"<p>\u201cSennur Sezer Emek-Direni\u015f \u015eiir \u00d6d\u00fclleri\u201dnde \u015fiir dal\u0131nda 2025 y\u0131l\u0131nda birincili\u011fe lay\u0131k g\u00f6r\u00fclen eser, Mert Tutucu taraf\u0131ndan kaleme al\u0131nan \u201cSantrale Ba\u011flanmak \u0130\u00e7in G\u00f6ky\u00fcz\u00fcn\u00fc Ku\u015flay\u0131n\u201d.Oturdum ay\u00e7i\u00e7eklerimi tarad\u0131mSar\u0131d\u0131r t\u0131rnaklar\u0131ma bula\u015fan zehir\u0130smim bir k\u0131r d\u00fc\u011f\u00fcn\u00fcne bast\u0131ran ya\u011fmurdad\u0131r\u00c7\u00fcnk\u00fc bir insan yirmilerindeyse ve \u00fcstelik \u015fairseMuhakkak \u00e2\u015f\u0131kt\u0131r ve biraz borcu vard\u0131r.<\/p>\n","protected":false},"excerpt":{"rendered":"<p>\u201cSennur Sezer Emek-Direni\u015f \u015eiir \u00d6d\u00fclleri\u201dnde \u015fiir dal\u0131nda 2025 y\u0131l\u0131nda birincili\u011fe lay\u0131k g\u00f6r\u00fclen eser, Mert Tutucu taraf\u0131ndan kaleme al\u0131nan \u201cSantrale Ba\u011flanmak \u0130\u00e7in G\u00f6ky\u00fcz\u00fcn\u00fc Ku\u015flay\u0131n\u201d.Oturdum ay\u00e7i\u00e7eklerimi tarad\u0131mSar\u0131d\u0131r t\u0131rnaklar\u0131ma<span class=\"excerpt-hellip\"> [\u2026]<\/span><\/p>\n","protected":false},"featured_media":0,"template":"","meta":{"_monsterinsights_skip_tracking":false,"_monsterinsights_sitenote_active":false,"_monsterinsights_sitenote_note":"","_monsterinsights_sitenote_category":0},"product_brand":[],"product_cat":[12291,12509],"product_tag":[],"class_list":{"0":"post-775712","1":"product","2":"type-product","3":"status-publish","5":"product_cat-edebiyat","6":"product_cat-siir","7":"pa_cilt-ciltsiz","8":"pa_tur-kitap","9":"pa_yayinevi-manos-yayinlari","10":"pa_yazar-mert-tutucu","12":"first","13":"instock","14":"sale","15":"shipping-taxable","16":"purchasable","17":"product-type-simple"},"_links":{"self":[{"href":"https:\/\/roveyayinevi.com.tr\/index.php\/wp-json\/wp\/v2\/product\/775712","targetHints":{"allow":["GET"]}}],"collection":[{"href":"https:\/\/roveyayinevi.com.tr\/index.php\/wp-json\/wp\/v2\/product"}],"about":[{"href":"https:\/\/roveyayinevi.com.tr\/index.php\/wp-json\/wp\/v2\/types\/product"}],"wp:attachment":[{"href":"https:\/\/roveyayinevi.com.tr\/index.php\/wp-json\/wp\/v2\/media?parent=775712"}],"wp:term":[{"taxonomy":"product_brand","embeddable":true,"href":"https:\/\/roveyayinevi.com.tr\/index.php\/wp-json\/wp\/v2\/product_brand?post=775712"},{"taxonomy":"product_cat","embeddable":true,"href":"https:\/\/roveyayinevi.com.tr\/index.php\/wp-json\/wp\/v2\/product_cat?post=775712"},{"taxonomy":"product_tag","embeddable":true,"href":"https:\/\/roveyayinevi.com.tr\/index.php\/wp-json\/wp\/v2\/product_tag?post=775712"}],"curies":[{"name":"wp","href":"https:\/\/api.w.org\/{rel}","templated":true}]}}