{"id":775710,"date":"2025-09-12T18:51:34","date_gmt":"2025-09-12T15:51:34","guid":{"rendered":"https:\/\/roveyayinevi.com.tr\/index.php\/urun\/para-meselesi\/"},"modified":"2026-04-15T03:42:34","modified_gmt":"2026-04-15T00:42:34","slug":"para-meselesi","status":"publish","type":"product","link":"https:\/\/roveyayinevi.com.tr\/index.php\/urun\/para-meselesi\/","title":{"rendered":"Para Meselesi"},"content":{"rendered":"<p>Hayatta sa\u011fl\u0131ktan sonra en \u00f6nemli meselemiz para\u2026 Onu kazanmak, korumak ve b\u00fcy\u00fctmek\u2026 Fakat bu \u00fc\u00e7\u00fc birbirinden tamamen farkl\u0131 yeteneklerdir ve \u00e7o\u011fu zaman tek bir ki\u015fide ayn\u0131 anda bulunmaz. \u00dcstelik para sadece bir de\u011fi\u015fim arac\u0131 de\u011fil, bazen g\u00fc\u00e7, bazen \u00f6zg\u00fcrl\u00fck, bazen de bir \u201ca\u015fil tendonu\u201ddur. \u00c7o\u011fu \u015feyi kendimiz i\u00e7in de\u011fil, o \u015feyin bize vadetti\u011fi imaj i\u00e7in sat\u0131n ald\u0131\u011f\u0131m\u0131z modern t\u00fcketim toplumunda g\u00fcc\u00fc h\u0131zl\u0131 bir arabada, asaleti \u015f\u0131k bir elbisede, \u00e7ekicili\u011fi pahal\u0131 bir rujda, \u00f6zg\u00fcrl\u00fc\u011f\u00fc ise ak\u0131ll\u0131 cep telefonlar\u0131nda buldu\u011fumuzu sanarken reklamlar\u0131n k\u0131\u015fk\u0131rtt\u0131\u011f\u0131 arzularla t\u00fcketti\u011fimiz \u015feyin k\u00f6lesine d\u00f6n\u00fc\u015f\u00fcyoruz. \u0130\u015fte bu kitap, iktisad\u0131n ve psikolojinin rehberli\u011finde insan\u0131n parayla olan ili\u015fkisini sorgularken gelir e\u015fitsizliklerinden t\u00fcketim al\u0131\u015fkanl\u0131klar\u0131na, tasarruf k\u00fclt\u00fcr\u00fcnden yoksullu\u011fun gelece\u011fine; gelir, harcama, tasarruf ve risk aras\u0131ndaki geni\u015f \u00e7er\u00e7eveden bakarak toplumsal ger\u00e7eklere \u0131\u015f\u0131k tutuyor ve \u201cneden ge\u00e7inemiyoruz?\u201d sorusuna cevap ar\u0131yor. Dijitalle\u015fen d\u00fcnyan\u0131n getirdi\u011fi yeni d\u00fczeni incelerken paray\u0131 hayat\u0131n merkezine koymadan ama onsuz da ad\u0131m at\u0131lamayaca\u011f\u0131n\u0131 kabul ederek, paray\u0131 y\u00f6netmenin, ona h\u00e2kim olman\u0131n ve ondan anlaml\u0131 bir ya\u015fam in\u015fa etmenin ipu\u00e7lar\u0131n\u0131 veriyor.<\/p>\n","protected":false},"excerpt":{"rendered":"<p>Hayatta sa\u011fl\u0131ktan sonra en \u00f6nemli meselemiz para\u2026 Onu kazanmak, korumak ve b\u00fcy\u00fctmek\u2026 Fakat bu \u00fc\u00e7\u00fc birbirinden tamamen farkl\u0131 yeteneklerdir ve \u00e7o\u011fu zaman tek bir ki\u015fide ayn\u0131<span class=\"excerpt-hellip\"> [\u2026]<\/span><\/p>\n","protected":false},"featured_media":0,"template":"","meta":{"_monsterinsights_skip_tracking":false,"_monsterinsights_sitenote_active":false,"_monsterinsights_sitenote_note":"","_monsterinsights_sitenote_category":0},"product_brand":[],"product_cat":[13043,17647],"product_tag":[],"class_list":{"0":"post-775710","1":"product","2":"type-product","3":"status-publish","5":"product_cat-ekonomi","6":"product_cat-is-dunyasi","7":"pa_cilt-ciltsiz","8":"pa_tur-kitap","9":"pa_yayinevi-literatur-yayinevi","10":"pa_yazar-evren-bolgun-sinan-alcin","12":"first","13":"instock","14":"sale","15":"shipping-taxable","16":"purchasable","17":"product-type-simple"},"_links":{"self":[{"href":"https:\/\/roveyayinevi.com.tr\/index.php\/wp-json\/wp\/v2\/product\/775710","targetHints":{"allow":["GET"]}}],"collection":[{"href":"https:\/\/roveyayinevi.com.tr\/index.php\/wp-json\/wp\/v2\/product"}],"about":[{"href":"https:\/\/roveyayinevi.com.tr\/index.php\/wp-json\/wp\/v2\/types\/product"}],"wp:attachment":[{"href":"https:\/\/roveyayinevi.com.tr\/index.php\/wp-json\/wp\/v2\/media?parent=775710"}],"wp:term":[{"taxonomy":"product_brand","embeddable":true,"href":"https:\/\/roveyayinevi.com.tr\/index.php\/wp-json\/wp\/v2\/product_brand?post=775710"},{"taxonomy":"product_cat","embeddable":true,"href":"https:\/\/roveyayinevi.com.tr\/index.php\/wp-json\/wp\/v2\/product_cat?post=775710"},{"taxonomy":"product_tag","embeddable":true,"href":"https:\/\/roveyayinevi.com.tr\/index.php\/wp-json\/wp\/v2\/product_tag?post=775710"}],"curies":[{"name":"wp","href":"https:\/\/api.w.org\/{rel}","templated":true}]}}