{"id":775708,"date":"2025-09-12T18:51:31","date_gmt":"2025-09-12T15:51:31","guid":{"rendered":"https:\/\/roveyayinevi.com.tr\/index.php\/urun\/anadolu-uygarliklari-1-hititler\/"},"modified":"2026-04-15T03:42:31","modified_gmt":"2026-04-15T00:42:31","slug":"anadolu-uygarliklari-1-hititler","status":"publish","type":"product","link":"https:\/\/roveyayinevi.com.tr\/index.php\/urun\/anadolu-uygarliklari-1-hititler\/","title":{"rendered":"Anadolu Uygarl\u0131klar\u0131 &#8211; 1 \/ Hititler"},"content":{"rendered":"<p>Ge\u00e7mi\u015fin gizemli uygarl\u0131klar\u0131na yolculuk yapmaya ne dersiniz? Cevab\u0131n\u0131z \u201cevet\u201dse Sosyal Bilgiler dersinin ba\u015far\u0131l\u0131 iki \u00f6\u011frencisi Melike ve Onur ile fantastik bir maceraya haz\u0131rlan\u0131n. Ya\u015fl\u0131 d\u00fcnyam\u0131z\u0131n haf\u0131zas\u0131 olan Kadim K\u00fct\u00fcphane\u2019ye giri\u015finizle ba\u015flayacak bu macerada Anadolu uygarl\u0131klar\u0131n\u0131n ilgin\u00e7 hik\u00e2yelerini, \u015fa\u015f\u0131rt\u0131c\u0131 bulu\u015flar\u0131n\u0131 ve g\u00fcn\u00fcm\u00fcze kadar uzanan izlerini bulacaks\u0131n\u0131z. Lokman Aydo\u011fan\u2019\u0131n ak\u0131c\u0131 ve e\u011flenceli kaleminden d\u00f6k\u00fclen bu kitaplarda Sosyal Bilgiler dersinize yard\u0131mc\u0131 konular\u0131n yan\u0131 s\u0131ra e\u011flenceli bir d\u00fcnya ile bulu\u015facaks\u0131n\u0131z.<\/p>\n","protected":false},"excerpt":{"rendered":"<p>Ge\u00e7mi\u015fin gizemli uygarl\u0131klar\u0131na yolculuk yapmaya ne dersiniz? Cevab\u0131n\u0131z \u201cevet\u201dse Sosyal Bilgiler dersinin ba\u015far\u0131l\u0131 iki \u00f6\u011frencisi Melike ve Onur ile fantastik bir maceraya haz\u0131rlan\u0131n. Ya\u015fl\u0131 d\u00fcnyam\u0131z\u0131n haf\u0131zas\u0131<span class=\"excerpt-hellip\"> [\u2026]<\/span><\/p>\n","protected":false},"featured_media":0,"template":"","meta":{"_monsterinsights_skip_tracking":false,"_monsterinsights_sitenote_active":false,"_monsterinsights_sitenote_note":"","_monsterinsights_sitenote_category":0},"product_brand":[],"product_cat":[141304],"product_tag":[],"class_list":{"0":"post-775708","1":"product","2":"type-product","3":"status-publish","5":"product_cat-yeni-cikanlar","6":"pa_cilt-ciltsiz","7":"pa_tur-kitap","8":"pa_yayinevi-yeditepe-yayinevi","9":"pa_yazar-lokman-aydogan","11":"first","12":"instock","13":"sale","14":"shipping-taxable","15":"purchasable","16":"product-type-simple"},"_links":{"self":[{"href":"https:\/\/roveyayinevi.com.tr\/index.php\/wp-json\/wp\/v2\/product\/775708","targetHints":{"allow":["GET"]}}],"collection":[{"href":"https:\/\/roveyayinevi.com.tr\/index.php\/wp-json\/wp\/v2\/product"}],"about":[{"href":"https:\/\/roveyayinevi.com.tr\/index.php\/wp-json\/wp\/v2\/types\/product"}],"wp:attachment":[{"href":"https:\/\/roveyayinevi.com.tr\/index.php\/wp-json\/wp\/v2\/media?parent=775708"}],"wp:term":[{"taxonomy":"product_brand","embeddable":true,"href":"https:\/\/roveyayinevi.com.tr\/index.php\/wp-json\/wp\/v2\/product_brand?post=775708"},{"taxonomy":"product_cat","embeddable":true,"href":"https:\/\/roveyayinevi.com.tr\/index.php\/wp-json\/wp\/v2\/product_cat?post=775708"},{"taxonomy":"product_tag","embeddable":true,"href":"https:\/\/roveyayinevi.com.tr\/index.php\/wp-json\/wp\/v2\/product_tag?post=775708"}],"curies":[{"name":"wp","href":"https:\/\/api.w.org\/{rel}","templated":true}]}}