{"id":775700,"date":"2025-09-12T18:51:13","date_gmt":"2025-09-12T15:51:13","guid":{"rendered":"https:\/\/roveyayinevi.com.tr\/index.php\/urun\/derin-sular-2\/"},"modified":"2026-04-15T03:42:29","modified_gmt":"2026-04-15T00:42:29","slug":"derin-sular-2","status":"publish","type":"product","link":"https:\/\/roveyayinevi.com.tr\/index.php\/urun\/derin-sular-2\/","title":{"rendered":"Derin Sular"},"content":{"rendered":"<p>\u201cKaranl\u0131k havuzun hi\u00e7 de davetk\u00e2r bir hali yoktu. So\u011fuk de\u011fildi, yaln\u0131zca davetk\u00e2r g\u00f6r\u00fcnm\u00fcyordu. Oradan uzakla\u015fmak istiyordu ama bunun geri ad\u0131m atmak anlam\u0131na gelece\u011fini seziyordu.\u201d Vic Van Allen, sakin, k\u00fclt\u00fcrl\u00fc ve i\u00e7ine kapan\u0131k bir adam. Kar\u0131s\u0131 Melinda ise u\u00e7ar\u0131, alayc\u0131 ve sadakatsiz. Sadakatsizli\u011fin d\u0131\u015favurumu arkada\u015flar\u0131n\u0131 bile rahats\u0131z ederken Vic buna g\u00f6z yumuyormu\u015f gibidir. Kimse, Vic\u2019in i\u00e7ine \u00e7ekildi\u011fi sessiz karanl\u0131\u011f\u0131n derinli\u011fini fark etmez. Patricia Highsmith, insan ruhunun karanl\u0131k k\u0131vr\u0131mlar\u0131nda gezinen, sars\u0131c\u0131 bir psikolojik gerilim sunuyor. \u201cHighsmith&#8217;in yaz\u0131m\u0131 belal\u0131d\u0131r&#8230; Sizi bir b\u00fcy\u00fc alt\u0131na al\u0131r, sonras\u0131nda kendinizi de\u011fi\u015fmi\u015f, hatta lekelenmi\u015f hissedersiniz.\u201d ENTERTAINMENT WEEKLY<\/p>\n","protected":false},"excerpt":{"rendered":"<p>\u201cKaranl\u0131k havuzun hi\u00e7 de davetk\u00e2r bir hali yoktu. So\u011fuk de\u011fildi, yaln\u0131zca davetk\u00e2r g\u00f6r\u00fcnm\u00fcyordu. Oradan uzakla\u015fmak istiyordu ama bunun geri ad\u0131m atmak anlam\u0131na gelece\u011fini seziyordu.\u201d Vic Van<span class=\"excerpt-hellip\"> [\u2026]<\/span><\/p>\n","protected":false},"featured_media":0,"template":"","meta":{"_monsterinsights_skip_tracking":false,"_monsterinsights_sitenote_active":false,"_monsterinsights_sitenote_note":"","_monsterinsights_sitenote_category":0},"product_brand":[],"product_cat":[12291,15445],"product_tag":[],"class_list":{"0":"post-775700","1":"product","2":"type-product","3":"status-publish","5":"product_cat-edebiyat","6":"product_cat-polisiye","7":"pa_cilt-ciltsiz","8":"pa_tur-kitap","9":"pa_yayinevi-iletisim-yayinlari","10":"pa_yazar-patricia-highsmith","12":"first","13":"instock","14":"sale","15":"shipping-taxable","16":"purchasable","17":"product-type-simple"},"_links":{"self":[{"href":"https:\/\/roveyayinevi.com.tr\/index.php\/wp-json\/wp\/v2\/product\/775700","targetHints":{"allow":["GET"]}}],"collection":[{"href":"https:\/\/roveyayinevi.com.tr\/index.php\/wp-json\/wp\/v2\/product"}],"about":[{"href":"https:\/\/roveyayinevi.com.tr\/index.php\/wp-json\/wp\/v2\/types\/product"}],"wp:attachment":[{"href":"https:\/\/roveyayinevi.com.tr\/index.php\/wp-json\/wp\/v2\/media?parent=775700"}],"wp:term":[{"taxonomy":"product_brand","embeddable":true,"href":"https:\/\/roveyayinevi.com.tr\/index.php\/wp-json\/wp\/v2\/product_brand?post=775700"},{"taxonomy":"product_cat","embeddable":true,"href":"https:\/\/roveyayinevi.com.tr\/index.php\/wp-json\/wp\/v2\/product_cat?post=775700"},{"taxonomy":"product_tag","embeddable":true,"href":"https:\/\/roveyayinevi.com.tr\/index.php\/wp-json\/wp\/v2\/product_tag?post=775700"}],"curies":[{"name":"wp","href":"https:\/\/api.w.org\/{rel}","templated":true}]}}