{"id":775698,"date":"2025-09-12T18:51:10","date_gmt":"2025-09-12T15:51:10","guid":{"rendered":"https:\/\/roveyayinevi.com.tr\/index.php\/urun\/farkli-bir-islam-tarihi-siyasal-toplumsal-kulturel-kirilmalar-ve-donusumler-isiginda\/"},"modified":"2026-04-15T03:42:29","modified_gmt":"2026-04-15T00:42:29","slug":"farkli-bir-islam-tarihi-siyasal-toplumsal-kulturel-kirilmalar-ve-donusumler-isiginda","status":"publish","type":"product","link":"https:\/\/roveyayinevi.com.tr\/index.php\/urun\/farkli-bir-islam-tarihi-siyasal-toplumsal-kulturel-kirilmalar-ve-donusumler-isiginda\/","title":{"rendered":"Farkl\u0131 Bir \u0130slam Tarihi &#8211; Siyasal Toplumsal K\u00fclt\u00fcrel K\u0131r\u0131lmalar ve D\u00f6n\u00fc\u015f\u00fcmler I\u015f\u0131\u011f\u0131nda"},"content":{"rendered":"<p>\u201cKlasik tarih\u00e7ilik gelene\u011fi[nin]&#8230; en b\u00fcy\u00fck mahzuru, \u0130slam tarihinin ana geli\u015fim s\u00fcrecini etkileyen co\u011frafya, ekonomi, siyaset ve din gibi d\u00f6rt temel dinami\u011fin dikkatlerden uzak kalmas\u0131na sebebiyet vermesidir. Bu dinamiklerin tetikledi\u011fi k\u0131r\u0131lma ve d\u00f6n\u00fc\u015f\u00fcmlere dikkat edilmedi\u011fi&#8230; i\u00e7in \u0130slam toplumlar\u0131n\u0131n uzun as\u0131rlar boyunca ge\u00e7irdikleri tek\u00e2m\u00fcl ve de\u011fi\u015fim s\u00fcreci&#8230; \u00e7o\u011fu zaman tatmin edici bir \u015fekilde&#8230; kavranamamaktad\u0131r. Bu sebeple&#8230; belki daha sa\u011fl\u0131kl\u0131 bir tarih bilincine sahip olunmas\u0131n\u0131 sa\u011flayacak farkl\u0131 bir \u0130slam tarihi yaz\u0131m\u0131 denenmelidir. Bu tarih yaz\u0131m\u0131, \u0130slam tarihindeki b\u00fcy\u00fck siyasal, toplumsal, k\u00fclt\u00fcrel ve zihniyet k\u0131r\u0131lmalar\u0131n\u0131n ve bunlar\u0131n yol a\u00e7t\u0131\u011f\u0131 d\u00f6n\u00fc\u015f\u00fcmlerin ve sonu\u00e7lar\u0131n\u0131n analizi \u00fczerinden temelde al\u0131\u015f\u0131lm\u0131\u015f tarih anlat\u0131lar\u0131ndan farkl\u0131, zihniyet ve k\u00fclt\u00fcr tarihi odakl\u0131 bir tarihyaz\u0131m\u0131 olabilir.\u201d Esasen \u0130slam zihniyet ve k\u00fclt\u00fcr tarihi ve heterodoksisiyle ilgili temel referans niteli\u011findeki eserleriyle bilinen Ahmet Ya\u015far Ocak, bu kitab\u0131yla alternatif bir \u0130slam tarihi perspektifi ortaya koyuyor. Farkl\u0131 Bir \u0130slam Tarihi, \u201cele\u015ftirisiz ve yorumsuz\u201d hamas\u00ee tarih yaz\u0131c\u0131l\u0131\u011f\u0131na kar\u015f\u0131, merak\u0131 diri tutan, ara\u015ft\u0131r\u0131c\u0131 bir anlama \u00e7abas\u0131. \u201cTeferruat\u0131n\u201d berisindeki \u201cdip dalgalar\u0131\u201d g\u00f6rmeye d\u00f6n\u00fck bir \u00e7aba&#8230; M\u00fcsl\u00fcmanlar\u0131 kar\u015f\u0131 kar\u015f\u0131ya getiren i\u00e7 sava\u015flar, hilafetin monar\u015fiye d\u00f6n\u00fc\u015f\u00fcm\u00fc, siyasal g\u00fcc\u00fcn T\u00fcrklere intikali, Mo\u011fol istilas\u0131n\u0131n etkileri, fetihler ve meval\u00ee s\u0131n\u0131f\u0131n\u0131n y\u00fckseli\u015fi, mezheplerin olu\u015fumu, Mehdi inan\u0131\u015f\u0131, tasavvuf&#8230; Ocak, \u0130slam tarihinin bu tayin edici k\u0131r\u0131lma ve d\u00f6n\u00fc\u015f\u00fcmlerinin analizini yap\u0131yor. Bunu yaparken, tarihsel sosyoloji ve sosyal psikoloji bak\u0131\u015f a\u00e7\u0131s\u0131ndan, \u0130slam\u2019\u0131n tarihiyle beraber \u0130slam tarihi yaz\u0131m\u0131n\u0131n da bir ele\u015ftirel tarihini yaz\u0131yor.<\/p>\n","protected":false},"excerpt":{"rendered":"<p>\u201cKlasik tarih\u00e7ilik gelene\u011fi[nin]&#8230; en b\u00fcy\u00fck mahzuru, \u0130slam tarihinin ana geli\u015fim s\u00fcrecini etkileyen co\u011frafya, ekonomi, siyaset ve din gibi d\u00f6rt temel dinami\u011fin dikkatlerden uzak kalmas\u0131na sebebiyet vermesidir.<span class=\"excerpt-hellip\"> [\u2026]<\/span><\/p>\n","protected":false},"featured_media":0,"template":"","meta":{"_monsterinsights_skip_tracking":false,"_monsterinsights_sitenote_active":false,"_monsterinsights_sitenote_note":"","_monsterinsights_sitenote_category":0},"product_brand":[],"product_cat":[12718,12719,18109],"product_tag":[],"class_list":{"0":"post-775698","1":"product","2":"type-product","3":"status-publish","5":"product_cat-din","6":"product_cat-islam","7":"product_cat-islam-tarihi","8":"pa_cilt-ciltsiz","9":"pa_tur-kitap","10":"pa_yayinevi-iletisim-yayinlari","11":"pa_yazar-ahmet-yasar-ocak","13":"first","14":"instock","15":"sale","16":"shipping-taxable","17":"purchasable","18":"product-type-simple"},"_links":{"self":[{"href":"https:\/\/roveyayinevi.com.tr\/index.php\/wp-json\/wp\/v2\/product\/775698","targetHints":{"allow":["GET"]}}],"collection":[{"href":"https:\/\/roveyayinevi.com.tr\/index.php\/wp-json\/wp\/v2\/product"}],"about":[{"href":"https:\/\/roveyayinevi.com.tr\/index.php\/wp-json\/wp\/v2\/types\/product"}],"wp:attachment":[{"href":"https:\/\/roveyayinevi.com.tr\/index.php\/wp-json\/wp\/v2\/media?parent=775698"}],"wp:term":[{"taxonomy":"product_brand","embeddable":true,"href":"https:\/\/roveyayinevi.com.tr\/index.php\/wp-json\/wp\/v2\/product_brand?post=775698"},{"taxonomy":"product_cat","embeddable":true,"href":"https:\/\/roveyayinevi.com.tr\/index.php\/wp-json\/wp\/v2\/product_cat?post=775698"},{"taxonomy":"product_tag","embeddable":true,"href":"https:\/\/roveyayinevi.com.tr\/index.php\/wp-json\/wp\/v2\/product_tag?post=775698"}],"curies":[{"name":"wp","href":"https:\/\/api.w.org\/{rel}","templated":true}]}}