{"id":775697,"date":"2025-09-12T18:51:08","date_gmt":"2025-09-12T15:51:08","guid":{"rendered":"https:\/\/roveyayinevi.com.tr\/index.php\/urun\/freud-ve-lacan\/"},"modified":"2026-04-15T03:42:28","modified_gmt":"2026-04-15T00:42:28","slug":"freud-ve-lacan","status":"publish","type":"product","link":"https:\/\/roveyayinevi.com.tr\/index.php\/urun\/freud-ve-lacan\/","title":{"rendered":"Freud ve Lacan"},"content":{"rendered":"<p>\u201cHemen her konuda re\u00e7eteler bekleniyor g\u00fcn\u00fcm\u00fczde. Her t\u00fcrden ama daima basmakal\u0131p, baya\u011f\u0131 a\u015fk tariflerinin, evlilik ve \u00e7ift terapisi tavsiyelerinin bollu\u011fu bu sebepten olmal\u0131. \u00c2\u015f\u0131k olu\u015fun ta\u015f\u0131d\u0131\u011f\u0131 ola\u011fan\u00fcst\u00fc vaatten, kendimizle en hakiki kar\u015f\u0131la\u015fma, i\u00e7imizdeki u\u00e7uruma da, eksikli\u011fe de, derinli\u011fe de ayn\u0131 cesaretle bakabilme imk\u00e2n\u0131ndan her birimizi esirgeyen t\u00fcm o \u2018ili\u015fki\u2019 edebiyat\u0131n\u0131n yayg\u0131nl\u0131\u011f\u0131 da. Ne pahas\u0131na olursa olsun a\u015fkta inat etmeli&#8230; A\u015fk\u0131 devrimle ayn\u0131 hizaya yazanlar\u0131 da unutmadan&#8230;\u201d Toplumlar\u0131n \u00e7ocukla\u015ft\u0131klar\u0131ndan, otoriter babalara ihtiya\u00e7 duyduklar\u0131ndan bahsedilip durulan bir zamanda, \u00e7ocuklu\u011fun neye benzedi\u011fini, babal\u0131\u011f\u0131n ne anlama geldi\u011fini, annenin kim oldu\u011funu tart\u0131\u015fman\u0131n tam zaman\u0131. Politik tart\u0131\u015fmalar\u0131n ki\u015fisel sorunlar gibi ele al\u0131nmas\u0131n\u0131n tersini yap\u0131yor Erdo\u011fan \u00d6zmen bu kitapta: Ki\u015fisel olan\u0131n politikas\u0131na bak\u0131yor bir anlamda. Bireyin \u201cbir\u201dden ibaret olmad\u0131\u011f\u0131n\u0131 hat\u0131rlat\u0131yor. Freud ve Lacan, hem psikanalizin kavramlar\u0131na yakla\u015fmak, hem arzu, zevk gibi g\u00fcndelik kavramlara psikanalizin \u0131\u015f\u0131\u011f\u0131n\u0131 tutmak hem de \u201ckendi olma\u201dn\u0131n ne demek oldu\u011funu d\u00fc\u015f\u00fcnmek i\u00e7in harika bir rehber.<\/p>\n","protected":false},"excerpt":{"rendered":"<p>\u201cHemen her konuda re\u00e7eteler bekleniyor g\u00fcn\u00fcm\u00fczde. Her t\u00fcrden ama daima basmakal\u0131p, baya\u011f\u0131 a\u015fk tariflerinin, evlilik ve \u00e7ift terapisi tavsiyelerinin bollu\u011fu bu sebepten olmal\u0131. \u00c2\u015f\u0131k olu\u015fun ta\u015f\u0131d\u0131\u011f\u0131<span class=\"excerpt-hellip\"> [\u2026]<\/span><\/p>\n","protected":false},"featured_media":0,"template":"","meta":{"_monsterinsights_skip_tracking":false,"_monsterinsights_sitenote_active":false,"_monsterinsights_sitenote_note":"","_monsterinsights_sitenote_category":0},"product_brand":[],"product_cat":[38801,12357],"product_tag":[],"class_list":{"0":"post-775697","1":"product","2":"type-product","3":"status-publish","5":"product_cat-ekoller-ve-yaklasimlar","6":"product_cat-psikoloji","7":"pa_cilt-ciltsiz","8":"pa_tur-kitap","9":"pa_yayinevi-iletisim-yayinlari","10":"pa_yazar-erdogan-ozmen","12":"first","13":"instock","14":"sale","15":"shipping-taxable","16":"purchasable","17":"product-type-simple"},"_links":{"self":[{"href":"https:\/\/roveyayinevi.com.tr\/index.php\/wp-json\/wp\/v2\/product\/775697","targetHints":{"allow":["GET"]}}],"collection":[{"href":"https:\/\/roveyayinevi.com.tr\/index.php\/wp-json\/wp\/v2\/product"}],"about":[{"href":"https:\/\/roveyayinevi.com.tr\/index.php\/wp-json\/wp\/v2\/types\/product"}],"wp:attachment":[{"href":"https:\/\/roveyayinevi.com.tr\/index.php\/wp-json\/wp\/v2\/media?parent=775697"}],"wp:term":[{"taxonomy":"product_brand","embeddable":true,"href":"https:\/\/roveyayinevi.com.tr\/index.php\/wp-json\/wp\/v2\/product_brand?post=775697"},{"taxonomy":"product_cat","embeddable":true,"href":"https:\/\/roveyayinevi.com.tr\/index.php\/wp-json\/wp\/v2\/product_cat?post=775697"},{"taxonomy":"product_tag","embeddable":true,"href":"https:\/\/roveyayinevi.com.tr\/index.php\/wp-json\/wp\/v2\/product_tag?post=775697"}],"curies":[{"name":"wp","href":"https:\/\/api.w.org\/{rel}","templated":true}]}}