{"id":775696,"date":"2025-09-12T18:51:07","date_gmt":"2025-09-12T15:51:07","guid":{"rendered":"https:\/\/roveyayinevi.com.tr\/index.php\/urun\/abdye-ozgu-kavramlar-sozlugu\/"},"modified":"2026-04-15T03:42:28","modified_gmt":"2026-04-15T00:42:28","slug":"abdye-ozgu-kavramlar-sozlugu","status":"publish","type":"product","link":"https:\/\/roveyayinevi.com.tr\/index.php\/urun\/abdye-ozgu-kavramlar-sozlugu\/","title":{"rendered":"ABD&#8217;ye \u00d6zg\u00fc Kavramlar S\u00f6zl\u00fc\u011f\u00fc"},"content":{"rendered":"<p>&#8220;Amerikan \u0130stisnac\u0131l\u0131\u011f\u0131\u201d (American Exceptionalism) diye bir tabire vesile olacak denli ayr\u0131ks\u0131 bir \u00fclke, ABD. Kenan Er\u00e7el, ABD\u2019ye \u00d6zg\u00fc Kavramlar S\u00f6zl\u00fc\u011f\u00fc\u2019nde bu istisna halinin siyasal, hukuksal, k\u00fclt\u00fcrel, iktisadi y\u00f6nlerini 27 maddede ele al\u0131yor. Yazar, bir \u015fahs\u0131n kendi r\u0131zas\u0131yla alaya al\u0131nd\u0131\u011f\u0131 \u201cRoast\u201d gelene\u011finden kay\u0131td\u0131\u015f\u0131 g\u00f6\u00e7menlere kol kanat geren \u201cSanctuary\u201d \u015fehirlere, bireysel silahlanman\u0131n anayasal dayana\u011f\u0131 kabul edilen \u201cSecond Amendment\u201ddan eyaletin petrol gelirlerinden d\u00fczenli bir vatanda\u015fl\u0131k geliri da\u011f\u0131tan \u201cAlaska Daimi Fonu\u201dna, bir\u00e7o\u011fu T\u00fcrk\u00e7e kar\u015f\u0131l\u0131klar\u0131 dahi olmayan has ABD\u2019li kavramlardan bir se\u00e7ki sunuyor. ABD\u2019yi anlamak i\u00e7in k\u0131lavuz niteli\u011fi ta\u015f\u0131yan bu kitap, d\u00fcnyan\u0131n kaderine etki eden bu \u00fclkenin kendi kaderini nas\u0131l \u00e7izdi\u011fini, \u201cOnly in America\u201d (Ancak ABD\u2019de olur) deyi\u015fine yara\u015f\u0131r fenomenler vas\u0131tas\u0131yla ve renkli bir bi\u00e7imde anlat\u0131yor. Kendisini anlama gereklili\u011finin bir t\u00fcrl\u00fc yakam\u0131z\u0131 b\u0131rakmad\u0131\u011f\u0131 ve hatta gittik\u00e7e ivedilik kazand\u0131\u011f\u0131 bu Leviathan\u2019\u0131n huyunu suyunu merak edenler i\u00e7in olduk\u00e7a faydal\u0131 bir kitap.<\/p>\n","protected":false},"excerpt":{"rendered":"<p>&#8220;Amerikan \u0130stisnac\u0131l\u0131\u011f\u0131\u201d (American Exceptionalism) diye bir tabire vesile olacak denli ayr\u0131ks\u0131 bir \u00fclke, ABD. Kenan Er\u00e7el, ABD\u2019ye \u00d6zg\u00fc Kavramlar S\u00f6zl\u00fc\u011f\u00fc\u2019nde bu istisna halinin siyasal, hukuksal, k\u00fclt\u00fcrel,<span class=\"excerpt-hellip\"> [\u2026]<\/span><\/p>\n","protected":false},"featured_media":0,"template":"","meta":{"_monsterinsights_skip_tracking":false,"_monsterinsights_sitenote_active":false,"_monsterinsights_sitenote_note":"","_monsterinsights_sitenote_category":0},"product_brand":[],"product_cat":[13590,12337],"product_tag":[],"class_list":{"0":"post-775696","1":"product","2":"type-product","3":"status-publish","5":"product_cat-arastirma-inceleme-politika-siyaset","6":"product_cat-politika-siyaset","7":"pa_cilt-ciltsiz","8":"pa_tur-kitap","9":"pa_yayinevi-iletisim-yayinlari","10":"pa_yazar-kenan-ercel","12":"first","13":"instock","14":"sale","15":"shipping-taxable","16":"purchasable","17":"product-type-simple"},"_links":{"self":[{"href":"https:\/\/roveyayinevi.com.tr\/index.php\/wp-json\/wp\/v2\/product\/775696","targetHints":{"allow":["GET"]}}],"collection":[{"href":"https:\/\/roveyayinevi.com.tr\/index.php\/wp-json\/wp\/v2\/product"}],"about":[{"href":"https:\/\/roveyayinevi.com.tr\/index.php\/wp-json\/wp\/v2\/types\/product"}],"wp:attachment":[{"href":"https:\/\/roveyayinevi.com.tr\/index.php\/wp-json\/wp\/v2\/media?parent=775696"}],"wp:term":[{"taxonomy":"product_brand","embeddable":true,"href":"https:\/\/roveyayinevi.com.tr\/index.php\/wp-json\/wp\/v2\/product_brand?post=775696"},{"taxonomy":"product_cat","embeddable":true,"href":"https:\/\/roveyayinevi.com.tr\/index.php\/wp-json\/wp\/v2\/product_cat?post=775696"},{"taxonomy":"product_tag","embeddable":true,"href":"https:\/\/roveyayinevi.com.tr\/index.php\/wp-json\/wp\/v2\/product_tag?post=775696"}],"curies":[{"name":"wp","href":"https:\/\/api.w.org\/{rel}","templated":true}]}}