{"id":775695,"date":"2025-09-12T18:51:05","date_gmt":"2025-09-12T15:51:05","guid":{"rendered":"https:\/\/roveyayinevi.com.tr\/index.php\/urun\/buyuk-gelenek\/"},"modified":"2026-04-15T03:42:28","modified_gmt":"2026-04-15T00:42:28","slug":"buyuk-gelenek","status":"publish","type":"product","link":"https:\/\/roveyayinevi.com.tr\/index.php\/urun\/buyuk-gelenek\/","title":{"rendered":"B\u00fcy\u00fck Gelenek"},"content":{"rendered":"<p>20. y\u00fczy\u0131l\u0131n en \u00f6nemli edebiyat ele\u015ftirmenlerinden biri olan F. R. Leavis, B\u00fcy\u00fck Gelenek\u2019te \u0130ngiliz edebiyat\u0131n\u0131n zirve noktalar\u0131n\u0131 olu\u015fturan yazarlar\u0131n miras\u0131n\u0131 sorgular ve edebiyat eserlerinin insanl\u0131k durumu, ahl\u00e2ki sorumluluklar ve toplumsal yap\u0131lar \u00fczerindeki derin etkilerini inceler. Jane Austen, George Eliot, Charles Dickens, Henry James, Joseph Conrad gibi yazarlar\u0131n eserlerine dair yapt\u0131\u011f\u0131 tahlillerle edebiyat\u0131n sadece sanatsal bir u\u011fra\u015f de\u011fil, ayn\u0131 zamanda insan\u0131n varolu\u015fsal aray\u0131\u015flar\u0131n\u0131n bir yans\u0131mas\u0131 oldu\u011funu g\u00f6sterir. Edebiyat ele\u015ftirisi tarihinde bir kilometre ta\u015f\u0131 say\u0131l\u0131p ciddi bir entelekt\u00fcel tart\u0131\u015fmaya vesile olan B\u00fcy\u00fck Gelenek, metinlerin yaln\u0131zca anlam\u0131n\u0131 de\u011fil, onlar\u0131 \u00fcreten zihniyetin ve \u00e7a\u011f\u0131n ruhunu da ke\u015ffetmek isteyen okur i\u00e7in vazge\u00e7ilmez bir ba\u015fvuru kayna\u011f\u0131.<\/p>\n","protected":false},"excerpt":{"rendered":"<p>20. y\u00fczy\u0131l\u0131n en \u00f6nemli edebiyat ele\u015ftirmenlerinden biri olan F. R. Leavis, B\u00fcy\u00fck Gelenek\u2019te \u0130ngiliz edebiyat\u0131n\u0131n zirve noktalar\u0131n\u0131 olu\u015fturan yazarlar\u0131n miras\u0131n\u0131 sorgular ve edebiyat eserlerinin insanl\u0131k durumu,<span class=\"excerpt-hellip\"> [\u2026]<\/span><\/p>\n","protected":false},"featured_media":0,"template":"","meta":{"_monsterinsights_skip_tracking":false,"_monsterinsights_sitenote_active":false,"_monsterinsights_sitenote_note":"","_monsterinsights_sitenote_category":0},"product_brand":[],"product_cat":[141304],"product_tag":[],"class_list":{"0":"post-775695","1":"product","2":"type-product","3":"status-publish","5":"product_cat-yeni-cikanlar","6":"pa_cilt-ciltsiz","7":"pa_tur-kitap","8":"pa_yayinevi-iletisim-yayinlari","9":"pa_yazar-kolektif","11":"first","12":"instock","13":"sale","14":"shipping-taxable","15":"purchasable","16":"product-type-simple"},"_links":{"self":[{"href":"https:\/\/roveyayinevi.com.tr\/index.php\/wp-json\/wp\/v2\/product\/775695","targetHints":{"allow":["GET"]}}],"collection":[{"href":"https:\/\/roveyayinevi.com.tr\/index.php\/wp-json\/wp\/v2\/product"}],"about":[{"href":"https:\/\/roveyayinevi.com.tr\/index.php\/wp-json\/wp\/v2\/types\/product"}],"wp:attachment":[{"href":"https:\/\/roveyayinevi.com.tr\/index.php\/wp-json\/wp\/v2\/media?parent=775695"}],"wp:term":[{"taxonomy":"product_brand","embeddable":true,"href":"https:\/\/roveyayinevi.com.tr\/index.php\/wp-json\/wp\/v2\/product_brand?post=775695"},{"taxonomy":"product_cat","embeddable":true,"href":"https:\/\/roveyayinevi.com.tr\/index.php\/wp-json\/wp\/v2\/product_cat?post=775695"},{"taxonomy":"product_tag","embeddable":true,"href":"https:\/\/roveyayinevi.com.tr\/index.php\/wp-json\/wp\/v2\/product_tag?post=775695"}],"curies":[{"name":"wp","href":"https:\/\/api.w.org\/{rel}","templated":true}]}}