{"id":775692,"date":"2025-09-12T18:50:55","date_gmt":"2025-09-12T15:50:55","guid":{"rendered":"https:\/\/roveyayinevi.com.tr\/index.php\/urun\/aksam-istanbulda-cok-fena-seyler-oldu-6-7-eylul-1955i-son-taniklari-anlatiyor\/"},"modified":"2026-01-23T03:55:07","modified_gmt":"2026-01-23T00:55:07","slug":"aksam-istanbulda-cok-fena-seyler-oldu-6-7-eylul-1955i-son-taniklari-anlatiyor","status":"publish","type":"product","link":"https:\/\/roveyayinevi.com.tr\/index.php\/urun\/aksam-istanbulda-cok-fena-seyler-oldu-6-7-eylul-1955i-son-taniklari-anlatiyor\/","title":{"rendered":"Ak\u015fam \u0130stanbul\u2019da \u00c7ok Fena \u015eeyler Oldu \u2013  6-7 Eylu\u0308l 1955\u2019i Son Tan\u0131klar\u0131 Anlat\u0131yor"},"content":{"rendered":"<p>Anneme \u00e7evredekiler s\u00f6yledi, \u2018D\u00fcn ak\u015fam \u0130stanbul\u2019da \u00e7ok fena \u015feyler oldu\u2019 dediler.\u201d Kitab\u0131n ba\u015fl\u0131\u011f\u0131n\u0131 da olu\u015fturan bu s\u00f6zler Marina Kalumenu\u2019ya ait. Kendisi Dimitrios Kalumenos\u2019un, yani 6-7 Eyl\u00fcl 1955\u2019i foto\u011fraflayarak, pogromun haf\u0131zalara kaz\u0131nmas\u0131n\u0131 sa\u011flayan Patriklik Foto\u011fraf\u00e7\u0131s\u0131n\u0131n k\u0131z\u0131. Kalumenos o geceyi anlat\u0131rken \u201cSadece cans\u0131z \u015feyler mi ac\u0131 \u00e7ekti? Hay\u0131r!\u201d diyor ve ya\u015fanan \u015fiddet dalgas\u0131n\u0131n insanlara y\u00f6nelen b\u00f6l\u00fcm\u00fcn\u00fc anlat\u0131yordu. Bu kitap, 70 y\u0131l sonra onun izinden giderek T\u00fcrkiye, Yunanistan ve Fransa\u2019da ya\u015fayan 32 \u201cson tan\u0131\u011f\u0131n\u201d dilinden o gece ya\u015fananlar\u0131 aktar\u0131yor.   Ek\u00fcmenik Patrik Hazretleri Bartholomeos: \u201c1955\u2019ten sonra T\u00fcrkiye\u2019den ayr\u0131lma fikri Rumlar\u0131n akl\u0131na yerle\u015fti. Art\u0131k emniyette olduklar\u0131n\u0131 hissedemiyorlard\u0131. Bu d\u00f6nemden sonra g\u00f6\u00e7 etmeye karar verdiler.\u201d Dora Mavraki: \u201c\u0130\u00e7eri girdiklerinde papaz amcam bah\u00e7ede saklan\u0131rken onu avluda \u2018Bu kara sakall\u0131 papaz nerede?\u2019 diye aram\u0131\u015flar. Kendini o siyah c\u00fcbbesiyle kapatm\u0131\u015f.\u201d Aliki \u015eangulo\u011flu: \u201cHalam diyor ki \u2018Bug\u00fcn k\u0131z\u0131m\u0131n okulu var, gelemem ama yar\u0131n gelirim.\u2019 Ertesi g\u00fcn k\u0131z \u00e7ama\u015f\u0131r suyuyla intihar etti. Hamileydi! Hamile kalm\u0131\u015ft\u0131! Eyl\u00fclden sonra ya\u015fand\u0131 bunlar\u2026\u201d Mihail Mavropulos: \u201c1955\u2019te onlar\u0131 kurtaran bir hayat kad\u0131n\u0131yd\u0131. O kad\u0131n T\u00fcrk\u2019t\u00fc. Ayn\u0131 binada oturuyordu, ilk kattayd\u0131. \u2026 Paskalya\u2019da \u00e7\u00f6rek verirlerdi. \u2026 Ve o gece binan\u0131n \u00f6n\u00fcne \u00e7\u0131kt\u0131, \u2018Burada Rum yoktur\u2019 dedi, gelenleri kovdu.\u201d Jirayr Karag\u00f6z: \u201cHakk\u0131 vard\u0131. Kom\u015fumuz\u2026 O k\u0131rmaya gitti. O adam, \u2018Madam buram yan\u0131yor, buram yan\u0131yor\u2019 dedi ve k\u0131rmaya gitti.&#8221; Hristos Elmac\u0131o\u011flu: \u201cBak\u0131n diyorum, Rumlar, yani biz \u00e7i\u00e7ek vazosu de\u011filiz. \u2026 Bizim ba\u015f\u0131m\u0131za bunlar geldi\u011finde, siz veya aileniz, babalar\u0131n\u0131z, dedeleriniz arkada\u015flar\u0131n\u0131z hi\u00e7 tepki g\u00f6sterdi mi? Protesto ettiniz mi? Bunu durdurmaya \u00e7al\u0131\u015ft\u0131n\u0131z m\u0131? Yapmad\u0131\u011f\u0131n\u0131z i\u00e7in \u015fimdi bunun bedelini siz de \u00f6d\u00fcyorsunuz.<\/p>\n","protected":false},"excerpt":{"rendered":"<p>Anneme \u00e7evredekiler s\u00f6yledi, \u2018D\u00fcn ak\u015fam \u0130stanbul\u2019da \u00e7ok fena \u015feyler oldu\u2019 dediler.\u201d Kitab\u0131n ba\u015fl\u0131\u011f\u0131n\u0131 da olu\u015fturan bu s\u00f6zler Marina Kalumenu\u2019ya ait. Kendisi Dimitrios Kalumenos\u2019un, yani 6-7 Eyl\u00fcl<span class=\"excerpt-hellip\"> [\u2026]<\/span><\/p>\n","protected":false},"featured_media":0,"template":"","meta":{"_monsterinsights_skip_tracking":false,"_monsterinsights_sitenote_active":false,"_monsterinsights_sitenote_note":"","_monsterinsights_sitenote_category":0},"product_brand":[],"product_cat":[141304],"product_tag":[],"class_list":{"0":"post-775692","1":"product","2":"type-product","3":"status-publish","5":"product_cat-yeni-cikanlar","6":"pa_cilt-ciltsiz","7":"pa_tur-kitap","8":"pa_yayinevi-istos-yayincilik","9":"pa_yazar-serdar-korucu","11":"first","12":"instock","13":"sale","14":"shipping-taxable","15":"purchasable","16":"product-type-simple"},"_links":{"self":[{"href":"https:\/\/roveyayinevi.com.tr\/index.php\/wp-json\/wp\/v2\/product\/775692","targetHints":{"allow":["GET"]}}],"collection":[{"href":"https:\/\/roveyayinevi.com.tr\/index.php\/wp-json\/wp\/v2\/product"}],"about":[{"href":"https:\/\/roveyayinevi.com.tr\/index.php\/wp-json\/wp\/v2\/types\/product"}],"wp:attachment":[{"href":"https:\/\/roveyayinevi.com.tr\/index.php\/wp-json\/wp\/v2\/media?parent=775692"}],"wp:term":[{"taxonomy":"product_brand","embeddable":true,"href":"https:\/\/roveyayinevi.com.tr\/index.php\/wp-json\/wp\/v2\/product_brand?post=775692"},{"taxonomy":"product_cat","embeddable":true,"href":"https:\/\/roveyayinevi.com.tr\/index.php\/wp-json\/wp\/v2\/product_cat?post=775692"},{"taxonomy":"product_tag","embeddable":true,"href":"https:\/\/roveyayinevi.com.tr\/index.php\/wp-json\/wp\/v2\/product_tag?post=775692"}],"curies":[{"name":"wp","href":"https:\/\/api.w.org\/{rel}","templated":true}]}}