{"id":775687,"date":"2025-09-12T18:50:46","date_gmt":"2025-09-12T15:50:46","guid":{"rendered":"https:\/\/roveyayinevi.com.tr\/index.php\/urun\/fransanin-cumhuriyetci-tarihi\/"},"modified":"2026-04-15T03:42:27","modified_gmt":"2026-04-15T00:42:27","slug":"fransanin-cumhuriyetci-tarihi","status":"publish","type":"product","link":"https:\/\/roveyayinevi.com.tr\/index.php\/urun\/fransanin-cumhuriyetci-tarihi\/","title":{"rendered":"Fransa\u2019n\u0131n Cumhuriyet\u00e7i Tarihi"},"content":{"rendered":"<p>Fransa bize hem uzak hem yak\u0131n bir \u00fclke. Co\u011frafi olarak uzak ama uzun s\u00fcre T\u00fcrkiye\u2019nin modernle\u015fmesine \u00f6rnek oldu\u011fu i\u00e7in yak\u0131n. Siyasi alanda \u00f6zellikle \u201ccumhuriyet\u201d kavram\u0131n\u0131n ve kurumlar\u0131n\u0131n geli\u015fimi ba\u015fka \u00fclkeler gibi bizde de Frans\u0131z siyasetinin etkisiyle a\u00e7\u0131klan\u0131yor. Buna kar\u015f\u0131l\u0131k Fransa\u2019n\u0131n tarihinde cumhuriyet\u00e7i pratikte yak\u0131n zamana dek s\u00fcren ini\u015fler \u00e7\u0131k\u0131\u015flar yeterince bilinmiyor. Selman Sa\u00e7 bu tarihi kapsaml\u0131 bir analizle sunuyor.   Cumhuriyet Frans\u0131z Devrimi\u2019nden \u00f6nce nas\u0131l anla\u015f\u0131l\u0131yordu? Devrimciler cumhuriyet fikrine nas\u0131l vard\u0131lar? Yeni rejime hangi \u00e7evreler ne gibi gerek\u00e7elerle kar\u015f\u0131 \u00e7\u0131kt\u0131lar? Cumhuriyet monar\u015finin z\u0131dd\u0131 olmaktan m\u0131 ibaret? Ne t\u00fcr ilkeleri ve kurumlar\u0131 kaps\u0131yor? Cumhuriyet Fransa\u2019da ve neredeyse b\u00fct\u00fcn d\u00fcnyada tek me\u015fru rejim haline nas\u0131l geldi?   T\u00fcrkiye\u2019de cumhuriyet rejiminin ge\u00e7mi\u015fi, \u015fimdisi ve gelece\u011fi \u00f6teden beri oldu\u011fu gibi bug\u00fcn de \u2013\u00f6zellikle d\u00fcnyadaki ve b\u00f6lgemizdeki geli\u015fmelerin etkisiyle\u2013 tart\u0131\u015f\u0131l\u0131rken, Fransa\u2019n\u0131n Cumhuriyet\u00e7i Tarihi\u2019nin yararl\u0131 bir kaynak olaca\u011f\u0131na, tart\u0131\u015fmalar\u0131 daha geni\u015f bir bak\u0131\u015f a\u00e7\u0131s\u0131na yerle\u015ftirmemize katk\u0131da bulunaca\u011f\u0131na inan\u0131yoruz.  <\/p>\n","protected":false},"excerpt":{"rendered":"<p>Fransa bize hem uzak hem yak\u0131n bir \u00fclke. Co\u011frafi olarak uzak ama uzun s\u00fcre T\u00fcrkiye\u2019nin modernle\u015fmesine \u00f6rnek oldu\u011fu i\u00e7in yak\u0131n. Siyasi alanda \u00f6zellikle \u201ccumhuriyet\u201d kavram\u0131n\u0131n ve<span class=\"excerpt-hellip\"> [\u2026]<\/span><\/p>\n","protected":false},"featured_media":0,"template":"","meta":{"_monsterinsights_skip_tracking":false,"_monsterinsights_sitenote_active":false,"_monsterinsights_sitenote_note":"","_monsterinsights_sitenote_category":0},"product_brand":[],"product_cat":[12305,12304],"product_tag":[],"class_list":{"0":"post-775687","1":"product","2":"type-product","3":"status-publish","5":"product_cat-dunya-tarihi","6":"product_cat-tarih","7":"pa_cilt-ciltsiz","8":"pa_tur-kitap","9":"pa_yayinevi-metis-yayinlari","10":"pa_yazar-selman-sac","12":"first","13":"instock","14":"sale","15":"shipping-taxable","16":"purchasable","17":"product-type-simple"},"_links":{"self":[{"href":"https:\/\/roveyayinevi.com.tr\/index.php\/wp-json\/wp\/v2\/product\/775687","targetHints":{"allow":["GET"]}}],"collection":[{"href":"https:\/\/roveyayinevi.com.tr\/index.php\/wp-json\/wp\/v2\/product"}],"about":[{"href":"https:\/\/roveyayinevi.com.tr\/index.php\/wp-json\/wp\/v2\/types\/product"}],"wp:attachment":[{"href":"https:\/\/roveyayinevi.com.tr\/index.php\/wp-json\/wp\/v2\/media?parent=775687"}],"wp:term":[{"taxonomy":"product_brand","embeddable":true,"href":"https:\/\/roveyayinevi.com.tr\/index.php\/wp-json\/wp\/v2\/product_brand?post=775687"},{"taxonomy":"product_cat","embeddable":true,"href":"https:\/\/roveyayinevi.com.tr\/index.php\/wp-json\/wp\/v2\/product_cat?post=775687"},{"taxonomy":"product_tag","embeddable":true,"href":"https:\/\/roveyayinevi.com.tr\/index.php\/wp-json\/wp\/v2\/product_tag?post=775687"}],"curies":[{"name":"wp","href":"https:\/\/api.w.org\/{rel}","templated":true}]}}