{"id":775686,"date":"2025-09-12T18:48:27","date_gmt":"2025-09-12T15:48:27","guid":{"rendered":"https:\/\/roveyayinevi.com.tr\/index.php\/urun\/tersinim-biyolojisi\/"},"modified":"2026-01-30T04:12:57","modified_gmt":"2026-01-30T01:12:57","slug":"tersinim-biyolojisi","status":"publish","type":"product","link":"https:\/\/roveyayinevi.com.tr\/index.php\/urun\/tersinim-biyolojisi\/","title":{"rendered":"Tersinim Biyolojisi"},"content":{"rendered":"<p>G\u00fcn\u00fcm\u00fcz bilimi ateist inan\u00e7lara g\u00fcd\u00fcml\u00fcd\u00fcr. \u0130nan\u0131lmaz derecedeki sa\u00e7mal\u0131klar bilimsel ger\u00e7ekler kabul edilip, insanlar aldat\u0131l\u0131yor. Amac\u0131m\u0131z her t\u00fcrl\u00fc bilim d\u0131\u015f\u0131 sa\u00e7mal\u0131klardan ar\u0131nd\u0131r\u0131lm\u0131\u015f ger\u00e7ek bilimdir.             Nereden gelirse gelsin, Neyi savunur savunsun, hi\u00e7 bir inan\u00e7 bilime temel al\u0131nmaz. Bilim inan\u00e7lar temelinde kurgulanmaz. Buna ateist inan\u00e7lar\u0131 da d\u00e2hildir.             \u00c7\u00fcnk\u00fc ateizm bir Yarat\u0131c\u0131n olmad\u0131\u011f\u0131 inanc\u0131d\u0131r.             G\u00fcn\u00fcm\u00fcz bilimi ateist inan\u00e7lar\u0131 temelinde kurgulanmaya \u00e7al\u0131\u015f\u0131yor.             Ak\u0131l almaz derecedeki sa\u00e7mal\u0131klar bilimsel ger\u00e7ek kabul ediliyor. Bilim bu sa\u00e7mal\u0131klar temelinde kurgulanmaya \u00e7al\u0131\u015f\u0131l\u0131yor.             Bilim ortaya koysa da yarat\u0131ld\u0131k dememek i\u00e7in her yolu deniyorlar.             Tek kurtulu\u015f yolumuz kurallar\u0131 ile i\u015fleyen ger\u00e7ek bilimdir.             Bu eserimiz \u00e7ok say\u0131da bilimsel kaynaklardan derlenmi\u015ftir. Bilimsel oldu\u011fu konusunda en k\u00fc\u00e7\u00fck ku\u015fku yoktur. Ya\u015fam d\u00fcnyas\u0131n\u0131n mucizeler okyanusundan damlalar koymaya \u00e7al\u0131\u015ft\u0131m. O damlalar ki Y\u00fcce Allah\u2019\u0131n esma-i h\u00fcsnas\u0131ndan Alim s\u0131fat\u0131n\u0131n tecellileridir.             Her damla evrim yanl\u0131\u015f, yarat\u0131l\u0131\u015f ger\u00e7ek diyor. <\/p>\n","protected":false},"excerpt":{"rendered":"<p>G\u00fcn\u00fcm\u00fcz bilimi ateist inan\u00e7lara g\u00fcd\u00fcml\u00fcd\u00fcr. \u0130nan\u0131lmaz derecedeki sa\u00e7mal\u0131klar bilimsel ger\u00e7ekler kabul edilip, insanlar aldat\u0131l\u0131yor. Amac\u0131m\u0131z her t\u00fcrl\u00fc bilim d\u0131\u015f\u0131 sa\u00e7mal\u0131klardan ar\u0131nd\u0131r\u0131lm\u0131\u015f ger\u00e7ek bilimdir. Nereden gelirse gelsin,<span class=\"excerpt-hellip\"> [\u2026]<\/span><\/p>\n","protected":false},"featured_media":0,"template":"","meta":{"_monsterinsights_skip_tracking":false,"_monsterinsights_sitenote_active":false,"_monsterinsights_sitenote_note":"","_monsterinsights_sitenote_category":0},"product_brand":[],"product_cat":[13005],"product_tag":[],"class_list":{"0":"post-775686","1":"product","2":"type-product","3":"status-publish","5":"product_cat-bilim-muhendislik","6":"pa_cilt-ciltsiz","7":"pa_tur-kitap","8":"pa_yayinevi-vova-yayinlari","9":"pa_yazar-hudai-cakmak","11":"first","12":"instock","13":"sale","14":"shipping-taxable","15":"purchasable","16":"product-type-simple"},"_links":{"self":[{"href":"https:\/\/roveyayinevi.com.tr\/index.php\/wp-json\/wp\/v2\/product\/775686","targetHints":{"allow":["GET"]}}],"collection":[{"href":"https:\/\/roveyayinevi.com.tr\/index.php\/wp-json\/wp\/v2\/product"}],"about":[{"href":"https:\/\/roveyayinevi.com.tr\/index.php\/wp-json\/wp\/v2\/types\/product"}],"wp:attachment":[{"href":"https:\/\/roveyayinevi.com.tr\/index.php\/wp-json\/wp\/v2\/media?parent=775686"}],"wp:term":[{"taxonomy":"product_brand","embeddable":true,"href":"https:\/\/roveyayinevi.com.tr\/index.php\/wp-json\/wp\/v2\/product_brand?post=775686"},{"taxonomy":"product_cat","embeddable":true,"href":"https:\/\/roveyayinevi.com.tr\/index.php\/wp-json\/wp\/v2\/product_cat?post=775686"},{"taxonomy":"product_tag","embeddable":true,"href":"https:\/\/roveyayinevi.com.tr\/index.php\/wp-json\/wp\/v2\/product_tag?post=775686"}],"curies":[{"name":"wp","href":"https:\/\/api.w.org\/{rel}","templated":true}]}}