{"id":775685,"date":"2025-09-12T18:34:06","date_gmt":"2025-09-12T15:34:06","guid":{"rendered":"https:\/\/roveyayinevi.com.tr\/index.php\/urun\/ser-verip-sir-vermeyen-bir-yigit\/"},"modified":"2026-04-15T03:38:21","modified_gmt":"2026-04-15T00:38:21","slug":"ser-verip-sir-vermeyen-bir-yigit","status":"publish","type":"product","link":"https:\/\/roveyayinevi.com.tr\/index.php\/urun\/ser-verip-sir-vermeyen-bir-yigit\/","title":{"rendered":"Ser Verip S\u0131r Vermeyen Bir Yi\u011fit"},"content":{"rendered":"<p>\u0130\u015fte \u0130bo&#8217;nun aya\u011f\u0131n\u0131 bast\u0131\u011f\u0131 toprak: Da\u011f ve zindan&#8230; \u0130\u015fte direncin kar\u015f\u0131s\u0131nda zalimin \u00e7aresi kal\u0131\u015f\u0131&#8230; Ve i\u015fkenceye kar\u015f\u0131 direni\u015fiyle efsanele\u015fen bir hayat&#8230;   Nihat Behram&#8217;\u0131n, efsanele\u015fen unutulmaz kitab\u0131 &#8220;Ser verip S\u0131r Vermeyen Bir Yi\u011fit&#8221; uzun yasakl\u0131 y\u0131llardan sonra yine okuruyla bulu\u015fuyor. Behram, bu belgesel anlat\u0131s\u0131nda, halka ba\u011fl\u0131l\u0131k ve inanc\u0131n kar\u015f\u0131s\u0131nda i\u015fkencenin g\u00fcc\u00fcn\u00fc yitiri\u015fini seslendiriyor.   \u0130lk yaz\u0131ld\u0131\u011f\u0131 1976&#8217;dan bu yana ge\u00e7en ve beraatle sonu\u00e7lanan yasakl\u0131 s\u00fcrecinin, yasaklara kar\u015f\u0131 m\u00fccadelesinin \u00f6yk\u00fcs\u00fc ve alb\u00fcmle geni\u015fletilen bu yap\u0131t\u0131nda Behram 12 Mart D\u00f6nemi&#8217;ndeki \u00f6l\u00fcm\u00fcne direni\u015fiyle efsanele\u015fen \u0130brahim Kaypakkaya&#8217;y\u0131 anlat\u0131rken, bir d\u00f6neme de \u0131\u015f\u0131k tutuyor.   Altm\u0131\u015fl\u0131 y\u0131llardan ba\u015flayan k\u00fclt\u00fcr, demokrasi ve \u00f6zg\u00fcrl\u00fck m\u00fccadelesine, resmi tarih d\u0131\u015f\u0131nda bir perspektif arayanlara, bu s\u00fcreci devrimci bir ayd\u0131n ruhuyla solumu\u015f olan Behram&#8217;\u0131n \u00fcr\u00fcnleri \u00f6nemli bir kaynakt\u0131r. <\/p>\n","protected":false},"excerpt":{"rendered":"<p>\u0130\u015fte \u0130bo&#8217;nun aya\u011f\u0131n\u0131 bast\u0131\u011f\u0131 toprak: Da\u011f ve zindan&#8230; \u0130\u015fte direncin kar\u015f\u0131s\u0131nda zalimin \u00e7aresi kal\u0131\u015f\u0131&#8230; Ve i\u015fkenceye kar\u015f\u0131 direni\u015fiyle efsanele\u015fen bir hayat&#8230; Nihat Behram&#8217;\u0131n, efsanele\u015fen unutulmaz kitab\u0131<span class=\"excerpt-hellip\"> [\u2026]<\/span><\/p>\n","protected":false},"featured_media":0,"template":"","meta":{"_monsterinsights_skip_tracking":false,"_monsterinsights_sitenote_active":false,"_monsterinsights_sitenote_note":"","_monsterinsights_sitenote_category":0},"product_brand":[],"product_cat":[18545,12291],"product_tag":[],"class_list":{"0":"post-775685","1":"product","2":"type-product","3":"status-publish","5":"product_cat-anlati","6":"product_cat-edebiyat","7":"pa_cilt-ciltsiz","8":"pa_tur-kitap","9":"pa_yayinevi-tekin-yayinevi","10":"pa_yazar-nihat-behram","12":"first","13":"instock","14":"sale","15":"shipping-taxable","16":"purchasable","17":"product-type-simple"},"_links":{"self":[{"href":"https:\/\/roveyayinevi.com.tr\/index.php\/wp-json\/wp\/v2\/product\/775685","targetHints":{"allow":["GET"]}}],"collection":[{"href":"https:\/\/roveyayinevi.com.tr\/index.php\/wp-json\/wp\/v2\/product"}],"about":[{"href":"https:\/\/roveyayinevi.com.tr\/index.php\/wp-json\/wp\/v2\/types\/product"}],"wp:attachment":[{"href":"https:\/\/roveyayinevi.com.tr\/index.php\/wp-json\/wp\/v2\/media?parent=775685"}],"wp:term":[{"taxonomy":"product_brand","embeddable":true,"href":"https:\/\/roveyayinevi.com.tr\/index.php\/wp-json\/wp\/v2\/product_brand?post=775685"},{"taxonomy":"product_cat","embeddable":true,"href":"https:\/\/roveyayinevi.com.tr\/index.php\/wp-json\/wp\/v2\/product_cat?post=775685"},{"taxonomy":"product_tag","embeddable":true,"href":"https:\/\/roveyayinevi.com.tr\/index.php\/wp-json\/wp\/v2\/product_tag?post=775685"}],"curies":[{"name":"wp","href":"https:\/\/api.w.org\/{rel}","templated":true}]}}