{"id":775683,"date":"2025-09-12T17:44:35","date_gmt":"2025-09-12T14:44:35","guid":{"rendered":"https:\/\/roveyayinevi.com.tr\/index.php\/urun\/hizmetci-serisi-3-kitaplik-kutulu-set\/"},"modified":"2025-09-30T20:10:58","modified_gmt":"2025-09-30T17:10:58","slug":"hizmetci-serisi-3-kitaplik-kutulu-set","status":"publish","type":"product","link":"https:\/\/roveyayinevi.com.tr\/index.php\/urun\/hizmetci-serisi-3-kitaplik-kutulu-set\/","title":{"rendered":"Hizmet\u00e7i Serisi &#8211; 3 Kitapl\u0131k Kutulu Set"},"content":{"rendered":"<p>SET\u0130N \u0130\u00c7\u0130NDEK\u0130LER:   Hizmet\u00e7i Hizmet\u00e7inin S\u0131rr\u0131 Hizmet\u00e7i \u0130zliyor <\/p>\n","protected":false},"excerpt":{"rendered":"<p>SET\u0130N \u0130\u00c7\u0130NDEK\u0130LER: Hizmet\u00e7i Hizmet\u00e7inin S\u0131rr\u0131 Hizmet\u00e7i \u0130zliyor<\/p>\n","protected":false},"featured_media":0,"template":"","meta":{"_monsterinsights_skip_tracking":false,"_monsterinsights_sitenote_active":false,"_monsterinsights_sitenote_note":"","_monsterinsights_sitenote_category":0},"product_brand":[],"product_cat":[12291,17033],"product_tag":[],"class_list":{"0":"post-775683","1":"product","2":"type-product","3":"status-publish","5":"product_cat-edebiyat","6":"product_cat-korku-gerilim","7":"pa_cilt-ciltsiz","8":"pa_tur-kitap","9":"pa_yayinevi-olimpos-yayinlari","10":"pa_yazar-freida-mcfadden","12":"first","13":"instock","14":"sale","15":"shipping-taxable","16":"purchasable","17":"product-type-simple"},"_links":{"self":[{"href":"https:\/\/roveyayinevi.com.tr\/index.php\/wp-json\/wp\/v2\/product\/775683","targetHints":{"allow":["GET"]}}],"collection":[{"href":"https:\/\/roveyayinevi.com.tr\/index.php\/wp-json\/wp\/v2\/product"}],"about":[{"href":"https:\/\/roveyayinevi.com.tr\/index.php\/wp-json\/wp\/v2\/types\/product"}],"wp:attachment":[{"href":"https:\/\/roveyayinevi.com.tr\/index.php\/wp-json\/wp\/v2\/media?parent=775683"}],"wp:term":[{"taxonomy":"product_brand","embeddable":true,"href":"https:\/\/roveyayinevi.com.tr\/index.php\/wp-json\/wp\/v2\/product_brand?post=775683"},{"taxonomy":"product_cat","embeddable":true,"href":"https:\/\/roveyayinevi.com.tr\/index.php\/wp-json\/wp\/v2\/product_cat?post=775683"},{"taxonomy":"product_tag","embeddable":true,"href":"https:\/\/roveyayinevi.com.tr\/index.php\/wp-json\/wp\/v2\/product_tag?post=775683"}],"curies":[{"name":"wp","href":"https:\/\/api.w.org\/{rel}","templated":true}]}}