{"id":775682,"date":"2025-09-12T17:19:36","date_gmt":"2025-09-12T14:19:36","guid":{"rendered":"https:\/\/roveyayinevi.com.tr\/index.php\/urun\/insanligimi-yitirirken-7\/"},"modified":"2026-04-16T03:13:35","modified_gmt":"2026-04-16T00:13:35","slug":"insanligimi-yitirirken-7","status":"publish","type":"product","link":"https:\/\/roveyayinevi.com.tr\/index.php\/urun\/insanligimi-yitirirken-7\/","title":{"rendered":"\u0130nsanl\u0131\u011f\u0131m\u0131 Yitirirken"},"content":{"rendered":"<p>Dazai\u2019nin yar\u0131 otobiyografik roman\u0131 \u0130nsanl\u0131\u011f\u0131m\u0131 Yitirirken, i\u00e7inde ya\u015fad\u0131\u011f\u0131 toplum taraf\u0131ndan kabul g\u00f6rmedi\u011fini hisseden ve yaln\u0131zl\u0131\u011f\u0131n varolu\u015fsal kayg\u0131s\u0131yla y\u00fczle\u015fmek zorunda kalan Yozo ad\u0131nda bir adam\u0131n hik\u00e2yesini anlat\u0131r. Yozo\u2019nun erken \u00e7ocukluk d\u00f6neminde ba\u015flayan etraf\u0131ndaki d\u00fcnyayla uzla\u015fma giri\u015fimleri, duydu\u011fu yabanc\u0131la\u015fma hissini maskelemek i\u00e7in maskaral\u0131klar sergiledi\u011fi lise y\u0131llar\u0131na kadar devam edecek ve yeti\u015fkinli\u011finde u\u00e7 noktalara varacakt\u0131r.   \u0130lk kez 1948\u2019de yay\u0131mlanan ve modern Japon edebiyat\u0131n\u0131n en \u00fcnl\u00fc romanlar\u0131ndan biri olan \u0130nsanl\u0131\u011f\u0131m\u0131 Yitirirken, bireyin topluma yabanc\u0131la\u015fmas\u0131n\u0131 t\u00fcm g\u00fcc\u00fcyle ortaya koyan bir eser.    \u201cDazai\u2019de sevmedi\u011fim \u015fey, tam da kendimde en \u00e7ok gizlemek istediklerimi ortaya \u00e7\u0131karmas\u0131.\u201d   Yukio Mi\u015fima <\/p>\n","protected":false},"excerpt":{"rendered":"<p>Dazai\u2019nin yar\u0131 otobiyografik roman\u0131 \u0130nsanl\u0131\u011f\u0131m\u0131 Yitirirken, i\u00e7inde ya\u015fad\u0131\u011f\u0131 toplum taraf\u0131ndan kabul g\u00f6rmedi\u011fini hisseden ve yaln\u0131zl\u0131\u011f\u0131n varolu\u015fsal kayg\u0131s\u0131yla y\u00fczle\u015fmek zorunda kalan Yozo ad\u0131nda bir adam\u0131n hik\u00e2yesini anlat\u0131r.<span class=\"excerpt-hellip\"> [\u2026]<\/span><\/p>\n","protected":false},"featured_media":0,"template":"","meta":{"_monsterinsights_skip_tracking":false,"_monsterinsights_sitenote_active":false,"_monsterinsights_sitenote_note":"","_monsterinsights_sitenote_category":0},"product_brand":[],"product_cat":[12291,12711],"product_tag":[],"class_list":{"0":"post-775682","1":"product","2":"type-product","3":"status-publish","5":"product_cat-edebiyat","6":"product_cat-roman-oyku","7":"pa_cilt-ciltsiz","8":"pa_tur-kitap","9":"pa_yayinevi-can-yayinlari","10":"pa_yazar-osamu-dazai","12":"first","13":"instock","14":"sale","15":"shipping-taxable","16":"purchasable","17":"product-type-simple"},"_links":{"self":[{"href":"https:\/\/roveyayinevi.com.tr\/index.php\/wp-json\/wp\/v2\/product\/775682","targetHints":{"allow":["GET"]}}],"collection":[{"href":"https:\/\/roveyayinevi.com.tr\/index.php\/wp-json\/wp\/v2\/product"}],"about":[{"href":"https:\/\/roveyayinevi.com.tr\/index.php\/wp-json\/wp\/v2\/types\/product"}],"wp:attachment":[{"href":"https:\/\/roveyayinevi.com.tr\/index.php\/wp-json\/wp\/v2\/media?parent=775682"}],"wp:term":[{"taxonomy":"product_brand","embeddable":true,"href":"https:\/\/roveyayinevi.com.tr\/index.php\/wp-json\/wp\/v2\/product_brand?post=775682"},{"taxonomy":"product_cat","embeddable":true,"href":"https:\/\/roveyayinevi.com.tr\/index.php\/wp-json\/wp\/v2\/product_cat?post=775682"},{"taxonomy":"product_tag","embeddable":true,"href":"https:\/\/roveyayinevi.com.tr\/index.php\/wp-json\/wp\/v2\/product_tag?post=775682"}],"curies":[{"name":"wp","href":"https:\/\/api.w.org\/{rel}","templated":true}]}}