{"id":775681,"date":"2025-09-12T17:19:04","date_gmt":"2025-09-12T14:19:04","guid":{"rendered":"https:\/\/roveyayinevi.com.tr\/index.php\/urun\/her-kimsen-ilk-set-ciltli\/"},"modified":"2026-04-16T03:13:34","modified_gmt":"2026-04-16T00:13:34","slug":"her-kimsen-ilk-set-ciltli","status":"publish","type":"product","link":"https:\/\/roveyayinevi.com.tr\/index.php\/urun\/her-kimsen-ilk-set-ciltli\/","title":{"rendered":"Her Kimsen (\u0130lk Set &#8211; Ciltli)"},"content":{"rendered":"<p>Efl\u00e2l serisinin \u00e7ok satan yazar\u0131ndan spor ve romantizm temal\u0131 yepyeni bir gen\u00e7lik kitab\u0131! Say\u0131n sen, ben Deva. Deva \u00c7etinceviz. Ad\u0131mdan da anlayaca\u011f\u0131n \u00fczere ben kolay lokma de\u011filim. Evet, babam beni erkek gibi b\u00fcy\u00fctt\u00fc ama \u00f6yle olmasayd\u0131 da ben tuttu\u011funu koparan bir kad\u0131n olurdum. Benim hik\u00e2yem, karde\u015fimin ba\u015f\u0131m\u0131za a\u00e7t\u0131\u011f\u0131 i\u015fler y\u00fcz\u00fcnden babam\u0131n benden yard\u0131m istemesiyle ba\u015flad\u0131. Ama bu sand\u0131\u011f\u0131n kadar k\u00fc\u00e7\u00fck bir yard\u0131m de\u011fildi. Yard\u0131mc\u0131 antren\u00f6rl\u00fck yapt\u0131\u011f\u0131 bir basketbol tak\u0131m\u0131nda iki ayl\u0131\u011f\u0131na onun yerine bakmam\u0131 istiyordu. Bu benim i\u00e7in \u00e7ocuk oyunca\u011f\u0131yd\u0131. \u0130\u015fi yerine getirebilecek kabiliyete sahiptim. Kolayl\u0131kla \u00fcstesinden gelebilirdim. Lakin k\u00fc\u00e7\u00fck bir sorunumuz vard\u0131. Bu i\u015fi erkek k\u0131l\u0131\u011f\u0131na girerek yapmak zorundayd\u0131m. Hem de bir erkek basketbol tak\u0131m\u0131nda. Anlayaca\u011f\u0131n \u00fczere olaylar kar\u0131\u015f\u0131k, yolumuz engebeli. Ve ben agresif bir \u015fof\u00f6r\u00fcm. Erkek gibi b\u00fcy\u00fcmekle erkek olmak aras\u0131ndaki fark\u0131 g\u00f6rece\u011fim bu yolda bana e\u015flik edersen kendimi daha az yaln\u0131z hissederim. Haz\u0131rsan ba\u015flayal\u0131m m\u0131?<\/p>\n","protected":false},"excerpt":{"rendered":"<p>Efl\u00e2l serisinin \u00e7ok satan yazar\u0131ndan spor ve romantizm temal\u0131 yepyeni bir gen\u00e7lik kitab\u0131! Say\u0131n sen, ben Deva. Deva \u00c7etinceviz. Ad\u0131mdan da anlayaca\u011f\u0131n \u00fczere ben kolay lokma<span class=\"excerpt-hellip\"> [\u2026]<\/span><\/p>\n","protected":false},"featured_media":0,"template":"","meta":{"_monsterinsights_skip_tracking":false,"_monsterinsights_sitenote_active":false,"_monsterinsights_sitenote_note":"","_monsterinsights_sitenote_category":0},"product_brand":[],"product_cat":[12291,12711],"product_tag":[],"class_list":{"0":"post-775681","1":"product","2":"type-product","3":"status-publish","5":"product_cat-edebiyat","6":"product_cat-roman-oyku","7":"pa_cilt-ciltli","8":"pa_tur-kitap","9":"pa_yayinevi-alfa-yayinlari","10":"pa_yazar-r-ideli","12":"first","13":"instock","14":"sale","15":"shipping-taxable","16":"purchasable","17":"product-type-simple"},"_links":{"self":[{"href":"https:\/\/roveyayinevi.com.tr\/index.php\/wp-json\/wp\/v2\/product\/775681","targetHints":{"allow":["GET"]}}],"collection":[{"href":"https:\/\/roveyayinevi.com.tr\/index.php\/wp-json\/wp\/v2\/product"}],"about":[{"href":"https:\/\/roveyayinevi.com.tr\/index.php\/wp-json\/wp\/v2\/types\/product"}],"wp:attachment":[{"href":"https:\/\/roveyayinevi.com.tr\/index.php\/wp-json\/wp\/v2\/media?parent=775681"}],"wp:term":[{"taxonomy":"product_brand","embeddable":true,"href":"https:\/\/roveyayinevi.com.tr\/index.php\/wp-json\/wp\/v2\/product_brand?post=775681"},{"taxonomy":"product_cat","embeddable":true,"href":"https:\/\/roveyayinevi.com.tr\/index.php\/wp-json\/wp\/v2\/product_cat?post=775681"},{"taxonomy":"product_tag","embeddable":true,"href":"https:\/\/roveyayinevi.com.tr\/index.php\/wp-json\/wp\/v2\/product_tag?post=775681"}],"curies":[{"name":"wp","href":"https:\/\/api.w.org\/{rel}","templated":true}]}}