{"id":775679,"date":"2025-09-12T16:37:59","date_gmt":"2025-09-12T13:37:59","guid":{"rendered":"https:\/\/roveyayinevi.com.tr\/index.php\/urun\/dorduncu-kanat\/"},"modified":"2025-09-18T03:43:45","modified_gmt":"2025-09-18T00:43:45","slug":"dorduncu-kanat","status":"publish","type":"product","link":"https:\/\/roveyayinevi.com.tr\/index.php\/urun\/dorduncu-kanat\/","title":{"rendered":"D\u00f6rd\u00fcnc\u00fc Kanat"},"content":{"rendered":"<p>New YorkTimes \u00e7oksatan yazar\u0131 Rebecca Yarros\u2019un kaleminden ejderha binicilerine \u00f6zel sava\u015f akademisinin se\u00e7kin ve ac\u0131mas\u0131z du\u0308nyas\u0131na ho\u015f geldiniz! Kitaplar ve tarih aras\u0131nda sakin bir hayat su\u0308ren yirmi ya\u015f\u0131ndaki Violet Sorrengail\u2019in K\u00e2tipler B\u00f6lu\u0308\u011fu\u0308\u2019ne girmesi beklenmektedir. Ancak general \u2013ayn\u0131 zamanda pen\u00e7e kadar sert olarak bilinen annesi\u2013 onun Navarre\u2019\u0131n se\u00e7kinlerinden biri, yani bir ejderha binicisi olmas\u0131 i\u00e7in yu\u0308zlerce aday\u0131n aras\u0131na kat\u0131lmas\u0131n\u0131 emreder. Fakat herkesten ufak ve narin oldu\u011funuzda \u00f6lmek an meselesidir&#8230; \u00e7u\u0308nku\u0308 ejderhalar \u201ck\u0131r\u0131lgan\u201d insanlarla ba\u011f kurmazlar. Onlar\u0131 ku\u0308le \u00e7evirirler. Ba\u011f kurmak isteyen ejderhalar\u0131n say\u0131s\u0131 adaylar\u0131n say\u0131s\u0131ndan az oldu\u011fu i\u00e7in \u00e7o\u011fu aday ba\u015far\u0131 \u015fans\u0131n\u0131 art\u0131rmak ad\u0131na Violet\u2019\u0131 \u00f6ldu\u0308rmeye haz\u0131rd\u0131r. Kalanlarsa onu s\u0131rf annesinin k\u0131z\u0131 oldu\u011fu i\u00e7in \u00f6ldu\u0308rmek ister, t\u0131pk\u0131 Biniciler B\u00f6lu\u0308\u011fu\u0308\u2019nu\u0308n en gu\u0308\u00e7lu\u0308 ve de en ac\u0131mas\u0131z kanat lideri Xaden Riorson gibi. Violet, bir sonraki gu\u0308n do\u011fumunu g\u00f6rmek i\u00e7in bile zek\u00e2s\u0131n\u0131n her zerresini kullanmak zorundad\u0131r. \u00d6te yandan her ge\u00e7en gu\u0308n d\u0131\u015far\u0131daki sava\u015f daha \u00f6lu\u0308mcu\u0308l bir h\u00e2l almakta, krall\u0131\u011f\u0131n koruma b\u00f6lgeleri tek tek y\u0131k\u0131lmakta ve \u00f6lu\u0308 say\u0131s\u0131 artmaktad\u0131r. Daha da k\u00f6tu\u0308su\u0308, Violet \u00f6nderlerinin korkun\u00e7 bir s\u0131r saklad\u0131klar\u0131ndan \u015fu\u0308phelenmektedir. Arkada\u015flar, du\u0308\u015fmanlar, sevgililer\u2026 Basgiath Sava\u015f Akademisi\u2019ndeki herkesin saklad\u0131\u011f\u0131 bir \u015feyler vard\u0131r \u00e7u\u0308nku\u0308 bu akademiye bir kez girdiniz mi sadece iki \u015fekilde \u00e7\u0131kabilirsiniz: mezun olarak ya da \u00f6lerek. <\/p>\n","protected":false},"excerpt":{"rendered":"<p>New YorkTimes \u00e7oksatan yazar\u0131 Rebecca Yarros\u2019un kaleminden ejderha binicilerine \u00f6zel sava\u015f akademisinin se\u00e7kin ve ac\u0131mas\u0131z du\u0308nyas\u0131na ho\u015f geldiniz! Kitaplar ve tarih aras\u0131nda sakin bir hayat su\u0308ren<span class=\"excerpt-hellip\"> [\u2026]<\/span><\/p>\n","protected":false},"featured_media":0,"template":"","meta":{"_monsterinsights_skip_tracking":false,"_monsterinsights_sitenote_active":false,"_monsterinsights_sitenote_note":"","_monsterinsights_sitenote_category":0},"product_brand":[],"product_cat":[12291,14777],"product_tag":[],"class_list":{"0":"post-775679","1":"product","2":"type-product","3":"status-publish","5":"product_cat-edebiyat","6":"product_cat-fantastik","7":"pa_cilt-ciltsiz","8":"pa_tur-kitap","9":"pa_yayinevi-olimpos-yayinlari","10":"pa_yazar-rebecca-yarros","12":"first","13":"instock","14":"sale","15":"shipping-taxable","16":"purchasable","17":"product-type-simple"},"_links":{"self":[{"href":"https:\/\/roveyayinevi.com.tr\/index.php\/wp-json\/wp\/v2\/product\/775679","targetHints":{"allow":["GET"]}}],"collection":[{"href":"https:\/\/roveyayinevi.com.tr\/index.php\/wp-json\/wp\/v2\/product"}],"about":[{"href":"https:\/\/roveyayinevi.com.tr\/index.php\/wp-json\/wp\/v2\/types\/product"}],"wp:attachment":[{"href":"https:\/\/roveyayinevi.com.tr\/index.php\/wp-json\/wp\/v2\/media?parent=775679"}],"wp:term":[{"taxonomy":"product_brand","embeddable":true,"href":"https:\/\/roveyayinevi.com.tr\/index.php\/wp-json\/wp\/v2\/product_brand?post=775679"},{"taxonomy":"product_cat","embeddable":true,"href":"https:\/\/roveyayinevi.com.tr\/index.php\/wp-json\/wp\/v2\/product_cat?post=775679"},{"taxonomy":"product_tag","embeddable":true,"href":"https:\/\/roveyayinevi.com.tr\/index.php\/wp-json\/wp\/v2\/product_tag?post=775679"}],"curies":[{"name":"wp","href":"https:\/\/api.w.org\/{rel}","templated":true}]}}