{"id":775676,"date":"2025-09-12T16:03:45","date_gmt":"2025-09-12T13:03:45","guid":{"rendered":"https:\/\/roveyayinevi.com.tr\/index.php\/urun\/dijital-enfeksiyon\/"},"modified":"2026-04-16T03:03:04","modified_gmt":"2026-04-16T00:03:04","slug":"dijital-enfeksiyon","status":"publish","type":"product","link":"https:\/\/roveyayinevi.com.tr\/index.php\/urun\/dijital-enfeksiyon\/","title":{"rendered":"Dijital Enfeksiyon"},"content":{"rendered":"<p>Suat\u2019\u0131n art\u0131k kendi bilgisayar\u0131 vard\u0131r ve vaktinin b\u00fcy\u00fck bir k\u0131sm\u0131n\u0131 bilgisayar ba\u015f\u0131nda, oyun \u00e2leminde tozu dumana katarak ge\u00e7irmektedir. Oyun oynarken gelen g\u00fcncelleme uyar\u0131s\u0131n\u0131 dikkatli bir \u015fekilde okumadan onaylar ve olanlar olur.  Vir\u00fcs sadece Suat\u2019\u0131n bilgisayar\u0131n\u0131 etkilememi\u015ftir, ba\u011flant\u0131yla evdeki t\u00fcm bilgisayarlara yerle\u015fir ve hepsi \u00e7\u00f6ker. \u00dcstelik sorun sadece Suatlar\u0131n evi ile de s\u0131n\u0131rl\u0131 de\u011fildir. Suat yeni bilgisayar\u0131n\u0131n \u00e7\u00f6kt\u00fc\u011f\u00fcne mi, ablas\u0131n\u0131n \u00f6devlerinin kayboldu\u011funa m\u0131, telefonlar\u0131n bile kullan\u0131lmaz oldu\u011funa m\u0131 \u00fcz\u00fcls\u00fcn. Bu dijital sorun nas\u0131l \u00e7\u00f6z\u00fclecektir?Teknoloji kullan\u0131m\u0131, bilgisayar oyunlar\u0131, aile ili\u015fkileri, sorumluluk ile ilgili s\u0131cac\u0131k bir hik\u00e2ye.  <\/p>\n","protected":false},"excerpt":{"rendered":"<p>Suat\u2019\u0131n art\u0131k kendi bilgisayar\u0131 vard\u0131r ve vaktinin b\u00fcy\u00fck bir k\u0131sm\u0131n\u0131 bilgisayar ba\u015f\u0131nda, oyun \u00e2leminde tozu dumana katarak ge\u00e7irmektedir. Oyun oynarken gelen g\u00fcncelleme uyar\u0131s\u0131n\u0131 dikkatli bir \u015fekilde<span class=\"excerpt-hellip\"> [\u2026]<\/span><\/p>\n","protected":false},"featured_media":0,"template":"","meta":{"_monsterinsights_skip_tracking":false,"_monsterinsights_sitenote_active":false,"_monsterinsights_sitenote_note":"","_monsterinsights_sitenote_category":0},"product_brand":[],"product_cat":[12274,12284],"product_tag":[],"class_list":{"0":"post-775676","1":"product","2":"type-product","3":"status-publish","5":"product_cat-cocuk-ve-genclik-kitaplari","6":"product_cat-hikayeler","7":"pa_cilt-ciltsiz","8":"pa_tur-kitap","9":"pa_yayinevi-erdem-cocuk","10":"pa_yazar-feyza-sahin","12":"first","13":"instock","14":"sale","15":"shipping-taxable","16":"purchasable","17":"product-type-simple"},"_links":{"self":[{"href":"https:\/\/roveyayinevi.com.tr\/index.php\/wp-json\/wp\/v2\/product\/775676","targetHints":{"allow":["GET"]}}],"collection":[{"href":"https:\/\/roveyayinevi.com.tr\/index.php\/wp-json\/wp\/v2\/product"}],"about":[{"href":"https:\/\/roveyayinevi.com.tr\/index.php\/wp-json\/wp\/v2\/types\/product"}],"wp:attachment":[{"href":"https:\/\/roveyayinevi.com.tr\/index.php\/wp-json\/wp\/v2\/media?parent=775676"}],"wp:term":[{"taxonomy":"product_brand","embeddable":true,"href":"https:\/\/roveyayinevi.com.tr\/index.php\/wp-json\/wp\/v2\/product_brand?post=775676"},{"taxonomy":"product_cat","embeddable":true,"href":"https:\/\/roveyayinevi.com.tr\/index.php\/wp-json\/wp\/v2\/product_cat?post=775676"},{"taxonomy":"product_tag","embeddable":true,"href":"https:\/\/roveyayinevi.com.tr\/index.php\/wp-json\/wp\/v2\/product_tag?post=775676"}],"curies":[{"name":"wp","href":"https:\/\/api.w.org\/{rel}","templated":true}]}}