{"id":775670,"date":"2025-09-12T13:20:28","date_gmt":"2025-09-12T10:20:28","guid":{"rendered":"https:\/\/roveyayinevi.com.tr\/index.php\/urun\/eski-cagda-sivas-ve-cevresi\/"},"modified":"2026-04-16T02:32:54","modified_gmt":"2026-04-15T23:32:54","slug":"eski-cagda-sivas-ve-cevresi","status":"publish","type":"product","link":"https:\/\/roveyayinevi.com.tr\/index.php\/urun\/eski-cagda-sivas-ve-cevresi\/","title":{"rendered":"Eski \u00c7a\u011fda Sivas Ve \u00c7evresi"},"content":{"rendered":"<p>Yukar\u0131 K\u0131z\u0131l\u0131rmak Havzas\u0131\u2019nda yer alan Sivas, Anadolu\u2019nun k\u00f6kl\u00fc ge\u00e7mi\u015fe sahip olanillerinden biridir. Sahip oldu\u011fu co\u011frafi avantajlar sayesinde her d\u00f6nemde hareketli bir \u015fehirolan Sivas\u2019\u0131n Prehistorik D\u00f6nem\u2019e kadar eskiye dayanan ge\u00e7mi\u015finin izleri, g\u00fcn\u00fcm\u00fczde say\u0131s\u0131zk\u00fclt\u00fcr varl\u0131\u011f\u0131 ile belgelenmektedir. \u015eehri Eski\u00e7a\u011f tarihinde \u00f6nemli k\u0131lan ayr\u0131cal\u0131klar\u0131ndan birihem Koloni hem de Hitit D\u00f6nemi\u2019ne ait \u00e7ivi yaz\u0131l\u0131 kaynaklar bar\u0131nd\u0131rmas\u0131d\u0131r. Koloni ve Hititd\u00f6nemlerinde isk\u00e2n g\u00f6ren Kayal\u0131p\u0131nar (\u0160amuha) ve bir Hitit kenti olan Ku\u015fakl\u0131 (\u0160ari\u0161\u0161a)\u2019dad\u00f6nemleri hakk\u0131nda \u00f6nemli bilgiler i\u00e7eren \u00e7ivi yaz\u0131l\u0131 ar\u015fivler ele ge\u00e7irilmi\u015ftir. Ayr\u0131ca \u0160ari\u0161\u0161a\u015fehrinin ad\u0131 M\u0131s\u0131r-Hitit devletleri aras\u0131nda ger\u00e7ekle\u015fen Kade\u015f Sava\u015f\u0131\u2019ndan yakla\u015f\u0131k 16 y\u0131lsonra imzalanan bar\u0131\u015f antla\u015fmas\u0131nda da ge\u00e7mektedir. \u0160ari\u0161\u0161a \u015eehri\u2019nin F\u0131rt\u0131na Tanr\u0131s\u0131\u2019n\u0131nad\u0131n\u0131n antla\u015fmadaki dokuz tanr\u0131n\u0131n aras\u0131nda yer almas\u0131, Hititlerin bu kente ve tanr\u0131s\u0131na ayr\u0131bir \u00f6nem y\u00fckledi\u011fini g\u00f6stermektedir. 1940\u2019l\u0131 y\u0131llar\u0131n ba\u015flar\u0131ndan itibaren ger\u00e7ekle\u015ftirileny\u00fczey ara\u015ft\u0131rmas\u0131 ve arkeolojik kaz\u0131 \u00e7al\u0131\u015fmalar\u0131 sonucunda, \u015fehirde tarih \u00f6ncesi d\u00f6nemin yan\u0131s\u0131ra Koloni, Hitit, Helenistik ve Roma d\u00f6nemlerine ait izlere de rastlan\u0131lmaktad\u0131r. Koloni\u00c7a\u011f\u0131\u2019nda ticaret, Hititler zaman\u0131nda askeri seferler ve dini merkezler ile g\u00fcndemde olan kent,Roma D\u00f6nemi\u2019nde Sebasteia\u2019n\u0131n K\u0131rk \u015eehidi olarak bilinen Hristiyan azizleri ilean\u0131lmaktad\u0131r.<\/p>\n","protected":false},"excerpt":{"rendered":"<p>Yukar\u0131 K\u0131z\u0131l\u0131rmak Havzas\u0131\u2019nda yer alan Sivas, Anadolu\u2019nun k\u00f6kl\u00fc ge\u00e7mi\u015fe sahip olanillerinden biridir. Sahip oldu\u011fu co\u011frafi avantajlar sayesinde her d\u00f6nemde hareketli bir \u015fehirolan Sivas\u2019\u0131n Prehistorik D\u00f6nem\u2019e kadar<span class=\"excerpt-hellip\"> [\u2026]<\/span><\/p>\n","protected":false},"featured_media":0,"template":"","meta":{"_monsterinsights_skip_tracking":false,"_monsterinsights_sitenote_active":false,"_monsterinsights_sitenote_note":"","_monsterinsights_sitenote_category":0},"product_brand":[],"product_cat":[12370,12304],"product_tag":[],"class_list":{"0":"post-775670","1":"product","2":"type-product","3":"status-publish","5":"product_cat-arastirma-inceleme","6":"product_cat-tarih","7":"pa_cilt-ciltsiz","8":"pa_tur-kitap","9":"pa_yayinevi-bilgin-kultur-sanat","10":"pa_yazar-hulya-kaya-hasdemir","12":"first","13":"instock","14":"sale","15":"shipping-taxable","16":"purchasable","17":"product-type-simple"},"_links":{"self":[{"href":"https:\/\/roveyayinevi.com.tr\/index.php\/wp-json\/wp\/v2\/product\/775670","targetHints":{"allow":["GET"]}}],"collection":[{"href":"https:\/\/roveyayinevi.com.tr\/index.php\/wp-json\/wp\/v2\/product"}],"about":[{"href":"https:\/\/roveyayinevi.com.tr\/index.php\/wp-json\/wp\/v2\/types\/product"}],"wp:attachment":[{"href":"https:\/\/roveyayinevi.com.tr\/index.php\/wp-json\/wp\/v2\/media?parent=775670"}],"wp:term":[{"taxonomy":"product_brand","embeddable":true,"href":"https:\/\/roveyayinevi.com.tr\/index.php\/wp-json\/wp\/v2\/product_brand?post=775670"},{"taxonomy":"product_cat","embeddable":true,"href":"https:\/\/roveyayinevi.com.tr\/index.php\/wp-json\/wp\/v2\/product_cat?post=775670"},{"taxonomy":"product_tag","embeddable":true,"href":"https:\/\/roveyayinevi.com.tr\/index.php\/wp-json\/wp\/v2\/product_tag?post=775670"}],"curies":[{"name":"wp","href":"https:\/\/api.w.org\/{rel}","templated":true}]}}