{"id":775669,"date":"2025-09-12T13:19:24","date_gmt":"2025-09-12T10:19:24","guid":{"rendered":"https:\/\/roveyayinevi.com.tr\/index.php\/urun\/en-huzunlu-eylul\/"},"modified":"2026-04-16T02:32:50","modified_gmt":"2026-04-15T23:32:50","slug":"en-huzunlu-eylul","status":"publish","type":"product","link":"https:\/\/roveyayinevi.com.tr\/index.php\/urun\/en-huzunlu-eylul\/","title":{"rendered":"En H\u00fcz\u00fcnl\u00fc Eyl\u00fcl"},"content":{"rendered":"<p>H\u00fcz\u00fcnl\u00fcd\u00fcr \u0130stanbul, Eyl\u00fcl 1955\u2019ten beri&#8230;Kadim kentin destans\u0131 tarihinde, 6\/7 Eyl\u00fcl 1955\u2019te ya\u015fanan b\u00fcy\u00fck y\u0131k\u0131m ku\u015fkusuz \u00e7ok \u00f6zel bir yer tutar.Ac\u0131s\u0131 hep s\u00fcrecek bu b\u00fcy\u00fck alt\u00fcst olu\u015f, toplumsal oldu\u011fu kadar bireysel anlamda da derin k\u0131r\u0131lmalara yol a\u00e7m\u0131\u015ft\u0131r. T\u0131pk\u0131 Suzan ve Yorgo\u2019nun a\u015fk\u0131nda oldu\u011fu gibi.Suzan ve \u201csevgili papaz\u0131\u201dn\u0131n b\u00fcy\u00fck dram\u0131n\u0131 okurken, kendinizi \u0130stanbul dekorunda, tarihin i\u00e7inde, \u201csoluksuz ve dipsiz\u201d bir yolculu\u011fa \u00e7\u0131km\u0131\u015f bulacaks\u0131n\u0131z.Bir yas, be\u015f y\u0131l s\u00fcreyle her g\u00fcn ve yirmi d\u00f6rt saat tutulur mu?Suzan ve Yorgo\u2019nun a\u015fk\u0131 kadar b\u00fcy\u00fckse, evet!Balc\u0131gil roman\u0131na \u201cS\u00f6yledim ve ruhumu kurtard\u0131m!\u201d diye ba\u015fl\u0131yor. \u00c7\u00fcnk\u00fc, hepinizin merak etti\u011fi \u00f6nemli nedenleri var.EN H\u00dcZ\u00dcNL\u00dc EYL\u00dcL b\u00fcy\u00fck bir a\u015fk\u0131n oldu\u011fu kadar, b\u00fcy\u00fck bir hesapla\u015fman\u0131n da roman\u0131.<\/p>\n","protected":false},"excerpt":{"rendered":"<p>H\u00fcz\u00fcnl\u00fcd\u00fcr \u0130stanbul, Eyl\u00fcl 1955\u2019ten beri&#8230;Kadim kentin destans\u0131 tarihinde, 6\/7 Eyl\u00fcl 1955\u2019te ya\u015fanan b\u00fcy\u00fck y\u0131k\u0131m ku\u015fkusuz \u00e7ok \u00f6zel bir yer tutar.Ac\u0131s\u0131 hep s\u00fcrecek bu b\u00fcy\u00fck alt\u00fcst olu\u015f,<span class=\"excerpt-hellip\"> [\u2026]<\/span><\/p>\n","protected":false},"featured_media":0,"template":"","meta":{"_monsterinsights_skip_tracking":false,"_monsterinsights_sitenote_active":false,"_monsterinsights_sitenote_note":"","_monsterinsights_sitenote_category":0},"product_brand":[],"product_cat":[12291,12711],"product_tag":[],"class_list":{"0":"post-775669","1":"product","2":"type-product","3":"status-publish","5":"product_cat-edebiyat","6":"product_cat-roman-oyku","7":"pa_cilt-ciltsiz","8":"pa_tur-kitap","9":"pa_yayinevi-destek-yayinlari","10":"pa_yazar-osman-balcigil","12":"first","13":"instock","14":"sale","15":"shipping-taxable","16":"purchasable","17":"product-type-simple"},"_links":{"self":[{"href":"https:\/\/roveyayinevi.com.tr\/index.php\/wp-json\/wp\/v2\/product\/775669","targetHints":{"allow":["GET"]}}],"collection":[{"href":"https:\/\/roveyayinevi.com.tr\/index.php\/wp-json\/wp\/v2\/product"}],"about":[{"href":"https:\/\/roveyayinevi.com.tr\/index.php\/wp-json\/wp\/v2\/types\/product"}],"wp:attachment":[{"href":"https:\/\/roveyayinevi.com.tr\/index.php\/wp-json\/wp\/v2\/media?parent=775669"}],"wp:term":[{"taxonomy":"product_brand","embeddable":true,"href":"https:\/\/roveyayinevi.com.tr\/index.php\/wp-json\/wp\/v2\/product_brand?post=775669"},{"taxonomy":"product_cat","embeddable":true,"href":"https:\/\/roveyayinevi.com.tr\/index.php\/wp-json\/wp\/v2\/product_cat?post=775669"},{"taxonomy":"product_tag","embeddable":true,"href":"https:\/\/roveyayinevi.com.tr\/index.php\/wp-json\/wp\/v2\/product_tag?post=775669"}],"curies":[{"name":"wp","href":"https:\/\/api.w.org\/{rel}","templated":true}]}}