{"id":775668,"date":"2025-09-12T13:14:42","date_gmt":"2025-09-12T10:14:42","guid":{"rendered":"https:\/\/roveyayinevi.com.tr\/index.php\/urun\/mahabharata-sabha-parva-2-kitap\/"},"modified":"2026-04-02T02:43:01","modified_gmt":"2026-04-01T23:43:01","slug":"mahabharata-sabha-parva-2-kitap","status":"publish","type":"product","link":"https:\/\/roveyayinevi.com.tr\/index.php\/urun\/mahabharata-sabha-parva-2-kitap\/","title":{"rendered":"Mahabharata &#8211; Sabha Parva (2. Kitap)"},"content":{"rendered":"<p>Anonim oldu\u011fu konusunda baz\u0131 s\u00f6ylemler olsa da t\u00fcm d\u00fcnya Bharata soyunun destans\u0131 hik\u00e2yesini, kendinden \u00f6nceki ve sonraki zamanlar\u0131 bilme g\u00fcc\u00fc kendisine verilmi\u015f olan Kri\u015fna Vyasa Dvaipayana\u2019nin yazd\u0131\u011f\u0131 y\u00fcz bin beyitten olu\u015fan Mahabharata anlat\u0131s\u0131yla \u00f6\u011frendi.D\u00fcnyada, kitap haline getirilmi\u015f ilk destan\u0131 Mahabharata, Sanskrit dilinde (Sanskrit\u00e7e) yaz\u0131lm\u0131\u015f olup on sekiz kitapl\u0131k bir dizidir. Ana kayna\u011f\u0131ndan \u015fiirsel anlat\u0131m\u0131na sad\u0131k kalarak Ay\u00e2sya taraf\u0131ndan yorumsuz \u00e7evrilmi\u015ftir.Bu destan kendi i\u00e7inde kendini olu\u015fturan hik\u00e2yeleri ve b\u00f6l\u00fcmleriyle insanl\u0131\u011f\u0131n d\u00f6ng\u00fcs\u00fcn\u00fc anlatmaktad\u0131r.\u201cMaya, Kri\u015fna\u2019n\u0131n bu iste\u011fini duyunca kalbi heyecanla \u00e7arpt\u0131. Tanr\u0131lar\u0131n g\u00f6ksel saraylar\u0131na denk bir saray\u0131 yery\u00fcz\u00fcnde in\u015fa edecek olman\u0131n mutlulu\u011fu bir kenara, Krallar\u0131n Kral\u0131 Yudhi\u015fthira\u2019y\u0131 mutlu edecek bir hizmette bulunmak, zaten \u00e7ok y\u00fcce bir g\u00f6revdi.\u201d***\u201cB\u00f6ylece onun benden istedi\u011fi her \u015feyi yerine getirdim. Ancak Vidura, Draupadi\u2019ye yap\u0131lanlar\u0131n Bharata soyunun yok edilmesi h\u00fckm\u00fcn\u00fcn verilmesine neden oldu\u011funu s\u00f6yledi.\u201d<\/p>\n","protected":false},"excerpt":{"rendered":"<p>Anonim oldu\u011fu konusunda baz\u0131 s\u00f6ylemler olsa da t\u00fcm d\u00fcnya Bharata soyunun destans\u0131 hik\u00e2yesini, kendinden \u00f6nceki ve sonraki zamanlar\u0131 bilme g\u00fcc\u00fc kendisine verilmi\u015f olan Kri\u015fna Vyasa Dvaipayana\u2019nin<span class=\"excerpt-hellip\"> [\u2026]<\/span><\/p>\n","protected":false},"featured_media":0,"template":"","meta":{"_monsterinsights_skip_tracking":false,"_monsterinsights_sitenote_active":false,"_monsterinsights_sitenote_note":"","_monsterinsights_sitenote_category":0},"product_brand":[],"product_cat":[12291,13706],"product_tag":[],"class_list":{"0":"post-775668","1":"product","2":"type-product","3":"status-publish","5":"product_cat-edebiyat","6":"product_cat-efsane-destan-masal","7":"pa_cilt-ciltsiz","8":"pa_tur-kitap","9":"pa_yayinevi-vaveyla-yayincilik","10":"pa_yazar-ayasya","12":"first","13":"instock","14":"sale","15":"shipping-taxable","16":"purchasable","17":"product-type-simple"},"_links":{"self":[{"href":"https:\/\/roveyayinevi.com.tr\/index.php\/wp-json\/wp\/v2\/product\/775668","targetHints":{"allow":["GET"]}}],"collection":[{"href":"https:\/\/roveyayinevi.com.tr\/index.php\/wp-json\/wp\/v2\/product"}],"about":[{"href":"https:\/\/roveyayinevi.com.tr\/index.php\/wp-json\/wp\/v2\/types\/product"}],"wp:attachment":[{"href":"https:\/\/roveyayinevi.com.tr\/index.php\/wp-json\/wp\/v2\/media?parent=775668"}],"wp:term":[{"taxonomy":"product_brand","embeddable":true,"href":"https:\/\/roveyayinevi.com.tr\/index.php\/wp-json\/wp\/v2\/product_brand?post=775668"},{"taxonomy":"product_cat","embeddable":true,"href":"https:\/\/roveyayinevi.com.tr\/index.php\/wp-json\/wp\/v2\/product_cat?post=775668"},{"taxonomy":"product_tag","embeddable":true,"href":"https:\/\/roveyayinevi.com.tr\/index.php\/wp-json\/wp\/v2\/product_tag?post=775668"}],"curies":[{"name":"wp","href":"https:\/\/api.w.org\/{rel}","templated":true}]}}