{"id":775667,"date":"2025-09-12T12:36:40","date_gmt":"2025-09-12T09:36:40","guid":{"rendered":"https:\/\/roveyayinevi.com.tr\/index.php\/urun\/titresimini-yukselt-hayatin-degissin\/"},"modified":"2026-04-13T02:33:14","modified_gmt":"2026-04-12T23:33:14","slug":"titresimini-yukselt-hayatin-degissin","status":"publish","type":"product","link":"https:\/\/roveyayinevi.com.tr\/index.php\/urun\/titresimini-yukselt-hayatin-degissin\/","title":{"rendered":"Titre\u015fimini Y\u00fckselt Hayat\u0131n De\u011fi\u015fsin"},"content":{"rendered":"<p>\u201cEvrenin s\u0131rlar\u0131n\u0131 bulmak istiyorsan, enerji, frekans ve titre\u015fimi d\u00fc\u015f\u00fcn.\u201d Nikola Tesla   Canl\u0131 cans\u0131z her \u015feyin enerjisi var. Dolay\u0131s\u0131yla her \u015fey titre\u015fimden ibaret&#8230; \u0130nsan da, d\u00fc\u015f\u00fcnce de, sevgi de, besin de, e\u015fya da&#8230; Elbette D\u00fcnya da bir enerji alan\u0131na sahip&#8230; \u00dcstelik d\u00f6rt bu\u00e7uk milyar ya\u015f\u0131ndaki D\u00fcnya\u2019n\u0131n enerji alan\u0131 b\u00fcy\u00fck bir de\u011fi\u015fim s\u00fcrecinden ge\u00e7iyor. Hepimiz D\u00fcnya\u2019n\u0131n ge\u00e7irdi\u011fi de\u011fi\u015fimden etkileniyoruz. Bu y\u00fczden bedenimizin t\u00fcm enerji alan\u0131, atom alt\u0131 d\u00fczeyden h\u00fccresel d\u00fczeye kadar yepyeni bir dengeyle tan\u0131\u015f\u0131yor ki, bu k\u00f6kl\u00fc de\u011fi\u015fim elbette hayat\u0131m\u0131z\u0131 ve sa\u011fl\u0131\u011f\u0131m\u0131z\u0131 fazlas\u0131yla etkiliyor. Hatta b\u00fcy\u00fck bir i\u00e7sel biyolojik gerilime sebep oluyor. Beraberinde hastal\u0131klar\u0131, yorgunlu\u011fu, duygusal kaoslar\u0131 ve \u00e7alkant\u0131l\u0131 ruh hallerini de getiriyor. O halde kimler hal b\u00f6yleyken d\u00fcnyan\u0131n de\u011fi\u015fen titre\u015fimiyle birlikte sa\u011fl\u0131kl\u0131 ve mutlu bir ya\u015fam in\u015fa edebilecek, kimler sonsuz ve y\u0131k\u0131c\u0131 bir kaosla m\u00fccadele i\u00e7inde sa\u011fl\u0131ks\u0131z ve mutsuz bir ya\u015fama mahk\u00fbm kalacak? Binlerce y\u0131ll\u0131k kadim kaynaklar\u0131n da i\u015faret etti\u011fi gibi, de\u011fi\u015fime ayak uydurabilenler, sa\u011fl\u0131kl\u0131 ve mutlu bir ya\u015fam deneyimleyebileceklerdir. Bu y\u00fczden \u201ctitre\u015fim\u201d \u00fczerinde bilin\u00e7li \u00e7al\u0131\u015fmak hem ya\u015fam kalitesini fazlas\u0131yla etkileyecektir.hem de de\u011fi\u015fim s\u00fcrecinin kaosa d\u00f6n\u00fc\u015fmesine izin vermeyecektir. B\u00fct\u00fcnsel \u015fifa uzman\u0131 ve klinik aromaterapist Ay\u015fe Tolga\u2019n\u0131n kaleme ald\u0131\u011f\u0131 T\u0130TRE\u015e\u0130M\u0130N\u0130 Y\u00dcKSELT HAYATIN DE\u011e\u0130\u015eS\u0130N d\u00fc\u015f\u00fcncelerimizden yedi\u011fimiz besinlere, i\u00e7ti\u011fimiz sudan kulland\u0131\u011f\u0131m\u0131z e\u015fyalara kadar \u00e7ok geni\u015f bir alanda titre\u015fimi y\u00fckseltmenin ve titre\u015fimi y\u00fcksek bir d\u00fcnyada sa\u011fl\u0131kl\u0131 bir ya\u015fam in\u015fa etmenin incelikleriyle ve teknikleriyle dolu bir yol haritas\u0131 olarak d\u00fcnyan\u0131n de\u011fi\u015fim s\u00fcrecine rehberlik edebilecek nitelikte zengin ve kullan\u0131\u015fl\u0131 bir kitap&#8230; <\/p>\n","protected":false},"excerpt":{"rendered":"<p>\u201cEvrenin s\u0131rlar\u0131n\u0131 bulmak istiyorsan, enerji, frekans ve titre\u015fimi d\u00fc\u015f\u00fcn.\u201d Nikola Tesla Canl\u0131 cans\u0131z her \u015feyin enerjisi var. Dolay\u0131s\u0131yla her \u015fey titre\u015fimden ibaret&#8230; \u0130nsan da, d\u00fc\u015f\u00fcnce de,<span class=\"excerpt-hellip\"> [\u2026]<\/span><\/p>\n","protected":false},"featured_media":0,"template":"","meta":{"_monsterinsights_skip_tracking":false,"_monsterinsights_sitenote_active":false,"_monsterinsights_sitenote_note":"","_monsterinsights_sitenote_category":0},"product_brand":[],"product_cat":[12364,12376],"product_tag":[],"class_list":{"0":"post-775667","1":"product","2":"type-product","3":"status-publish","5":"product_cat-genel-konular","6":"product_cat-kisisel-gelisim","7":"pa_cilt-ciltsiz","8":"pa_tur-kitap","9":"pa_yayinevi-destek-yayinlari","10":"pa_yazar-ayse-tolga","12":"first","13":"instock","14":"sale","15":"shipping-taxable","16":"purchasable","17":"product-type-simple"},"_links":{"self":[{"href":"https:\/\/roveyayinevi.com.tr\/index.php\/wp-json\/wp\/v2\/product\/775667","targetHints":{"allow":["GET"]}}],"collection":[{"href":"https:\/\/roveyayinevi.com.tr\/index.php\/wp-json\/wp\/v2\/product"}],"about":[{"href":"https:\/\/roveyayinevi.com.tr\/index.php\/wp-json\/wp\/v2\/types\/product"}],"wp:attachment":[{"href":"https:\/\/roveyayinevi.com.tr\/index.php\/wp-json\/wp\/v2\/media?parent=775667"}],"wp:term":[{"taxonomy":"product_brand","embeddable":true,"href":"https:\/\/roveyayinevi.com.tr\/index.php\/wp-json\/wp\/v2\/product_brand?post=775667"},{"taxonomy":"product_cat","embeddable":true,"href":"https:\/\/roveyayinevi.com.tr\/index.php\/wp-json\/wp\/v2\/product_cat?post=775667"},{"taxonomy":"product_tag","embeddable":true,"href":"https:\/\/roveyayinevi.com.tr\/index.php\/wp-json\/wp\/v2\/product_tag?post=775667"}],"curies":[{"name":"wp","href":"https:\/\/api.w.org\/{rel}","templated":true}]}}