{"id":775665,"date":"2025-09-12T12:30:11","date_gmt":"2025-09-12T09:30:11","guid":{"rendered":"https:\/\/roveyayinevi.com.tr\/index.php\/urun\/kadina-rusvet\/"},"modified":"2026-04-16T02:25:50","modified_gmt":"2026-04-15T23:25:50","slug":"kadina-rusvet","status":"publish","type":"product","link":"https:\/\/roveyayinevi.com.tr\/index.php\/urun\/kadina-rusvet\/","title":{"rendered":"Kad\u0131na R\u00fc\u015fvet"},"content":{"rendered":"<p>Kad\u0131na r\u00fc\u015fvet mi?Kad\u0131n r\u00fc\u015fvete ikna m\u0131 olacak?\u0130kna olmayan, medyayla sarho\u015f hale getirilip ikna ettirilecek.Kad\u0131na teklif edilen r\u00fc\u015fvet nedir o halde?\u00d6zg\u00fcrl\u00fc\u011f\u00fc!Kime kar\u015f\u0131 \u00f6zg\u00fcrl\u00fc\u011f\u00fc?Sadece kocas\u0131na zannedilir. Fakat kad\u0131n; babas\u0131, a\u011fabeyi, erkek karde\u015fi, evlad\u0131 yani can\u0131ndan, kan\u0131ndan par\u00e7alarla \u00e7at\u0131\u015ft\u0131r\u0131l\u0131yor.&#8221;\u0130stedi\u011fin saatte eve gidebilirsin, istedi\u011fin ki\u015fiyle arkada\u015fl\u0131k kurabilirsin, sen \u00f6zg\u00fcrs\u00fcn!&#8221; diyerek ona zerre merhamet etmeyecek olan modernizm, etraf\u0131ndaki erkek koruma duvar\u0131n\u0131, kad\u0131na kendi elleriyle y\u0131kt\u0131r\u0131yor.Baba, a\u011fabey, evlat, koca bu m\u00fccadeleden yorulacak ve kad\u0131na istedi\u011fi \u00f6zg\u00fcrl\u00fc\u011f\u00fc(!) verecek ama bunlardan hi\u00e7biri kad\u0131n\u0131n yan\u0131nda olmayacak.Kad\u0131n, onlar\u0131 \u00e7oktan \u00fczm\u00fc\u015f olacak ve ba\u015fka erkeklerin sald\u0131r\u0131s\u0131na a\u00e7\u0131k h\u00e2le gelecek yapayaln\u0131z kalacak.Kad\u0131n, bunu g\u00f6r\u00fcnce \u00e7ok pi\u015fman olacak ama yan\u0131nda onu koruyacak bir tek erkek bile bulamayacak.\u00c7\u00fcnk\u00fc erkeklerin \u00f6ncelikleri k\u0131sa s\u00fcreli birliktelikler olarak de\u011fi\u015fmi\u015f olacak.Bat\u0131 art\u0131k b\u00f6yle. Bizde de b\u00f6yle olsun istiyorlar.\u0130n\u015fallah ba\u015faramazlar ama ad\u0131m ad\u0131m ba\u015far\u0131larla ilerliyorlar.<\/p>\n","protected":false},"excerpt":{"rendered":"<p>Kad\u0131na r\u00fc\u015fvet mi?Kad\u0131n r\u00fc\u015fvete ikna m\u0131 olacak?\u0130kna olmayan, medyayla sarho\u015f hale getirilip ikna ettirilecek.Kad\u0131na teklif edilen r\u00fc\u015fvet nedir o halde?\u00d6zg\u00fcrl\u00fc\u011f\u00fc!Kime kar\u015f\u0131 \u00f6zg\u00fcrl\u00fc\u011f\u00fc?Sadece kocas\u0131na zannedilir. Fakat kad\u0131n;<span class=\"excerpt-hellip\"> [\u2026]<\/span><\/p>\n","protected":false},"featured_media":0,"template":"","meta":{"_monsterinsights_skip_tracking":false,"_monsterinsights_sitenote_active":false,"_monsterinsights_sitenote_note":"","_monsterinsights_sitenote_category":0},"product_brand":[],"product_cat":[14741,13488],"product_tag":[],"class_list":{"0":"post-775665","1":"product","2":"type-product","3":"status-publish","5":"product_cat-kadin-sorunlari-feminizm","6":"product_cat-toplum-ve-insan","7":"pa_cilt-ciltsiz","8":"pa_tur-kitap","9":"pa_yayinevi-nesil-yayinlari","10":"pa_yazar-ebubekir-sofuoglu","12":"first","13":"instock","14":"sale","15":"shipping-taxable","16":"purchasable","17":"product-type-simple"},"_links":{"self":[{"href":"https:\/\/roveyayinevi.com.tr\/index.php\/wp-json\/wp\/v2\/product\/775665","targetHints":{"allow":["GET"]}}],"collection":[{"href":"https:\/\/roveyayinevi.com.tr\/index.php\/wp-json\/wp\/v2\/product"}],"about":[{"href":"https:\/\/roveyayinevi.com.tr\/index.php\/wp-json\/wp\/v2\/types\/product"}],"wp:attachment":[{"href":"https:\/\/roveyayinevi.com.tr\/index.php\/wp-json\/wp\/v2\/media?parent=775665"}],"wp:term":[{"taxonomy":"product_brand","embeddable":true,"href":"https:\/\/roveyayinevi.com.tr\/index.php\/wp-json\/wp\/v2\/product_brand?post=775665"},{"taxonomy":"product_cat","embeddable":true,"href":"https:\/\/roveyayinevi.com.tr\/index.php\/wp-json\/wp\/v2\/product_cat?post=775665"},{"taxonomy":"product_tag","embeddable":true,"href":"https:\/\/roveyayinevi.com.tr\/index.php\/wp-json\/wp\/v2\/product_tag?post=775665"}],"curies":[{"name":"wp","href":"https:\/\/api.w.org\/{rel}","templated":true}]}}