{"id":775664,"date":"2025-09-12T12:27:09","date_gmt":"2025-09-12T09:27:09","guid":{"rendered":"https:\/\/roveyayinevi.com.tr\/index.php\/urun\/ben-akil-ve-kuran-isigida-1400-yillik-surecte-islamin-evreni\/"},"modified":"2025-10-01T05:02:14","modified_gmt":"2025-10-01T02:02:14","slug":"ben-akil-ve-kuran-isigida-1400-yillik-surecte-islamin-evreni","status":"publish","type":"product","link":"https:\/\/roveyayinevi.com.tr\/index.php\/urun\/ben-akil-ve-kuran-isigida-1400-yillik-surecte-islamin-evreni\/","title":{"rendered":"Ben; Ak\u0131l ve Kur`an I\u015f\u0131\u011f\u0131da 1400 Y\u0131ll\u0131k S\u00fcre\u00e7te \u0130slam\u0131n Evreni"},"content":{"rendered":"<p>\u0130slam\u2019da bilim ve felsefe d\u00fc\u015fmanl\u0131\u011f\u0131n\u0131n nedenleri&#8230; \u0130slam\u2019da \u00f6zg\u00fcrl\u00fck ya da laiklik var m\u0131d\u0131r? Kur\u2019an\u2019da insana \u00f6zg\u00fcrl\u00fck var m\u0131d\u0131r? Kur\u2019an\u2019a g\u00f6re Tanr\u0131-insan ili\u015fkisi&#8230; Kur\u2019an Araplar\u0131n s\u00f6z\u00fc m\u00fcd\u00fcr? Dil insan yarat\u0131m\u0131d\u0131r!&#8230; \u201cTanr\u0131\u2019n\u0131n adlar\u0131\u201d ne demektir? \u0130slam\u2019da bilim neden var olmu\u015f sonra da yok olmu\u015ftur? \u0130slam\u2019da kadercilik nas\u0131l \u00e7\u0131km\u0131\u015ft\u0131r? Kader inanc\u0131n\u0131n olumsuz etkileri nelerdir? Tanr\u0131 ak\u0131lla bilinir mi? Hadis uydurman\u0131n psikolojik nedenleri nelerdir? Rivayet nedir, bilim nedir? \u0130\u00e7tihat neden yasaklanm\u0131\u015ft\u0131r? Gazali\u2019nin en olumsuz etkisi ne olmu\u015ftur? Fatih Sultan Mehmet bilginleri neden yar\u0131\u015ft\u0131rm\u0131\u015ft\u0131r? Fatih Sultan Mehmet bilim d\u00fc\u015fmanl\u0131\u011f\u0131 yapm\u0131\u015f m\u0131d\u0131r? Yeni\u00e7a\u011f\u0131 kim, nas\u0131l ba\u015flatm\u0131\u015ft\u0131r? Atalara uymak Kur\u2019an\u2019da neden yasaklanm\u0131\u015ft\u0131r? \u201cYery\u00fcz\u00fc tanr\u0131lar\u0131\u201d ne demektir? Kur\u2019an\u2019a g\u00f6re (m\u00fcnaf\u0131kl\u0131k) ikiy\u00fczl\u00fcl\u00fck ne demektir? Egemenlik kimindir? \u015eeriat ne demektir? M\u00fcsl\u00fcmanlar aras\u0131nda ilk sava\u015f nas\u0131l \u00e7\u0131km\u0131\u015ft\u0131r? Kur\u2019an anayasa m\u0131d\u0131r? Ge\u00e7mi\u015fe \u00f6zenmenin anlams\u0131zl\u0131\u011f\u0131&#8230; Adalet ne demektir? Kur\u2019an neden putperestli\u011fi reddeder? Tekd\u00fczelik neden olumsuzluktur? \u0130nsan, birey, toplum nedir? Dil-bilim ili\u015fkisi nas\u0131ld\u0131r? <\/p>\n","protected":false},"excerpt":{"rendered":"<p>\u0130slam\u2019da bilim ve felsefe d\u00fc\u015fmanl\u0131\u011f\u0131n\u0131n nedenleri&#8230; \u0130slam\u2019da \u00f6zg\u00fcrl\u00fck ya da laiklik var m\u0131d\u0131r? Kur\u2019an\u2019da insana \u00f6zg\u00fcrl\u00fck var m\u0131d\u0131r? Kur\u2019an\u2019a g\u00f6re Tanr\u0131-insan ili\u015fkisi&#8230; Kur\u2019an Araplar\u0131n s\u00f6z\u00fc m\u00fcd\u00fcr?<span class=\"excerpt-hellip\"> [\u2026]<\/span><\/p>\n","protected":false},"featured_media":0,"template":"","meta":{"_monsterinsights_skip_tracking":false,"_monsterinsights_sitenote_active":false,"_monsterinsights_sitenote_note":"","_monsterinsights_sitenote_category":0},"product_brand":[],"product_cat":[12388,14717],"product_tag":[],"class_list":{"0":"post-775664","1":"product","2":"type-product","3":"status-publish","5":"product_cat-felsefe","6":"product_cat-felsefe-tarihi","7":"pa_cilt-ciltsiz","8":"pa_tur-kitap","9":"pa_yayinevi-destek-yayinlari","10":"pa_yazar-huseyin-atay","12":"first","13":"instock","14":"sale","15":"shipping-taxable","16":"purchasable","17":"product-type-simple"},"_links":{"self":[{"href":"https:\/\/roveyayinevi.com.tr\/index.php\/wp-json\/wp\/v2\/product\/775664","targetHints":{"allow":["GET"]}}],"collection":[{"href":"https:\/\/roveyayinevi.com.tr\/index.php\/wp-json\/wp\/v2\/product"}],"about":[{"href":"https:\/\/roveyayinevi.com.tr\/index.php\/wp-json\/wp\/v2\/types\/product"}],"wp:attachment":[{"href":"https:\/\/roveyayinevi.com.tr\/index.php\/wp-json\/wp\/v2\/media?parent=775664"}],"wp:term":[{"taxonomy":"product_brand","embeddable":true,"href":"https:\/\/roveyayinevi.com.tr\/index.php\/wp-json\/wp\/v2\/product_brand?post=775664"},{"taxonomy":"product_cat","embeddable":true,"href":"https:\/\/roveyayinevi.com.tr\/index.php\/wp-json\/wp\/v2\/product_cat?post=775664"},{"taxonomy":"product_tag","embeddable":true,"href":"https:\/\/roveyayinevi.com.tr\/index.php\/wp-json\/wp\/v2\/product_tag?post=775664"}],"curies":[{"name":"wp","href":"https:\/\/api.w.org\/{rel}","templated":true}]}}