{"id":775662,"date":"2025-09-12T11:31:48","date_gmt":"2025-09-12T08:31:48","guid":{"rendered":"https:\/\/roveyayinevi.com.tr\/index.php\/urun\/seytanla-savas\/"},"modified":"2026-04-16T02:17:38","modified_gmt":"2026-04-15T23:17:38","slug":"seytanla-savas","status":"publish","type":"product","link":"https:\/\/roveyayinevi.com.tr\/index.php\/urun\/seytanla-savas\/","title":{"rendered":"\u015eeytanla Sava\u015f"},"content":{"rendered":"<p>Stefan Zweig\u2019\u0131n \u201cD\u00fcnyan\u0131n Mimarlar\u0131\u201d dizisinin ikinci kitab\u0131 \u015eeytanla Sava\u015f, bizi Alman edebiyat\u0131n\u0131n ve d\u00fc\u015f\u00fcncesinin s\u0131ra d\u0131\u015f\u0131 \u00fc\u00e7 ismiyle kar\u015f\u0131la\u015ft\u0131r\u0131yor: H\u00f6lderlin, Kleist ve Nietzsche. Zweig\u2019\u0131n g\u00f6n\u00fcl ba\u011f\u0131 kurdu\u011fu bu yazarlar, \u201ckaderlerinin gecesine savrulmu\u015flard\u0131r.\u201d \u015eeytanla Sava\u015f, Yarat\u0131c\u0131 dehalar\u0131n\u0131 do\u011fu\u015ftan gelen huzursuzluklar\u0131nda temellendirenlerin m\u00fccadelesidir. Hayatlar\u0131 boyunca kendi \u015feytanlar\u0131yla bo\u011fu\u015fan H\u00f6lderlin, Kleist ve Nietzsche\u2019nin sava\u015f\u0131 de\u011fildir bu sadece, insanl\u0131\u011f\u0131n ya da en b\u00fcy\u00fck sava\u015f\u0131d\u0131r. <\/p>\n","protected":false},"excerpt":{"rendered":"<p>Stefan Zweig\u2019\u0131n \u201cD\u00fcnyan\u0131n Mimarlar\u0131\u201d dizisinin ikinci kitab\u0131 \u015eeytanla Sava\u015f, bizi Alman edebiyat\u0131n\u0131n ve d\u00fc\u015f\u00fcncesinin s\u0131ra d\u0131\u015f\u0131 \u00fc\u00e7 ismiyle kar\u015f\u0131la\u015ft\u0131r\u0131yor: H\u00f6lderlin, Kleist ve Nietzsche. Zweig\u2019\u0131n g\u00f6n\u00fcl ba\u011f\u0131<span class=\"excerpt-hellip\"> [\u2026]<\/span><\/p>\n","protected":false},"featured_media":0,"template":"","meta":{"_monsterinsights_skip_tracking":false,"_monsterinsights_sitenote_active":false,"_monsterinsights_sitenote_note":"","_monsterinsights_sitenote_category":0},"product_brand":[],"product_cat":[12777,12291],"product_tag":[],"class_list":{"0":"post-775662","1":"product","2":"type-product","3":"status-publish","5":"product_cat-deneme","6":"product_cat-edebiyat","7":"pa_cilt-ciltsiz","8":"pa_tur-kitap","9":"pa_yayinevi-can-yayinlari","10":"pa_yazar-stefan-zweig","12":"first","13":"instock","14":"sale","15":"shipping-taxable","16":"purchasable","17":"product-type-simple"},"_links":{"self":[{"href":"https:\/\/roveyayinevi.com.tr\/index.php\/wp-json\/wp\/v2\/product\/775662","targetHints":{"allow":["GET"]}}],"collection":[{"href":"https:\/\/roveyayinevi.com.tr\/index.php\/wp-json\/wp\/v2\/product"}],"about":[{"href":"https:\/\/roveyayinevi.com.tr\/index.php\/wp-json\/wp\/v2\/types\/product"}],"wp:attachment":[{"href":"https:\/\/roveyayinevi.com.tr\/index.php\/wp-json\/wp\/v2\/media?parent=775662"}],"wp:term":[{"taxonomy":"product_brand","embeddable":true,"href":"https:\/\/roveyayinevi.com.tr\/index.php\/wp-json\/wp\/v2\/product_brand?post=775662"},{"taxonomy":"product_cat","embeddable":true,"href":"https:\/\/roveyayinevi.com.tr\/index.php\/wp-json\/wp\/v2\/product_cat?post=775662"},{"taxonomy":"product_tag","embeddable":true,"href":"https:\/\/roveyayinevi.com.tr\/index.php\/wp-json\/wp\/v2\/product_tag?post=775662"}],"curies":[{"name":"wp","href":"https:\/\/api.w.org\/{rel}","templated":true}]}}