{"id":775657,"date":"2025-09-12T10:17:24","date_gmt":"2025-09-12T07:17:24","guid":{"rendered":"https:\/\/roveyayinevi.com.tr\/index.php\/urun\/az-gittik-uz-gittik-dere-tepe-duz-gittik\/"},"modified":"2026-04-16T02:07:13","modified_gmt":"2026-04-15T23:07:13","slug":"az-gittik-uz-gittik-dere-tepe-duz-gittik","status":"publish","type":"product","link":"https:\/\/roveyayinevi.com.tr\/index.php\/urun\/az-gittik-uz-gittik-dere-tepe-duz-gittik\/","title":{"rendered":"Az Gittik, Uz Gittik, Dere Tepe D\u00fcz Gittik"},"content":{"rendered":"<p>T\u00fcrk \u00f6yk\u00fcc\u00fcl\u00fc\u011f\u00fcnde ayr\u0131 bir yeri olan Tar\u0131k Dursun K.\u2019n\u0131n Arkada\u015f Yay\u0131nevi\u2019nden \u00e7\u0131kan ikinci masal kitab\u0131 Az Gittik Uz Gittik Dere Tepe D\u00fcz Gittik\u2019te defalarca okuyabilece\u011finiz, \u00e7ocuklar\u0131 yepyeni ve e\u011flenceli maceralara davet eden en yeni Tar\u0131k Dursun K masallar\u0131yla tan\u0131\u015facaks\u0131n\u0131z. G\u00fc\u00e7l\u00fc bir anlat\u0131m ve ayr\u0131nt\u0131larla dolu rengarenk resimlerle bezeli masallar, \u00e7ocuklar\u0131n hayal g\u00fcc\u00fcn\u00fc ve yarat\u0131c\u0131l\u0131\u011f\u0131n\u0131 zenginle\u015ftirecek; bili\u015fsel, duygusal ve sosyal geli\u015fimine katk\u0131 sa\u011flayacak. Birbirinden ilgin\u00e7 onlarca sevimli kahraman\u0131n e\u011flenceli \u00f6yk\u00fcleriyle, masal d\u00fcnyas\u0131nda \u00e7ocu\u011funuzla birlikte ho\u015f\u00e7a vakit ge\u00e7ireceksiniz. <\/p>\n","protected":false},"excerpt":{"rendered":"<p>T\u00fcrk \u00f6yk\u00fcc\u00fcl\u00fc\u011f\u00fcnde ayr\u0131 bir yeri olan Tar\u0131k Dursun K.\u2019n\u0131n Arkada\u015f Yay\u0131nevi\u2019nden \u00e7\u0131kan ikinci masal kitab\u0131 Az Gittik Uz Gittik Dere Tepe D\u00fcz Gittik\u2019te defalarca okuyabilece\u011finiz, \u00e7ocuklar\u0131<span class=\"excerpt-hellip\"> [\u2026]<\/span><\/p>\n","protected":false},"featured_media":0,"template":"","meta":{"_monsterinsights_skip_tracking":false,"_monsterinsights_sitenote_active":false,"_monsterinsights_sitenote_note":"","_monsterinsights_sitenote_category":0},"product_brand":[],"product_cat":[12274,12523],"product_tag":[],"class_list":{"0":"post-775657","1":"product","2":"type-product","3":"status-publish","5":"product_cat-cocuk-ve-genclik-kitaplari","6":"product_cat-masallar","7":"pa_tur-kitap","8":"pa_yayinevi-arkadas-yayinlari","9":"pa_yazar-tarik-dursun-k","11":"first","12":"instock","13":"sale","14":"shipping-taxable","15":"purchasable","16":"product-type-simple"},"_links":{"self":[{"href":"https:\/\/roveyayinevi.com.tr\/index.php\/wp-json\/wp\/v2\/product\/775657","targetHints":{"allow":["GET"]}}],"collection":[{"href":"https:\/\/roveyayinevi.com.tr\/index.php\/wp-json\/wp\/v2\/product"}],"about":[{"href":"https:\/\/roveyayinevi.com.tr\/index.php\/wp-json\/wp\/v2\/types\/product"}],"wp:attachment":[{"href":"https:\/\/roveyayinevi.com.tr\/index.php\/wp-json\/wp\/v2\/media?parent=775657"}],"wp:term":[{"taxonomy":"product_brand","embeddable":true,"href":"https:\/\/roveyayinevi.com.tr\/index.php\/wp-json\/wp\/v2\/product_brand?post=775657"},{"taxonomy":"product_cat","embeddable":true,"href":"https:\/\/roveyayinevi.com.tr\/index.php\/wp-json\/wp\/v2\/product_cat?post=775657"},{"taxonomy":"product_tag","embeddable":true,"href":"https:\/\/roveyayinevi.com.tr\/index.php\/wp-json\/wp\/v2\/product_tag?post=775657"}],"curies":[{"name":"wp","href":"https:\/\/api.w.org\/{rel}","templated":true}]}}