{"id":775648,"date":"2025-09-11T17:19:06","date_gmt":"2025-09-11T14:19:06","guid":{"rendered":"https:\/\/roveyayinevi.com.tr\/index.php\/urun\/bediuzzaman-said-nursinin-tefsir-anlayisi\/"},"modified":"2026-04-15T03:42:29","modified_gmt":"2026-04-15T00:42:29","slug":"bediuzzaman-said-nursinin-tefsir-anlayisi","status":"publish","type":"product","link":"https:\/\/roveyayinevi.com.tr\/index.php\/urun\/bediuzzaman-said-nursinin-tefsir-anlayisi\/","title":{"rendered":"Bedi\u00fczzaman Said Nursi&#8217;nin Tefsir Anlay\u0131\u015f\u0131"},"content":{"rendered":"<p>Bedi\u00fczzaman\u2019a g\u00f6re Kur\u2019\u00e2n, k\u00e2inat ile birlikte ve birbirlerinden ayr\u0131lmayarak okunmal\u0131d\u0131r. Bu \u015fum\u00fbli bak\u0131\u015f a\u00e7\u0131s\u0131 onun tefsir hakk\u0131ndaki yakla\u015f\u0131m\u0131na da \u0131\u015f\u0131k tutmaktad\u0131r. Kur\u2019\u00e2n hakk\u0131nda ortaya koydu\u011fu tan\u0131m i\u00e7inde \u00f6zellikle \u2018\u015fu kitab-\u0131 kebir-i k\u00e2inat\u0131n bir terc\u00fcme-i ezeliyesi\u2019 \u015feklindeki yakla\u015f\u0131m\u0131 muhatab\u0131na \u00e7ok zengin bir ufuk kazand\u0131r\u0131r. Zira anahtar s\u00f6zc\u00fck mesabesindeki bu yakla\u015f\u0131m Kur\u2019\u00e2n\u2019\u0131 k\u00e2inat kitab\u0131ndan ayr\u0131 tutmaks\u0131z\u0131n birlikte okumay\u0131 gerekli k\u0131lmaktad\u0131r. Dolay\u0131s\u0131yla dikkatli bir nazarla bakan i\u00e7in Kur\u2019\u00e2n\u2019da ge\u00e7en bir ayetin k\u00e2inatta kar\u015f\u0131l\u0131\u011f\u0131 olacak, yine k\u00e2inatta yer alan e\u015fya ve hadiselerin ne anlama geldi\u011fini Kur\u2019\u00e2n veciz ifadeleriyle okuyucusuna takdim etmi\u015f olacakt\u0131r. Bu yakla\u015f\u0131m\u0131n a\u00e7\u0131l\u0131m\u0131 bizleri tefsir hakk\u0131nda klasik us\u00fbl kitaplar\u0131n\u0131n takdim etti\u011fi statik tan\u0131mlar\u0131n \u00e7ok daha \u00f6tesinde \u015fum\u00fbli bir alana ta\u015f\u0131maktad\u0131r. Bu tan\u0131m \u00e7er\u00e7evesinde k\u00e2inata bakan m\u00fcdakkik nazar sahibi onda yer alan her bir e\u015fya ve hadiseyi tevhid s\u0131rr\u0131yla Cenab\u0131 Hakka istinat edip bir \u00e7e\u015fit tefsirini idrak etmi\u015f olacakt\u0131r. Bu yakla\u015f\u0131m\u0131n bir di\u011fer a\u00e7\u0131l\u0131m\u0131 Bedi\u00fczzaman\u2019\u0131n Kur\u2019\u00e2n\u2019a m\u00fccerret tefsirini yapmak \u00fczere de\u011fil, bir kul olarak onun kendisinden ne istedi\u011fini anlama ve asr\u0131n idrakine uygun \u015fekilde anlatmak \u015feklindedir. <\/p>\n","protected":false},"excerpt":{"rendered":"<p>Bedi\u00fczzaman\u2019a g\u00f6re Kur\u2019\u00e2n, k\u00e2inat ile birlikte ve birbirlerinden ayr\u0131lmayarak okunmal\u0131d\u0131r. Bu \u015fum\u00fbli bak\u0131\u015f a\u00e7\u0131s\u0131 onun tefsir hakk\u0131ndaki yakla\u015f\u0131m\u0131na da \u0131\u015f\u0131k tutmaktad\u0131r. Kur\u2019\u00e2n hakk\u0131nda ortaya koydu\u011fu tan\u0131m<span class=\"excerpt-hellip\"> [\u2026]<\/span><\/p>\n","protected":false},"featured_media":0,"template":"","meta":{"_monsterinsights_skip_tracking":false,"_monsterinsights_sitenote_active":false,"_monsterinsights_sitenote_note":"","_monsterinsights_sitenote_category":0},"product_brand":[],"product_cat":[12718],"product_tag":[],"class_list":{"0":"post-775648","1":"product","2":"type-product","3":"status-publish","5":"product_cat-din","6":"pa_cilt-ciltsiz","7":"pa_tur-kitap","8":"pa_yayinevi-gulnar-yayinlari","9":"pa_yazar-a-cuneyt-eren","11":"first","12":"instock","13":"sale","14":"shipping-taxable","15":"purchasable","16":"product-type-simple"},"_links":{"self":[{"href":"https:\/\/roveyayinevi.com.tr\/index.php\/wp-json\/wp\/v2\/product\/775648","targetHints":{"allow":["GET"]}}],"collection":[{"href":"https:\/\/roveyayinevi.com.tr\/index.php\/wp-json\/wp\/v2\/product"}],"about":[{"href":"https:\/\/roveyayinevi.com.tr\/index.php\/wp-json\/wp\/v2\/types\/product"}],"wp:attachment":[{"href":"https:\/\/roveyayinevi.com.tr\/index.php\/wp-json\/wp\/v2\/media?parent=775648"}],"wp:term":[{"taxonomy":"product_brand","embeddable":true,"href":"https:\/\/roveyayinevi.com.tr\/index.php\/wp-json\/wp\/v2\/product_brand?post=775648"},{"taxonomy":"product_cat","embeddable":true,"href":"https:\/\/roveyayinevi.com.tr\/index.php\/wp-json\/wp\/v2\/product_cat?post=775648"},{"taxonomy":"product_tag","embeddable":true,"href":"https:\/\/roveyayinevi.com.tr\/index.php\/wp-json\/wp\/v2\/product_tag?post=775648"}],"curies":[{"name":"wp","href":"https:\/\/api.w.org\/{rel}","templated":true}]}}