{"id":775645,"date":"2025-09-11T17:18:51","date_gmt":"2025-09-11T14:18:51","guid":{"rendered":"https:\/\/roveyayinevi.com.tr\/index.php\/urun\/esaretin-diplomasisi\/"},"modified":"2026-04-15T03:42:27","modified_gmt":"2026-04-15T00:42:27","slug":"esaretin-diplomasisi","status":"publish","type":"product","link":"https:\/\/roveyayinevi.com.tr\/index.php\/urun\/esaretin-diplomasisi\/","title":{"rendered":"Esaretin Diplomasisi"},"content":{"rendered":"<p>Karadeniz tarihsel s\u00fcre\u00e7 i\u00e7erisinde medeniyetlere ve bu medeniyetlerin \u015fekillendirdi\u011fi iktisadi sisteme ev sahipli\u011fi yapm\u0131\u015ft\u0131r. Ticaret, siyaset ve diplomasi olu\u015fturulan bu sistemi hem geli\u015ftirmi\u015f hem de bu sistem i\u00e7erisinde geli\u015ferek, varl\u0131\u011f\u0131n\u0131 korumu\u015ftur.  Karadeniz\u2019in kuzeyini belirtmek i\u00e7in de kullan\u0131lan De\u015ft-i K\u0131p\u00e7ak\u2019tan IX. y\u00fczy\u0131ldan itibaren \u0130sl\u00e2m d\u00fcnyas\u0131na k\u00f6le temin edilmi\u015ftir. Abbas\u00eelerin olu\u015fturdu\u011fu bu gelenek F\u00e2t\u0131m\u00eeler, T\u00fcrkiye Sel\u00e7uklular\u0131 ve Eyy\u00fbb\u00eeler taraf\u0131ndan da devam ettirilmi\u015f ve b\u00f6lge k\u00f6le ticareti a\u00e7\u0131s\u0131ndan varl\u0131\u011f\u0131n\u0131 s\u00fcrd\u00fcrm\u00fc\u015ft\u00fcr. 1250 senesinde De\u015ft-i K\u0131p\u00e7ak\u2019tan temin edilen meml\u00fbklerin M\u0131s\u0131r\u2019da y\u00f6netimi ele ge\u00e7irmeleri ve Eyy\u00fbb\u00ee hanedanl\u0131\u011f\u0131na son vermeleriyle k\u00f6le ticareti a\u011f\u0131nda b\u00fcy\u00fck de\u011fi\u015fimler ya\u015fanm\u0131\u015ft\u0131r.  Ayn\u0131 d\u00f6nemde Mo\u011fol istilalar\u0131n\u0131n Anadolu, \u0130ran ve Karadeniz\u2019in kuzeyine dayanmas\u0131, Alt\u0131n Orda ve \u0130lhanl\u0131lar adl\u0131 iki farkl\u0131 devlet kurulmas\u0131 Karadeniz ve M\u0131s\u0131r aras\u0131nda ger\u00e7ekle\u015fen k\u00f6le ticaretini etkilemi\u015ftir. Devletler aras\u0131 diplomatik, asker\u00ee ve iktisadi m\u00fccadeleler sonucunda ticaret g\u00fczerg\u00e2hlar\u0131 da de\u011fi\u015fime u\u011fram\u0131\u015ft\u0131r. Esaretin Diplomasisi adl\u0131 bu eserde 1260-1354 seneleri aras\u0131nda Meml\u00fbk Sultanl\u0131\u011f\u0131 ile Alt\u0131n Orda Devleti aras\u0131ndaki diplomatik ili\u015fkilerin k\u00f6le ticaretine olan etkileri, bu ili\u015fkilerin di\u011fer b\u00f6lge devletlerine tesiri, Karadeniz ile M\u0131s\u0131r aras\u0131ndaki ticaret g\u00fczerg\u00e2hlar\u0131 \u00fczerinden kara ve deniz yollar\u0131nda ger\u00e7ekle\u015fen ticaretin bir devlet politikas\u0131 haline getirili\u015f s\u00fcreci incelenecektir. Ayn\u0131 zamanda k\u00f6lelerin fiyatlar\u0131, k\u00f6le temin ederken uygulanan y\u00f6ntemler, k\u00f6le t\u00fcccarlar\u0131 ve k\u00f6lelerin sat\u0131\u015f\u0131 s\u0131ras\u0131nda t\u00fcccarlar\u0131n kurallar\u0131na da de\u011finilecektir. <\/p>\n","protected":false},"excerpt":{"rendered":"<p>Karadeniz tarihsel s\u00fcre\u00e7 i\u00e7erisinde medeniyetlere ve bu medeniyetlerin \u015fekillendirdi\u011fi iktisadi sisteme ev sahipli\u011fi yapm\u0131\u015ft\u0131r. Ticaret, siyaset ve diplomasi olu\u015fturulan bu sistemi hem geli\u015ftirmi\u015f hem de bu<span class=\"excerpt-hellip\"> [\u2026]<\/span><\/p>\n","protected":false},"featured_media":0,"template":"","meta":{"_monsterinsights_skip_tracking":false,"_monsterinsights_sitenote_active":false,"_monsterinsights_sitenote_note":"","_monsterinsights_sitenote_category":0},"product_brand":[],"product_cat":[12304],"product_tag":[],"class_list":{"0":"post-775645","1":"product","2":"type-product","3":"status-publish","5":"product_cat-tarih","6":"pa_cilt-ciltsiz","7":"pa_tur-kitap","8":"pa_yayinevi-bilge-kultur-sanat","9":"pa_yazar-batuhan-taskin","11":"first","12":"instock","13":"sale","14":"shipping-taxable","15":"purchasable","16":"product-type-simple"},"_links":{"self":[{"href":"https:\/\/roveyayinevi.com.tr\/index.php\/wp-json\/wp\/v2\/product\/775645","targetHints":{"allow":["GET"]}}],"collection":[{"href":"https:\/\/roveyayinevi.com.tr\/index.php\/wp-json\/wp\/v2\/product"}],"about":[{"href":"https:\/\/roveyayinevi.com.tr\/index.php\/wp-json\/wp\/v2\/types\/product"}],"wp:attachment":[{"href":"https:\/\/roveyayinevi.com.tr\/index.php\/wp-json\/wp\/v2\/media?parent=775645"}],"wp:term":[{"taxonomy":"product_brand","embeddable":true,"href":"https:\/\/roveyayinevi.com.tr\/index.php\/wp-json\/wp\/v2\/product_brand?post=775645"},{"taxonomy":"product_cat","embeddable":true,"href":"https:\/\/roveyayinevi.com.tr\/index.php\/wp-json\/wp\/v2\/product_cat?post=775645"},{"taxonomy":"product_tag","embeddable":true,"href":"https:\/\/roveyayinevi.com.tr\/index.php\/wp-json\/wp\/v2\/product_tag?post=775645"}],"curies":[{"name":"wp","href":"https:\/\/api.w.org\/{rel}","templated":true}]}}