{"id":775639,"date":"2025-09-11T17:18:38","date_gmt":"2025-09-11T14:18:38","guid":{"rendered":"https:\/\/roveyayinevi.com.tr\/index.php\/urun\/zeka-odakli-ogrenim-sekiller\/"},"modified":"2026-04-15T03:42:26","modified_gmt":"2026-04-15T00:42:26","slug":"zeka-odakli-ogrenim-sekiller","status":"publish","type":"product","link":"https:\/\/roveyayinevi.com.tr\/index.php\/urun\/zeka-odakli-ogrenim-sekiller\/","title":{"rendered":"Zeka Odakl\u0131 \u00d6\u011frenim &#8211; \u015eekiller"},"content":{"rendered":"<p>Zek\u00e2 Odakl\u0131 \u00d6\u011frenim Serisi ODT\u00dc Yay\u0131nc\u0131l\u0131k, T\u00fcrkiye Zek\u00e2  Vakf\u0131\u2019n\u0131n kurucusu ve bu alanda markala\u015fm\u0131\u015f bir isim olan Emrehan Hal\u0131c\u0131\u2019n\u0131n kaleminden \u00e7\u0131kan, 3\u20136 ya\u015f grubu \u00e7ocuklar\u0131n \u00f6\u011frenme yolculu\u011funu desteklemek i\u00e7in \u00f6zel olarak haz\u0131rlad\u0131\u011f\u0131 Zek\u00e2 Odakl\u0131 \u00d6\u011frenim Serisini sunar.  Seri; renkler, kavramlar, \u015fekiller ve say\u0131lar gibi temel \u00f6\u011frenme alanlar\u0131n\u0131, oyun temelli etkinliklerle birle\u015ftirerek \u00e7ocuklar\u0131n hem bili\u015fsel hem de sosyal geli\u015fimlerine katk\u0131 sa\u011flamay\u0131 hedefler. Serinin Amac\u0131 ve Katk\u0131lar\u0131 3\u20136 ya\u015f, \u00e7ocuklar\u0131n \u00f6\u011frenmeye en a\u00e7\u0131k olduklar\u0131 kritik bir d\u00f6nemdir. Bu d\u00f6nemde do\u011fru kaynaklarla desteklenen \u00f6\u011frenme deneyimleri, ileriki y\u0131llarda hem akademik hem de sosyal ba\u015far\u0131ya zemin haz\u0131rlar.  Zek\u00e2 Odakl\u0131 \u00d6\u011frenim Serisi bu do\u011frultuda:                 \u2022              Bili\u015fsel geli\u015fim: Dikkat, alg\u0131, haf\u0131za ve mant\u0131ksal d\u00fc\u015f\u00fcnme becerilerini destekler.                 \u2022              G\u00f6rsel ve i\u015fitsel alg\u0131: Renkler ve \u015fekiller \u00fczerinden g\u00f6rsel zek\u00e2y\u0131 geli\u015ftirir.                 \u2022              Dil ve kavram geli\u015fimi: G\u00fcnl\u00fck ya\u015fam\u0131n temel kavramlar\u0131n\u0131 \u00e7ocuklara oyun yoluyla kazand\u0131r\u0131r.                 \u2022              Matematiksel d\u00fc\u015f\u00fcnceye haz\u0131rl\u0131k: Say\u0131larla ilk ad\u0131m\u0131 atarak matematik \u00f6\u011frenimini kolayla\u015ft\u0131r\u0131r.                 \u2022              Merak ve motivasyon: \u00d6\u011frenmeyi keyifli ve e\u011flenceli hale getirerek \u00e7ocuklar\u0131n merak duygusunu canl\u0131 tutar. Renkler &#8211; \u00c7ocuklar k\u0131rm\u0131z\u0131, mavi, sar\u0131 ve daha bir\u00e7ok rengi ke\u015ffederken g\u00f6rsel zek\u00e2lar\u0131n\u0131 geli\u015ftirir. E\u011flenceli etkinlikler sayesinde \u00f6\u011frenme kolayla\u015f\u0131r, hayal g\u00fcc\u00fc desteklenir. Kavramlar &#8211; B\u00fcy\u00fck\u2013k\u00fc\u00e7\u00fck, uzun\u2013k\u0131sa gibi temel kavramlar oyunla\u015ft\u0131r\u0131lm\u0131\u015f i\u00e7eriklerle \u00e7ocuklara aktar\u0131l\u0131r. Alg\u0131 geli\u015fimini g\u00fc\u00e7lendirirken g\u00fcnl\u00fck ya\u015famda kolay adaptasyon sa\u011flar. \u015eekiller &#8211; Daire, kare, \u00fc\u00e7gen ve di\u011fer geometrik \u015fekiller e\u011flenceli \u00f6rneklerle \u00f6\u011fretilir. \u00c7ocuklar\u0131n dikkat, mant\u0131ksal d\u00fc\u015f\u00fcnme ve \u00e7evreyi tan\u0131ma becerilerini art\u0131r\u0131r. Say\u0131lar &#8211; 1\u2019den ba\u015flayarak temel say\u0131lar\u0131 \u00f6\u011freten bu kitap, \u00e7ocuklar\u0131n matematiksel d\u00fc\u015f\u00fcnceye ilk ad\u0131mlar\u0131n\u0131 g\u00fcvenle atmalar\u0131n\u0131 sa\u011flar. Saymay\u0131 oyunla\u015ft\u0131rarak \u00f6\u011frenmeyi kal\u0131c\u0131 hale getirir.  Kimler \u0130\u00e7in Uygun?                 \u2022              Ebeveynler: \u00c7ocuklar\u0131na evde e\u011flenceli ve g\u00fcvenilir \u00f6\u011frenme materyalleri sunmak isteyen aileler.                 \u2022              Okul \u00d6ncesi \u00d6\u011fretmenleri: 3\u20136 ya\u015f grubuna y\u00f6nelik etkinliklerini zenginle\u015ftirmek isteyen e\u011fitimciler.                 \u2022              E\u011fitim Kurumlar\u0131: Anaokulu ve kre\u015flerde kullan\u0131labilecek g\u00fcvenilir, pedagojik i\u00e7er<\/p>\n","protected":false},"excerpt":{"rendered":"<p>Zek\u00e2 Odakl\u0131 \u00d6\u011frenim Serisi ODT\u00dc Yay\u0131nc\u0131l\u0131k, T\u00fcrkiye Zek\u00e2 Vakf\u0131\u2019n\u0131n kurucusu ve bu alanda markala\u015fm\u0131\u015f bir isim olan Emrehan Hal\u0131c\u0131\u2019n\u0131n kaleminden \u00e7\u0131kan, 3\u20136 ya\u015f grubu \u00e7ocuklar\u0131n \u00f6\u011frenme<span class=\"excerpt-hellip\"> [\u2026]<\/span><\/p>\n","protected":false},"featured_media":0,"template":"","meta":{"_monsterinsights_skip_tracking":false,"_monsterinsights_sitenote_active":false,"_monsterinsights_sitenote_note":"","_monsterinsights_sitenote_category":0},"product_brand":[],"product_cat":[12274,15842],"product_tag":[],"class_list":{"0":"post-775639","1":"product","2":"type-product","3":"status-publish","5":"product_cat-cocuk-ve-genclik-kitaplari","6":"product_cat-egitici-kitaplar","7":"pa_cilt-ciltsiz","8":"pa_tur-kitap","9":"pa_yayinevi-odtu-gelistirme-vakfi-yayincilik","10":"pa_yazar-emrehan-halici","12":"first","13":"instock","14":"sale","15":"shipping-taxable","16":"purchasable","17":"product-type-simple"},"_links":{"self":[{"href":"https:\/\/roveyayinevi.com.tr\/index.php\/wp-json\/wp\/v2\/product\/775639","targetHints":{"allow":["GET"]}}],"collection":[{"href":"https:\/\/roveyayinevi.com.tr\/index.php\/wp-json\/wp\/v2\/product"}],"about":[{"href":"https:\/\/roveyayinevi.com.tr\/index.php\/wp-json\/wp\/v2\/types\/product"}],"wp:attachment":[{"href":"https:\/\/roveyayinevi.com.tr\/index.php\/wp-json\/wp\/v2\/media?parent=775639"}],"wp:term":[{"taxonomy":"product_brand","embeddable":true,"href":"https:\/\/roveyayinevi.com.tr\/index.php\/wp-json\/wp\/v2\/product_brand?post=775639"},{"taxonomy":"product_cat","embeddable":true,"href":"https:\/\/roveyayinevi.com.tr\/index.php\/wp-json\/wp\/v2\/product_cat?post=775639"},{"taxonomy":"product_tag","embeddable":true,"href":"https:\/\/roveyayinevi.com.tr\/index.php\/wp-json\/wp\/v2\/product_tag?post=775639"}],"curies":[{"name":"wp","href":"https:\/\/api.w.org\/{rel}","templated":true}]}}