{"id":775634,"date":"2025-09-11T17:18:04","date_gmt":"2025-09-11T14:18:04","guid":{"rendered":"https:\/\/roveyayinevi.com.tr\/index.php\/urun\/tadini-cikar-oyun-arkadasim\/"},"modified":"2026-04-15T03:41:45","modified_gmt":"2026-04-15T00:41:45","slug":"tadini-cikar-oyun-arkadasim","status":"publish","type":"product","link":"https:\/\/roveyayinevi.com.tr\/index.php\/urun\/tadini-cikar-oyun-arkadasim\/","title":{"rendered":"Tad\u0131n\u0131 \u00c7\u0131kar &#8211; Oyun Arkada\u015f\u0131m"},"content":{"rendered":"<p>Oyunlar ve oyuncular de\u011fi\u015fir. Bazen annen ve baban bazen de hayvan dostlar\u0131n. Peki, sen kertenkele ile kumdan bir kale mi yapmak istersin yoksa bir penguen gibi buzda kaymak m\u0131? Haydi \u00e7evir sayfalar\u0131, bu hik\u00e2yede kahraman olup oyun oynaman\u0131n tad\u0131n\u0131 \u00e7\u0131kar!<\/p>\n","protected":false},"excerpt":{"rendered":"<p>Oyunlar ve oyuncular de\u011fi\u015fir. Bazen annen ve baban bazen de hayvan dostlar\u0131n. Peki, sen kertenkele ile kumdan bir kale mi yapmak istersin yoksa bir penguen gibi<span class=\"excerpt-hellip\"> [\u2026]<\/span><\/p>\n","protected":false},"featured_media":0,"template":"","meta":{"_monsterinsights_skip_tracking":false,"_monsterinsights_sitenote_active":false,"_monsterinsights_sitenote_note":"","_monsterinsights_sitenote_category":0},"product_brand":[],"product_cat":[12274,12518],"product_tag":[],"class_list":{"0":"post-775634","1":"product","2":"type-product","3":"status-publish","5":"product_cat-cocuk-ve-genclik-kitaplari","6":"product_cat-okul-oncesi-kitaplar","7":"pa_cilt-ciltsiz","8":"pa_tur-kitap","9":"pa_yayinevi-sincap-kitap","10":"pa_yazar-ceren-cukadar","12":"first","13":"instock","14":"sale","15":"shipping-taxable","16":"purchasable","17":"product-type-simple"},"_links":{"self":[{"href":"https:\/\/roveyayinevi.com.tr\/index.php\/wp-json\/wp\/v2\/product\/775634","targetHints":{"allow":["GET"]}}],"collection":[{"href":"https:\/\/roveyayinevi.com.tr\/index.php\/wp-json\/wp\/v2\/product"}],"about":[{"href":"https:\/\/roveyayinevi.com.tr\/index.php\/wp-json\/wp\/v2\/types\/product"}],"wp:attachment":[{"href":"https:\/\/roveyayinevi.com.tr\/index.php\/wp-json\/wp\/v2\/media?parent=775634"}],"wp:term":[{"taxonomy":"product_brand","embeddable":true,"href":"https:\/\/roveyayinevi.com.tr\/index.php\/wp-json\/wp\/v2\/product_brand?post=775634"},{"taxonomy":"product_cat","embeddable":true,"href":"https:\/\/roveyayinevi.com.tr\/index.php\/wp-json\/wp\/v2\/product_cat?post=775634"},{"taxonomy":"product_tag","embeddable":true,"href":"https:\/\/roveyayinevi.com.tr\/index.php\/wp-json\/wp\/v2\/product_tag?post=775634"}],"curies":[{"name":"wp","href":"https:\/\/api.w.org\/{rel}","templated":true}]}}