{"id":775633,"date":"2025-09-11T17:18:01","date_gmt":"2025-09-11T14:18:01","guid":{"rendered":"https:\/\/roveyayinevi.com.tr\/index.php\/urun\/azicik-aklim-karisti-arkadaslarim-beni-seviyor-mu\/"},"modified":"2026-04-15T03:41:45","modified_gmt":"2026-04-15T00:41:45","slug":"azicik-aklim-karisti-arkadaslarim-beni-seviyor-mu","status":"publish","type":"product","link":"https:\/\/roveyayinevi.com.tr\/index.php\/urun\/azicik-aklim-karisti-arkadaslarim-beni-seviyor-mu\/","title":{"rendered":"Az\u0131c\u0131k Akl\u0131m Kar\u0131\u015ft\u0131 Arkada\u015flar\u0131m Beni Seviyor mu?"},"content":{"rendered":"<p>Az\u0131c\u0131k Akl\u0131m Kar\u0131\u015ft\u0131Arkada\u015flar\u0131m Beni Seviyor Mu?Arkada\u015flar\u0131m\u0131z Bizi Oyuna Almad\u0131\u011f\u0131nda, Oyunun Kurallar\u0131n\u0131 Bozmak \u0130stemediklerinde Akl\u0131m\u0131z Kar\u0131\u015f\u0131r. Arkada\u015flar\u0131m Beni Seviyor Mu?\u2019\u2019 Diye D\u00fc\u015f\u00fcn\u00fcr\u00fcz.Dur \u00dcz\u00fclme,bazen Olur B\u00f6yle.K\u00f6t\u00fc D\u00fc\u015f\u00fcnceleri Kovmaya Yerine G\u00fczellerini Koymaya Ne Dersin?<\/p>\n","protected":false},"excerpt":{"rendered":"<p>Az\u0131c\u0131k Akl\u0131m Kar\u0131\u015ft\u0131Arkada\u015flar\u0131m Beni Seviyor Mu?Arkada\u015flar\u0131m\u0131z Bizi Oyuna Almad\u0131\u011f\u0131nda, Oyunun Kurallar\u0131n\u0131 Bozmak \u0130stemediklerinde Akl\u0131m\u0131z Kar\u0131\u015f\u0131r. Arkada\u015flar\u0131m Beni Seviyor Mu?\u2019\u2019 Diye D\u00fc\u015f\u00fcn\u00fcr\u00fcz.Dur \u00dcz\u00fclme,bazen Olur B\u00f6yle.K\u00f6t\u00fc D\u00fc\u015f\u00fcnceleri Kovmaya<span class=\"excerpt-hellip\"> [\u2026]<\/span><\/p>\n","protected":false},"featured_media":0,"template":"","meta":{"_monsterinsights_skip_tracking":false,"_monsterinsights_sitenote_active":false,"_monsterinsights_sitenote_note":"","_monsterinsights_sitenote_category":0},"product_brand":[],"product_cat":[12274,12284],"product_tag":[],"class_list":{"0":"post-775633","1":"product","2":"type-product","3":"status-publish","5":"product_cat-cocuk-ve-genclik-kitaplari","6":"product_cat-hikayeler","7":"pa_cilt-ciltsiz","8":"pa_tur-kitap","9":"pa_yayinevi-sincap-kitap","10":"pa_yazar-mehmet-teber","12":"first","13":"instock","14":"sale","15":"shipping-taxable","16":"purchasable","17":"product-type-simple"},"_links":{"self":[{"href":"https:\/\/roveyayinevi.com.tr\/index.php\/wp-json\/wp\/v2\/product\/775633","targetHints":{"allow":["GET"]}}],"collection":[{"href":"https:\/\/roveyayinevi.com.tr\/index.php\/wp-json\/wp\/v2\/product"}],"about":[{"href":"https:\/\/roveyayinevi.com.tr\/index.php\/wp-json\/wp\/v2\/types\/product"}],"wp:attachment":[{"href":"https:\/\/roveyayinevi.com.tr\/index.php\/wp-json\/wp\/v2\/media?parent=775633"}],"wp:term":[{"taxonomy":"product_brand","embeddable":true,"href":"https:\/\/roveyayinevi.com.tr\/index.php\/wp-json\/wp\/v2\/product_brand?post=775633"},{"taxonomy":"product_cat","embeddable":true,"href":"https:\/\/roveyayinevi.com.tr\/index.php\/wp-json\/wp\/v2\/product_cat?post=775633"},{"taxonomy":"product_tag","embeddable":true,"href":"https:\/\/roveyayinevi.com.tr\/index.php\/wp-json\/wp\/v2\/product_tag?post=775633"}],"curies":[{"name":"wp","href":"https:\/\/api.w.org\/{rel}","templated":true}]}}