{"id":775632,"date":"2025-09-11T17:17:55","date_gmt":"2025-09-11T14:17:55","guid":{"rendered":"https:\/\/roveyayinevi.com.tr\/index.php\/urun\/genel-kultur-kitabim-buyuyorum\/"},"modified":"2026-04-15T03:41:45","modified_gmt":"2026-04-15T00:41:45","slug":"genel-kultur-kitabim-buyuyorum","status":"publish","type":"product","link":"https:\/\/roveyayinevi.com.tr\/index.php\/urun\/genel-kultur-kitabim-buyuyorum\/","title":{"rendered":"Genel K\u00fclt\u00fcr Kitab\u0131m &#8211; B\u00fcy\u00fcyorum"},"content":{"rendered":"<p>D\u00fcnyay\u0131 ke\u015ffetmeye haz\u0131r m\u0131s\u0131n? Bu uzun bir yolculuk ve her an bamba\u015fka deneyimler kar\u015f\u0131layacak seni. Annenin sesiyle yeni hayat\u0131na al\u0131\u015facaks\u0131n. Etraf\u0131ndaki renkler, kokular, hislerle tan\u0131\u015facaks\u0131n. B\u00fcy\u00fcd\u00fck\u00e7e ihtiya\u00e7lar\u0131n, isteklerin ve al\u0131\u015fkanl\u0131klar\u0131n da de\u011fi\u015fecek. Baz\u0131 yiyecekler \u00e7ok ho\u015funa gidecek. Baz\u0131 kokular seni sakinle\u015ftirecek. Bazen de ya\u015f\u0131n\u0131n gerektirdi\u011fi kadar uyumak sana huzur verecek. Unutma, t\u00fcm bunlar b\u00fcy\u00fcme yolundaki ilk ad\u0131mlar\u0131n. Bu da senin ilk genel k\u00fclt\u00fcr kitab\u0131n\u2026<\/p>\n","protected":false},"excerpt":{"rendered":"<p>D\u00fcnyay\u0131 ke\u015ffetmeye haz\u0131r m\u0131s\u0131n? Bu uzun bir yolculuk ve her an bamba\u015fka deneyimler kar\u015f\u0131layacak seni. Annenin sesiyle yeni hayat\u0131na al\u0131\u015facaks\u0131n. Etraf\u0131ndaki renkler, kokular, hislerle tan\u0131\u015facaks\u0131n. B\u00fcy\u00fcd\u00fck\u00e7e<span class=\"excerpt-hellip\"> [\u2026]<\/span><\/p>\n","protected":false},"featured_media":0,"template":"","meta":{"_monsterinsights_skip_tracking":false,"_monsterinsights_sitenote_active":false,"_monsterinsights_sitenote_note":"","_monsterinsights_sitenote_category":0},"product_brand":[],"product_cat":[12274,12284],"product_tag":[],"class_list":{"0":"post-775632","1":"product","2":"type-product","3":"status-publish","5":"product_cat-cocuk-ve-genclik-kitaplari","6":"product_cat-hikayeler","7":"pa_cilt-ciltsiz","8":"pa_tur-kitap","9":"pa_yayinevi-sincap-kitap","10":"pa_yazar-cagri-odabasi","12":"first","13":"instock","14":"sale","15":"shipping-taxable","16":"purchasable","17":"product-type-simple"},"_links":{"self":[{"href":"https:\/\/roveyayinevi.com.tr\/index.php\/wp-json\/wp\/v2\/product\/775632","targetHints":{"allow":["GET"]}}],"collection":[{"href":"https:\/\/roveyayinevi.com.tr\/index.php\/wp-json\/wp\/v2\/product"}],"about":[{"href":"https:\/\/roveyayinevi.com.tr\/index.php\/wp-json\/wp\/v2\/types\/product"}],"wp:attachment":[{"href":"https:\/\/roveyayinevi.com.tr\/index.php\/wp-json\/wp\/v2\/media?parent=775632"}],"wp:term":[{"taxonomy":"product_brand","embeddable":true,"href":"https:\/\/roveyayinevi.com.tr\/index.php\/wp-json\/wp\/v2\/product_brand?post=775632"},{"taxonomy":"product_cat","embeddable":true,"href":"https:\/\/roveyayinevi.com.tr\/index.php\/wp-json\/wp\/v2\/product_cat?post=775632"},{"taxonomy":"product_tag","embeddable":true,"href":"https:\/\/roveyayinevi.com.tr\/index.php\/wp-json\/wp\/v2\/product_tag?post=775632"}],"curies":[{"name":"wp","href":"https:\/\/api.w.org\/{rel}","templated":true}]}}