{"id":775631,"date":"2025-09-11T17:17:19","date_gmt":"2025-09-11T14:17:19","guid":{"rendered":"https:\/\/roveyayinevi.com.tr\/index.php\/urun\/turizm-isletmelerinde-surdurulebilirlik-ve-buyume\/"},"modified":"2026-04-15T03:41:41","modified_gmt":"2026-04-15T00:41:41","slug":"turizm-isletmelerinde-surdurulebilirlik-ve-buyume","status":"publish","type":"product","link":"https:\/\/roveyayinevi.com.tr\/index.php\/urun\/turizm-isletmelerinde-surdurulebilirlik-ve-buyume\/","title":{"rendered":"Turizm \u0130\u015fletmelerinde S\u00fcrd\u00fcr\u00fclebilirlik Ve B\u00fcy\u00fcme"},"content":{"rendered":"<p>\u0130\u00e7indekiler :     1. B\u00d6L\u00dcM TUR\u0130ZM \u0130\u015eLETMELER\u0130 VE AMA\u00c7LARI   2. B\u00d6L\u00dcM \u0130\u015eLETME AMACI OLARAK B\u00dcY\u00dcME VE S\u00dcRD\u00dcR\u00dcLEB\u0130L\u0130RL\u0130K   3. B\u00d6L\u00dcM TUR\u0130ZM \u0130\u015eLETMELER\u0130NDE B\u00dcY\u00dcME \u015eEK\u0130LLER\u0130   4. B\u00d6L\u00dcM TUR\u0130ZM \u0130\u015eLETMELER\u0130N\u0130N B\u00dcY\u00dcMES\u0130NDE STRATEJ\u0130K YAKLA\u015eIMLAR   5. B\u00d6L\u00dcM TUR\u0130ZMDE \u00c7E\u015e\u0130TLEND\u0130RME STRATEJ\u0130S\u0130   6. B\u00d6L\u00dcM TUR\u0130ZM \u0130\u015eLETMELER\u0130NDE BENCHMARKING VE B\u00dcY\u00dcME     7. B\u00d6L\u00dcM TUR\u0130ZM \u0130\u015eLETMELER\u0130NDE JOINT VENTURE (Ortak Giri\u015fim) VE B\u00dcY\u00dcME   8. B\u00d6L\u00dcM TUR\u0130ZM \u0130\u015eLETMELER\u0130NDE K\u00dc\u00c7\u00dcLEREK (DOWNSIZING) B\u00dcY\u00dcME   9. B\u00d6L\u00dcM TUR\u0130ZMDE D\u0130J\u0130TAL D\u00d6N\u00dc\u015e\u00dcM: TEKNOLOJ\u0130K GEL\u0130\u015eMELER, STRATEJ\u0130LER VE GELECEK Y\u00d6NEL\u0130MLER\u0130   10. B\u00d6L\u00dcM TUR\u0130ZM \u0130\u015eLETMELER\u0130NDE YEN\u0130L\u0130K, YARATICILIK VE B\u00dcY\u00dcME <\/p>\n","protected":false},"excerpt":{"rendered":"<p>\u0130\u00e7indekiler : 1. B\u00d6L\u00dcM TUR\u0130ZM \u0130\u015eLETMELER\u0130 VE AMA\u00c7LARI 2. B\u00d6L\u00dcM \u0130\u015eLETME AMACI OLARAK B\u00dcY\u00dcME VE S\u00dcRD\u00dcR\u00dcLEB\u0130L\u0130RL\u0130K 3. B\u00d6L\u00dcM TUR\u0130ZM \u0130\u015eLETMELER\u0130NDE B\u00dcY\u00dcME \u015eEK\u0130LLER\u0130 4. B\u00d6L\u00dcM TUR\u0130ZM \u0130\u015eLETMELER\u0130N\u0130N<span class=\"excerpt-hellip\"> [\u2026]<\/span><\/p>\n","protected":false},"featured_media":0,"template":"","meta":{"_monsterinsights_skip_tracking":false,"_monsterinsights_sitenote_active":false,"_monsterinsights_sitenote_note":"","_monsterinsights_sitenote_category":0},"product_brand":[],"product_cat":[13043],"product_tag":[],"class_list":{"0":"post-775631","1":"product","2":"type-product","3":"status-publish","5":"product_cat-ekonomi","6":"pa_cilt-ciltsiz","7":"pa_tur-kitap","8":"pa_yayinevi-gazi-kitabevi","9":"pa_yazar-kolektif","11":"first","12":"instock","13":"sale","14":"shipping-taxable","15":"purchasable","16":"product-type-simple"},"_links":{"self":[{"href":"https:\/\/roveyayinevi.com.tr\/index.php\/wp-json\/wp\/v2\/product\/775631","targetHints":{"allow":["GET"]}}],"collection":[{"href":"https:\/\/roveyayinevi.com.tr\/index.php\/wp-json\/wp\/v2\/product"}],"about":[{"href":"https:\/\/roveyayinevi.com.tr\/index.php\/wp-json\/wp\/v2\/types\/product"}],"wp:attachment":[{"href":"https:\/\/roveyayinevi.com.tr\/index.php\/wp-json\/wp\/v2\/media?parent=775631"}],"wp:term":[{"taxonomy":"product_brand","embeddable":true,"href":"https:\/\/roveyayinevi.com.tr\/index.php\/wp-json\/wp\/v2\/product_brand?post=775631"},{"taxonomy":"product_cat","embeddable":true,"href":"https:\/\/roveyayinevi.com.tr\/index.php\/wp-json\/wp\/v2\/product_cat?post=775631"},{"taxonomy":"product_tag","embeddable":true,"href":"https:\/\/roveyayinevi.com.tr\/index.php\/wp-json\/wp\/v2\/product_tag?post=775631"}],"curies":[{"name":"wp","href":"https:\/\/api.w.org\/{rel}","templated":true}]}}