{"id":775630,"date":"2025-09-11T17:16:28","date_gmt":"2025-09-11T14:16:28","guid":{"rendered":"https:\/\/roveyayinevi.com.tr\/index.php\/urun\/bu-benim-yolum\/"},"modified":"2026-04-15T03:41:36","modified_gmt":"2026-04-15T00:41:36","slug":"bu-benim-yolum","status":"publish","type":"product","link":"https:\/\/roveyayinevi.com.tr\/index.php\/urun\/bu-benim-yolum\/","title":{"rendered":"Bu Benim Yolum"},"content":{"rendered":"<p>Yaln\u0131zl\u0131ktan korkard\u0131m. Ka\u00e7ard\u0131m yaln\u0131z kalmaktan. Doldururdum her dakikas\u0131n\u0131 nefesimin, Ayaktayken kendimin. Me\u011fer yaln\u0131z kalmal\u0131ym\u0131\u015f insan. Yaln\u0131z kal\u0131p dinlemeli, anlamal\u0131ym\u0131\u015f. Kendini bulmal\u0131ym\u0131\u015f, Ke\u015ffetmeliymi\u015f. \u0130\u00e7indeki; iyiyi, k\u00f6t\u00fcy\u00fc. Yaln\u0131zl\u0131km\u0131\u015f insana kendini bulduran. Hatalar\u0131n\u0131, h\u0131rslar\u0131n\u0131, ama\u00e7lar\u0131n\u0131. En \u00f6nemlisi de hi\u00e7 ama hi\u00e7  Yaln\u0131z olmad\u0131\u011f\u0131n\u0131 anlatan, Yaln\u0131z\u0131m demek, kendini kand\u0131rmakm\u0131\u015f. En b\u00fcy\u00fck yaradan yan\u0131ndayken Kendini yaln\u0131zl\u0131\u011fa inand\u0131rmakm\u0131\u015f. Yaln\u0131z sand\u0131\u011f\u0131m,  Ama hi\u00e7 yaln\u0131z olmad\u0131\u011f\u0131m yaln\u0131zl\u0131\u011f\u0131m, Hep benimle kal Seni seviyorum. <\/p>\n","protected":false},"excerpt":{"rendered":"<p>Yaln\u0131zl\u0131ktan korkard\u0131m. Ka\u00e7ard\u0131m yaln\u0131z kalmaktan. Doldururdum her dakikas\u0131n\u0131 nefesimin, Ayaktayken kendimin. Me\u011fer yaln\u0131z kalmal\u0131ym\u0131\u015f insan. Yaln\u0131z kal\u0131p dinlemeli, anlamal\u0131ym\u0131\u015f. Kendini bulmal\u0131ym\u0131\u015f, Ke\u015ffetmeliymi\u015f. \u0130\u00e7indeki; iyiyi, k\u00f6t\u00fcy\u00fc. Yaln\u0131zl\u0131km\u0131\u015f<span class=\"excerpt-hellip\"> [\u2026]<\/span><\/p>\n","protected":false},"featured_media":0,"template":"","meta":{"_monsterinsights_skip_tracking":false,"_monsterinsights_sitenote_active":false,"_monsterinsights_sitenote_note":"","_monsterinsights_sitenote_category":0},"product_brand":[],"product_cat":[12291,12509],"product_tag":[],"class_list":{"0":"post-775630","1":"product","2":"type-product","3":"status-publish","5":"product_cat-edebiyat","6":"product_cat-siir","7":"pa_cilt-ciltsiz","8":"pa_tur-kitap","9":"pa_yayinevi-gulnar-yayinlari","10":"pa_yazar-fatma-tokgoz","12":"first","13":"instock","14":"sale","15":"shipping-taxable","16":"purchasable","17":"product-type-simple"},"_links":{"self":[{"href":"https:\/\/roveyayinevi.com.tr\/index.php\/wp-json\/wp\/v2\/product\/775630","targetHints":{"allow":["GET"]}}],"collection":[{"href":"https:\/\/roveyayinevi.com.tr\/index.php\/wp-json\/wp\/v2\/product"}],"about":[{"href":"https:\/\/roveyayinevi.com.tr\/index.php\/wp-json\/wp\/v2\/types\/product"}],"wp:attachment":[{"href":"https:\/\/roveyayinevi.com.tr\/index.php\/wp-json\/wp\/v2\/media?parent=775630"}],"wp:term":[{"taxonomy":"product_brand","embeddable":true,"href":"https:\/\/roveyayinevi.com.tr\/index.php\/wp-json\/wp\/v2\/product_brand?post=775630"},{"taxonomy":"product_cat","embeddable":true,"href":"https:\/\/roveyayinevi.com.tr\/index.php\/wp-json\/wp\/v2\/product_cat?post=775630"},{"taxonomy":"product_tag","embeddable":true,"href":"https:\/\/roveyayinevi.com.tr\/index.php\/wp-json\/wp\/v2\/product_tag?post=775630"}],"curies":[{"name":"wp","href":"https:\/\/api.w.org\/{rel}","templated":true}]}}