{"id":775629,"date":"2025-09-11T17:10:34","date_gmt":"2025-09-11T14:10:34","guid":{"rendered":"https:\/\/roveyayinevi.com.tr\/index.php\/urun\/kemerde-biriktirdiklerim\/"},"modified":"2026-04-15T03:39:27","modified_gmt":"2026-04-15T00:39:27","slug":"kemerde-biriktirdiklerim","status":"publish","type":"product","link":"https:\/\/roveyayinevi.com.tr\/index.php\/urun\/kemerde-biriktirdiklerim\/","title":{"rendered":"Kemer\u2019de Biriktirdiklerim"},"content":{"rendered":"<p>Kemer\u2019in \u00f6zellikle 1970\u2019lerin sonunda ba\u015flayan ve 1990\u2019lar\u0131n sonuna kadar s\u00fcren butik turizm y\u0131llar\u0131, milenyumun ilk y\u0131llar\u0131ndan itibaren her \u015fey dahil sistem ve buna paralel olarak geli\u015fen mas turizmin etkisi ile de\u011fi\u015fmeye, farkl\u0131l\u0131k g\u00f6stermeye ba\u015flad\u0131. \u00c7\u0131\u011f gibi b\u00fcy\u00fcyen yatak kapasitesi, planlamalar\u0131n \u00e7ok d\u0131\u015f\u0131na \u00e7\u0131kan altyap\u0131 g\u00fcc\u00fc ile Kemer kan kaybetmeye devam etti. Elinizde tuttu\u011funuz kitap Kemer\u2019in 2000\u2019li y\u0131llar\u0131n ba\u015f\u0131ndan g\u00fcn\u00fcm\u00fcze kadar akan s\u00fcreci siyasi, k\u00fclt\u00fcrel ve ekonomik olarak irdeleyen bir kent belle\u011fi olma \u00f6zelli\u011fini ta\u015f\u0131yor.   2000 y\u0131l\u0131n\u0131n ba\u015f\u0131ndan itibaren kentin ve kentlinin sorunlar\u0131n\u0131 k\u00f6\u015fesine ta\u015f\u0131yan Gazeteci Saffet Yenig\u00fcn\u2019\u00fcn kaleme ald\u0131\u011f\u0131 k\u00f6\u015fe yaz\u0131lar\u0131 ile olu\u015fturulan \u201cKemer\u2019de Biriktirdiklerim\u201d, yaln\u0131zca bir b\u00f6lgeyi de\u011fil, zamanla de\u011fi\u015fen, d\u00f6n\u00fc\u015fen bir toplumun izlerini sat\u0131rlara ta\u015f\u0131yor.   Gazeteci-yazar Saffet Yenig\u00fcn, y\u0131llar boyunca Kemer\u2019de tuttu\u011fu notlar\u0131, tan\u0131kl\u0131k etti\u011fi olaylar\u0131 ve k\u00f6\u015fe yaz\u0131lar\u0131n\u0131 bir araya getirerek bize hem ki\u015fisel bir belle\u011fi hem de toplumsal bir haf\u0131zay\u0131 sunuyor. Turizmden siyasete, do\u011fadan k\u00fclt\u00fcre uzanan bu derleme; bir k\u0131y\u0131 kasabas\u0131n\u0131n nas\u0131l d\u00f6n\u00fc\u015ft\u00fc\u011f\u00fcn\u00fc anlamak isteyen herkes i\u00e7in samimi, yerel ama bir o kadar da evrensel bir anlat\u0131. <\/p>\n","protected":false},"excerpt":{"rendered":"<p>Kemer\u2019in \u00f6zellikle 1970\u2019lerin sonunda ba\u015flayan ve 1990\u2019lar\u0131n sonuna kadar s\u00fcren butik turizm y\u0131llar\u0131, milenyumun ilk y\u0131llar\u0131ndan itibaren her \u015fey dahil sistem ve buna paralel olarak geli\u015fen<span class=\"excerpt-hellip\"> [\u2026]<\/span><\/p>\n","protected":false},"featured_media":0,"template":"","meta":{"_monsterinsights_skip_tracking":false,"_monsterinsights_sitenote_active":false,"_monsterinsights_sitenote_note":"","_monsterinsights_sitenote_category":0},"product_brand":[],"product_cat":[12777,12291],"product_tag":[],"class_list":{"0":"post-775629","1":"product","2":"type-product","3":"status-publish","5":"product_cat-deneme","6":"product_cat-edebiyat","7":"pa_cilt-ciltsiz","8":"pa_tur-kitap","9":"pa_yayinevi-karinca-yayinlari","10":"pa_yazar-saffet-yenigun","12":"first","13":"instock","14":"sale","15":"shipping-taxable","16":"purchasable","17":"product-type-simple"},"_links":{"self":[{"href":"https:\/\/roveyayinevi.com.tr\/index.php\/wp-json\/wp\/v2\/product\/775629","targetHints":{"allow":["GET"]}}],"collection":[{"href":"https:\/\/roveyayinevi.com.tr\/index.php\/wp-json\/wp\/v2\/product"}],"about":[{"href":"https:\/\/roveyayinevi.com.tr\/index.php\/wp-json\/wp\/v2\/types\/product"}],"wp:attachment":[{"href":"https:\/\/roveyayinevi.com.tr\/index.php\/wp-json\/wp\/v2\/media?parent=775629"}],"wp:term":[{"taxonomy":"product_brand","embeddable":true,"href":"https:\/\/roveyayinevi.com.tr\/index.php\/wp-json\/wp\/v2\/product_brand?post=775629"},{"taxonomy":"product_cat","embeddable":true,"href":"https:\/\/roveyayinevi.com.tr\/index.php\/wp-json\/wp\/v2\/product_cat?post=775629"},{"taxonomy":"product_tag","embeddable":true,"href":"https:\/\/roveyayinevi.com.tr\/index.php\/wp-json\/wp\/v2\/product_tag?post=775629"}],"curies":[{"name":"wp","href":"https:\/\/api.w.org\/{rel}","templated":true}]}}