{"id":775624,"date":"2025-09-11T15:12:53","date_gmt":"2025-09-11T12:12:53","guid":{"rendered":"https:\/\/roveyayinevi.com.tr\/index.php\/urun\/benim-pop-it-kitabim-ayi-bogi\/"},"modified":"2026-04-16T03:08:17","modified_gmt":"2026-04-16T00:08:17","slug":"benim-pop-it-kitabim-ayi-bogi","status":"publish","type":"product","link":"https:\/\/roveyayinevi.com.tr\/index.php\/urun\/benim-pop-it-kitabim-ayi-bogi\/","title":{"rendered":"Benim Pop-it Kitab\u0131m &#8211; Ay\u0131 Bogi"},"content":{"rendered":"<p>Ormandaki sevimli dostumuz Ay\u0131 Bogi, iki oyun merakl\u0131s\u0131 yavrusu ve di\u011fer hayvan arkada\u015flar\u0131, hepsi bu macerada!Sen de minik parmaklar\u0131nla Ay\u0131 Bogi\u2019nin karn\u0131na dokunarak ona yard\u0131mc\u0131 ol.Haydi, kitab\u0131 a\u00e7 ve pop-it ile maceraya ba\u015fla!<\/p>\n","protected":false},"excerpt":{"rendered":"<p>Ormandaki sevimli dostumuz Ay\u0131 Bogi, iki oyun merakl\u0131s\u0131 yavrusu ve di\u011fer hayvan arkada\u015flar\u0131, hepsi bu macerada!Sen de minik parmaklar\u0131nla Ay\u0131 Bogi\u2019nin karn\u0131na dokunarak ona yard\u0131mc\u0131 ol.Haydi,<span class=\"excerpt-hellip\"> [\u2026]<\/span><\/p>\n","protected":false},"featured_media":0,"template":"","meta":{"_monsterinsights_skip_tracking":false,"_monsterinsights_sitenote_active":false,"_monsterinsights_sitenote_note":"","_monsterinsights_sitenote_category":0},"product_brand":[],"product_cat":[12274,15842],"product_tag":[],"class_list":{"0":"post-775624","1":"product","2":"type-product","3":"status-publish","5":"product_cat-cocuk-ve-genclik-kitaplari","6":"product_cat-egitici-kitaplar","7":"pa_cilt-ciltsiz","8":"pa_tur-kitap","9":"pa_yayinevi-bi-kutu-oyun","10":"pa_yazar-esra-canoglu","12":"first","13":"instock","14":"sale","15":"shipping-taxable","16":"purchasable","17":"product-type-simple"},"_links":{"self":[{"href":"https:\/\/roveyayinevi.com.tr\/index.php\/wp-json\/wp\/v2\/product\/775624","targetHints":{"allow":["GET"]}}],"collection":[{"href":"https:\/\/roveyayinevi.com.tr\/index.php\/wp-json\/wp\/v2\/product"}],"about":[{"href":"https:\/\/roveyayinevi.com.tr\/index.php\/wp-json\/wp\/v2\/types\/product"}],"wp:attachment":[{"href":"https:\/\/roveyayinevi.com.tr\/index.php\/wp-json\/wp\/v2\/media?parent=775624"}],"wp:term":[{"taxonomy":"product_brand","embeddable":true,"href":"https:\/\/roveyayinevi.com.tr\/index.php\/wp-json\/wp\/v2\/product_brand?post=775624"},{"taxonomy":"product_cat","embeddable":true,"href":"https:\/\/roveyayinevi.com.tr\/index.php\/wp-json\/wp\/v2\/product_cat?post=775624"},{"taxonomy":"product_tag","embeddable":true,"href":"https:\/\/roveyayinevi.com.tr\/index.php\/wp-json\/wp\/v2\/product_tag?post=775624"}],"curies":[{"name":"wp","href":"https:\/\/api.w.org\/{rel}","templated":true}]}}