{"id":775622,"date":"2025-09-11T15:01:58","date_gmt":"2025-09-11T12:01:58","guid":{"rendered":"https:\/\/roveyayinevi.com.tr\/index.php\/urun\/evden-uzakta-ilk-macera-okul\/"},"modified":"2026-04-16T03:06:44","modified_gmt":"2026-04-16T00:06:44","slug":"evden-uzakta-ilk-macera-okul","status":"publish","type":"product","link":"https:\/\/roveyayinevi.com.tr\/index.php\/urun\/evden-uzakta-ilk-macera-okul\/","title":{"rendered":"Evden Uzakta \u0130lk Macera: Okul"},"content":{"rendered":"<p>Bir ayr\u0131\u015fma ba\u015flang\u0131c\u0131 olarak kabul edebilece\u011fimiz okul sanc\u0131l\u0131 bir s\u00fcreci beraberinde getirir ve bus\u00fcre\u00e7te kitaplar\u0131 yard\u0131mc\u0131 olarak kullanmak faydal\u0131 olabilir.Bu kitap, okula ba\u015flayacak olan \u00e7ocu\u011funuza ve okul d\u00f6nemine eri\u015fmi\u015f bir \u00e7ocuk sahibi olan siz ebeveynlereyard\u0131mc\u0131 olmak i\u00e7in yaz\u0131ld\u0131. Kitap sizden \u00e7ocuklar\u0131n\u0131za g\u00f6nderilen bir mektup gibi kaleme al\u0131nd\u0131 vei\u00e7eri\u011fi, okula dair tavsiyelerin ve bilgilendirmelerin bulundu\u011fu k\u0131sa metinlerden olu\u015fuyor. G\u00fczel birba\u015flang\u0131\u00e7 ya\u015faman\u0131z dile\u011fiyle\u2026Keyifli okumalar dileriz.PsikologCihan \u00c7elik ve Sena \u00d6ncel \u00d6zsoy<\/p>\n","protected":false},"excerpt":{"rendered":"<p>Bir ayr\u0131\u015fma ba\u015flang\u0131c\u0131 olarak kabul edebilece\u011fimiz okul sanc\u0131l\u0131 bir s\u00fcreci beraberinde getirir ve bus\u00fcre\u00e7te kitaplar\u0131 yard\u0131mc\u0131 olarak kullanmak faydal\u0131 olabilir.Bu kitap, okula ba\u015flayacak olan \u00e7ocu\u011funuza ve<span class=\"excerpt-hellip\"> [\u2026]<\/span><\/p>\n","protected":false},"featured_media":0,"template":"","meta":{"_monsterinsights_skip_tracking":false,"_monsterinsights_sitenote_active":false,"_monsterinsights_sitenote_note":"","_monsterinsights_sitenote_category":0},"product_brand":[],"product_cat":[12274,12284],"product_tag":[],"class_list":{"0":"post-775622","1":"product","2":"type-product","3":"status-publish","5":"product_cat-cocuk-ve-genclik-kitaplari","6":"product_cat-hikayeler","7":"pa_cilt-ciltsiz","8":"pa_tur-kitap","9":"pa_yayinevi-timas-cocuk","10":"pa_yazar-cihan-celik-sena-oncel-ozsoy","12":"first","13":"instock","14":"sale","15":"shipping-taxable","16":"purchasable","17":"product-type-simple"},"_links":{"self":[{"href":"https:\/\/roveyayinevi.com.tr\/index.php\/wp-json\/wp\/v2\/product\/775622","targetHints":{"allow":["GET"]}}],"collection":[{"href":"https:\/\/roveyayinevi.com.tr\/index.php\/wp-json\/wp\/v2\/product"}],"about":[{"href":"https:\/\/roveyayinevi.com.tr\/index.php\/wp-json\/wp\/v2\/types\/product"}],"wp:attachment":[{"href":"https:\/\/roveyayinevi.com.tr\/index.php\/wp-json\/wp\/v2\/media?parent=775622"}],"wp:term":[{"taxonomy":"product_brand","embeddable":true,"href":"https:\/\/roveyayinevi.com.tr\/index.php\/wp-json\/wp\/v2\/product_brand?post=775622"},{"taxonomy":"product_cat","embeddable":true,"href":"https:\/\/roveyayinevi.com.tr\/index.php\/wp-json\/wp\/v2\/product_cat?post=775622"},{"taxonomy":"product_tag","embeddable":true,"href":"https:\/\/roveyayinevi.com.tr\/index.php\/wp-json\/wp\/v2\/product_tag?post=775622"}],"curies":[{"name":"wp","href":"https:\/\/api.w.org\/{rel}","templated":true}]}}