{"id":775617,"date":"2025-09-11T06:34:08","date_gmt":"2025-09-11T03:34:08","guid":{"rendered":"https:\/\/roveyayinevi.com.tr\/index.php\/urun\/ekonomi-ve-toplum-topluluklar\/"},"modified":"2026-04-15T03:42:32","modified_gmt":"2026-04-15T00:42:32","slug":"ekonomi-ve-toplum-topluluklar","status":"publish","type":"product","link":"https:\/\/roveyayinevi.com.tr\/index.php\/urun\/ekonomi-ve-toplum-topluluklar\/","title":{"rendered":"Ekonomi ve Toplum: Topluluklar"},"content":{"rendered":"<p>Max Weber\u2019in sosyolojiye kazand\u0131rd\u0131\u011f\u0131 en kapsaml\u0131 ve etkili \u00e7al\u0131\u015fmalardan biri olan Ekonomi ve Toplum, modern toplumun yap\u0131 ta\u015flar\u0131n\u0131 anlamaya y\u00f6nelik e\u015fsiz bir giri\u015fimdir.Ciltlere yay\u0131lan bu e\u015fsiz giri\u015fimin elinizdeki bu ilk cildi, Weber\u2019in \u00f6l\u00fcm\u00fcnden sonra yay\u0131mlanan metinlerinden olu\u015fur ve onun \u201ctopluluk\u201d ve \u201ckolektif topluluk eylemi\u201d kavramlar\u0131 etraf\u0131nda \u015fekillendirdi\u011fi sosyolojik analizleri bir araya getirir.Weber bu ciltte, ekonomik eylemlerin yaln\u0131zca bireysel \u00e7\u0131karlarla de\u011fil; geleneksel, duygusal ve de\u011fer temelli ba\u011fl\u0131l\u0131klarla da bi\u00e7imlendi\u011fini ortaya koyar. Hanehalk\u0131 topluluklar\u0131ndan etnik gruplara, k\u00f6y cemiyetlerinden siyasal partilere uzanan geni\u015f bir yelpazede toplumsal birliktelikleri inceler.Kom\u015fuluk ili\u015fkilerinden pazara, s\u0131n\u0131f ve z\u00fcmrelerden \u0131rk ve uluslara kadar pek \u00e7ok yap\u0131, Weber\u2019in sistematik ve tipolojik yakla\u015f\u0131m\u0131yla derinlemesine ele al\u0131n\u0131r.Bu eser, sadece sosyoloji ve ekonomi merakl\u0131lar\u0131 i\u00e7in de\u011fil; toplumsal d\u00fczenin dinamiklerini, tarihsel d\u00f6n\u00fc\u015f\u00fcmlerini ve g\u00fc\u00e7 ili\u015fkilerini anlamak isteyen herkes i\u00e7in vazge\u00e7ilmez bir kaynakt\u0131r. Weber\u2019in d\u00fc\u015f\u00fcnce d\u00fcnyas\u0131na a\u00e7\u0131lan bu kap\u0131, nihai dura\u011f\u0131 modern toplum olan topluluk formasyonlar\u0131n\u0131n anla\u015f\u0131lmas\u0131nda h\u00e2l\u00e2 e\u015fsiz bir rehberdir. Bu anlam\u0131yla hem klasik hem de \u00e7a\u011fda\u015f bir eser niteli\u011fini haizdir.<\/p>\n","protected":false},"excerpt":{"rendered":"<p>Max Weber\u2019in sosyolojiye kazand\u0131rd\u0131\u011f\u0131 en kapsaml\u0131 ve etkili \u00e7al\u0131\u015fmalardan biri olan Ekonomi ve Toplum, modern toplumun yap\u0131 ta\u015flar\u0131n\u0131 anlamaya y\u00f6nelik e\u015fsiz bir giri\u015fimdir.Ciltlere yay\u0131lan bu e\u015fsiz<span class=\"excerpt-hellip\"> [\u2026]<\/span><\/p>\n","protected":false},"featured_media":0,"template":"","meta":{"_monsterinsights_skip_tracking":false,"_monsterinsights_sitenote_active":false,"_monsterinsights_sitenote_note":"","_monsterinsights_sitenote_category":0},"product_brand":[],"product_cat":[13043,17647],"product_tag":[],"class_list":{"0":"post-775617","1":"product","2":"type-product","3":"status-publish","5":"product_cat-ekonomi","6":"product_cat-is-dunyasi","7":"pa_cilt-ciltsiz","8":"pa_tur-kitap","9":"pa_yayinevi-albaraka-yayinlari","10":"pa_yazar-max-weber","12":"first","13":"instock","14":"sale","15":"shipping-taxable","16":"purchasable","17":"product-type-simple"},"_links":{"self":[{"href":"https:\/\/roveyayinevi.com.tr\/index.php\/wp-json\/wp\/v2\/product\/775617","targetHints":{"allow":["GET"]}}],"collection":[{"href":"https:\/\/roveyayinevi.com.tr\/index.php\/wp-json\/wp\/v2\/product"}],"about":[{"href":"https:\/\/roveyayinevi.com.tr\/index.php\/wp-json\/wp\/v2\/types\/product"}],"wp:attachment":[{"href":"https:\/\/roveyayinevi.com.tr\/index.php\/wp-json\/wp\/v2\/media?parent=775617"}],"wp:term":[{"taxonomy":"product_brand","embeddable":true,"href":"https:\/\/roveyayinevi.com.tr\/index.php\/wp-json\/wp\/v2\/product_brand?post=775617"},{"taxonomy":"product_cat","embeddable":true,"href":"https:\/\/roveyayinevi.com.tr\/index.php\/wp-json\/wp\/v2\/product_cat?post=775617"},{"taxonomy":"product_tag","embeddable":true,"href":"https:\/\/roveyayinevi.com.tr\/index.php\/wp-json\/wp\/v2\/product_tag?post=775617"}],"curies":[{"name":"wp","href":"https:\/\/api.w.org\/{rel}","templated":true}]}}