{"id":775615,"date":"2025-09-11T06:34:06","date_gmt":"2025-09-11T03:34:06","guid":{"rendered":"https:\/\/roveyayinevi.com.tr\/index.php\/urun\/ataturk-ajandasi-2026-ciltli\/"},"modified":"2025-09-11T17:19:14","modified_gmt":"2025-09-11T14:19:14","slug":"ataturk-ajandasi-2026-ciltli","status":"publish","type":"product","link":"https:\/\/roveyayinevi.com.tr\/index.php\/urun\/ataturk-ajandasi-2026-ciltli\/","title":{"rendered":"Atat\u00fcrk Ajandas\u0131 2026 (Ciltli)"},"content":{"rendered":"<p>Atat\u00fcrk\u2019\u00fcn \u00f6nderli\u011fini \u00e7al\u0131\u015fma hayat\u0131n\u0131z da da hissetmeniz amac\u0131yla \u00fcretilmi\u015ftir. \u2022 G\u00fcnl\u00fck ajanda olarak kullan\u0131lmak \u00fczere haz\u0131rlanm\u0131\u015ft\u0131r. \u2022 17&#215;24 Sert kapak. \u00dcr\u00fcn\u00fcm\u00fcz g\u00fcnl\u00fck ajanda olarak \u00f6zel ka\u011f\u0131da \u00fcretilmi\u015ftir. \u2022 \u00d6zel Atat\u00fcrk kenar boyamas\u0131yla \u015f\u0131k bir g\u00f6r\u00fcnt\u00fc sa\u011flar. \u2022 Ki\u015fisel bilgileriniz yazabilece\u011finiz b\u00f6l\u00fcm mevcuttur. \u2022 Y\u0131ll\u0131k planlar\u0131n\u0131z\u0131 yapabilece\u011finiz b\u00f6l\u00fcmleri mevcuttur. \u2022 \u00d6zel g\u00fcnler b\u00f6l\u00fcm\u00fc olarak b\u00f6l\u00fcm ayr\u0131lm\u0131\u015ft\u0131r. \u2022 Her g\u00fcne ait sayfada Atat\u00fcrk\u2019\u00fcn bir s\u00f6z\u00fc yaz\u0131lm\u0131\u015ft\u0131r.<\/p>\n","protected":false},"excerpt":{"rendered":"<p>Atat\u00fcrk\u2019\u00fcn \u00f6nderli\u011fini \u00e7al\u0131\u015fma hayat\u0131n\u0131z da da hissetmeniz amac\u0131yla \u00fcretilmi\u015ftir. \u2022 G\u00fcnl\u00fck ajanda olarak kullan\u0131lmak \u00fczere haz\u0131rlanm\u0131\u015ft\u0131r. \u2022 17&#215;24 Sert kapak. \u00dcr\u00fcn\u00fcm\u00fcz g\u00fcnl\u00fck ajanda olarak \u00f6zel ka\u011f\u0131da<span class=\"excerpt-hellip\"> [\u2026]<\/span><\/p>\n","protected":false},"featured_media":0,"template":"","meta":{"_monsterinsights_skip_tracking":false,"_monsterinsights_sitenote_active":false,"_monsterinsights_sitenote_note":"","_monsterinsights_sitenote_category":0},"product_brand":[],"product_cat":[28265,15563],"product_tag":[],"class_list":{"0":"post-775615","1":"product","2":"type-product","3":"status-publish","5":"product_cat-diger-hobi","6":"product_cat-hobi","7":"pa_cilt-ciltli","8":"pa_tur-kitap20","9":"pa_yayinevi-halk-kitabevi","10":"pa_yazar-kolektif","12":"first","13":"instock","14":"sale","15":"shipping-taxable","16":"purchasable","17":"product-type-simple"},"_links":{"self":[{"href":"https:\/\/roveyayinevi.com.tr\/index.php\/wp-json\/wp\/v2\/product\/775615","targetHints":{"allow":["GET"]}}],"collection":[{"href":"https:\/\/roveyayinevi.com.tr\/index.php\/wp-json\/wp\/v2\/product"}],"about":[{"href":"https:\/\/roveyayinevi.com.tr\/index.php\/wp-json\/wp\/v2\/types\/product"}],"wp:attachment":[{"href":"https:\/\/roveyayinevi.com.tr\/index.php\/wp-json\/wp\/v2\/media?parent=775615"}],"wp:term":[{"taxonomy":"product_brand","embeddable":true,"href":"https:\/\/roveyayinevi.com.tr\/index.php\/wp-json\/wp\/v2\/product_brand?post=775615"},{"taxonomy":"product_cat","embeddable":true,"href":"https:\/\/roveyayinevi.com.tr\/index.php\/wp-json\/wp\/v2\/product_cat?post=775615"},{"taxonomy":"product_tag","embeddable":true,"href":"https:\/\/roveyayinevi.com.tr\/index.php\/wp-json\/wp\/v2\/product_tag?post=775615"}],"curies":[{"name":"wp","href":"https:\/\/api.w.org\/{rel}","templated":true}]}}