{"id":775610,"date":"2025-09-11T06:33:45","date_gmt":"2025-09-11T03:33:45","guid":{"rendered":"https:\/\/roveyayinevi.com.tr\/index.php\/urun\/ataturk-olmeseydi\/"},"modified":"2026-03-13T03:21:03","modified_gmt":"2026-03-13T00:21:03","slug":"ataturk-olmeseydi","status":"publish","type":"product","link":"https:\/\/roveyayinevi.com.tr\/index.php\/urun\/ataturk-olmeseydi\/","title":{"rendered":"Atat\u00fcrk \u00d6lmeseydi"},"content":{"rendered":"<p>Evet, Atat\u00fcrk hakl\u0131yd\u0131, bu \u00e7ark iyi d\u00f6nm\u00fcyordu. Bir yerlerde bir terslik olmal\u0131yd\u0131. Yoksa yeralt\u0131 ve yer \u00fcst\u00fc kaynaklar\u0131yla bu kadar \u00e7ok imk\u00e2na sahip olan \u00fclkemizin vatanda\u015flar\u0131 bu kadar zor ko\u015fullarda ya\u015famaya mecbur olabilir miydi? \u0130kinci D\u00fcnya Sava\u015f\u0131\u2019yla yerle bir olan \u00fclkelerin geldi\u011fi konum ortadayken bizim h\u00e2l\u00e2 emekliyor olu\u015fumuzun izah\u0131 ne olabilir ki? Bunu sorgulamadan, bunun cevab\u0131n\u0131 bulup \u00e7\u00f6z\u00fcm\u00fcn\u00fc \u00fcretmeden bu sorunlar\u0131n \u00e7\u00f6z\u00fcm\u00fc kolay m\u0131? <\/p>\n","protected":false},"excerpt":{"rendered":"<p>Evet, Atat\u00fcrk hakl\u0131yd\u0131, bu \u00e7ark iyi d\u00f6nm\u00fcyordu. Bir yerlerde bir terslik olmal\u0131yd\u0131. Yoksa yeralt\u0131 ve yer \u00fcst\u00fc kaynaklar\u0131yla bu kadar \u00e7ok imk\u00e2na sahip olan \u00fclkemizin vatanda\u015flar\u0131<span class=\"excerpt-hellip\"> [\u2026]<\/span><\/p>\n","protected":false},"featured_media":0,"template":"","meta":{"_monsterinsights_skip_tracking":false,"_monsterinsights_sitenote_active":false,"_monsterinsights_sitenote_note":"","_monsterinsights_sitenote_category":0},"product_brand":[],"product_cat":[12530,12304],"product_tag":[],"class_list":{"0":"post-775610","1":"product","2":"type-product","3":"status-publish","5":"product_cat-mustafa-kemal-ataturk","6":"product_cat-tarih","7":"pa_cilt-ciltsiz","8":"pa_tur-kitap","9":"pa_yayinevi-eflatun-kitaplar","10":"pa_yazar-adnan-oz","12":"first","13":"instock","14":"sale","15":"shipping-taxable","16":"purchasable","17":"product-type-simple"},"_links":{"self":[{"href":"https:\/\/roveyayinevi.com.tr\/index.php\/wp-json\/wp\/v2\/product\/775610","targetHints":{"allow":["GET"]}}],"collection":[{"href":"https:\/\/roveyayinevi.com.tr\/index.php\/wp-json\/wp\/v2\/product"}],"about":[{"href":"https:\/\/roveyayinevi.com.tr\/index.php\/wp-json\/wp\/v2\/types\/product"}],"wp:attachment":[{"href":"https:\/\/roveyayinevi.com.tr\/index.php\/wp-json\/wp\/v2\/media?parent=775610"}],"wp:term":[{"taxonomy":"product_brand","embeddable":true,"href":"https:\/\/roveyayinevi.com.tr\/index.php\/wp-json\/wp\/v2\/product_brand?post=775610"},{"taxonomy":"product_cat","embeddable":true,"href":"https:\/\/roveyayinevi.com.tr\/index.php\/wp-json\/wp\/v2\/product_cat?post=775610"},{"taxonomy":"product_tag","embeddable":true,"href":"https:\/\/roveyayinevi.com.tr\/index.php\/wp-json\/wp\/v2\/product_tag?post=775610"}],"curies":[{"name":"wp","href":"https:\/\/api.w.org\/{rel}","templated":true}]}}